{"id":17337,"date":"2025-12-03T12:47:20","date_gmt":"2025-12-03T12:47:20","guid":{"rendered":"https:\/\/enlineabarcelona.com\/?post_type=product&#038;p=17337"},"modified":"2025-12-03T12:48:38","modified_gmt":"2025-12-03T12:48:38","slug":"mesita-de-noche-toshi","status":"publish","type":"product","link":"https:\/\/enlineabarcelona.com\/ca\/producto\/mesita-de-noche-toshi\/","title":{"rendered":"Mesita de noche Toshi"},"content":{"rendered":"<p>Toshi es una combinaci\u00f3n de est\u00e9tica y practicidad, pensada para quienes desean un ambiente nocturno elegante y contempor\u00e1neo, donde cada detalle est\u00e1 estudiado para garantizar belleza y comodidad.<\/p>\n","protected":false},"excerpt":{"rendered":"<p>Toshi es una combinaci\u00f3n de est\u00e9tica y practicidad, pensada para quienes desean un ambiente nocturno elegante y contempor\u00e1neo, donde cada detalle est\u00e1 estudiado para garantizar belleza y comodidad.<\/p>\n","protected":false},"featured_media":17341,"comment_status":"closed","ping_status":"closed","template":"","meta":{"_acf_changed":false},"product_cat":[289],"product_tag":[],"disenadores":[1905],"marca":[],"class_list":{"0":"post-17337","1":"product","2":"type-product","3":"status-publish","4":"has-post-thumbnail","6":"product_cat-mesas","7":"disenadores-carlo-colombo","8":"sales-flash-overlay","9":"woocommerce-text-align-center","10":"woocommerce-image-align-center","11":"do-quantity-buttons","12":"wc-has-gallery","14":"first","15":"instock","16":"taxable","17":"shipping-taxable","18":"product-type-simple"},"acf":[],"_links":{"self":[{"href":"https:\/\/enlineabarcelona.com\/ca\/wp-json\/wp\/v2\/product\/17337","targetHints":{"allow":["GET"]}}],"collection":[{"href":"https:\/\/enlineabarcelona.com\/ca\/wp-json\/wp\/v2\/product"}],"about":[{"href":"https:\/\/enlineabarcelona.com\/ca\/wp-json\/wp\/v2\/types\/product"}],"replies":[{"embeddable":true,"href":"https:\/\/enlineabarcelona.com\/ca\/wp-json\/wp\/v2\/comments?post=17337"}],"wp:featuredmedia":[{"embeddable":true,"href":"https:\/\/enlineabarcelona.com\/ca\/wp-json\/wp\/v2\/media\/17341"}],"wp:attachment":[{"href":"https:\/\/enlineabarcelona.com\/ca\/wp-json\/wp\/v2\/media?parent=17337"}],"wp:term":[{"taxonomy":"product_cat","embeddable":true,"href":"https:\/\/enlineabarcelona.com\/ca\/wp-json\/wp\/v2\/product_cat?post=17337"},{"taxonomy":"product_tag","embeddable":true,"href":"https:\/\/enlineabarcelona.com\/ca\/wp-json\/wp\/v2\/product_tag?post=17337"},{"taxonomy":"disenadores","embeddable":true,"href":"https:\/\/enlineabarcelona.com\/ca\/wp-json\/wp\/v2\/disenadores?post=17337"},{"taxonomy":"marca","embeddable":true,"href":"https:\/\/enlineabarcelona.com\/ca\/wp-json\/wp\/v2\/marca?post=17337"}],"curies":[{"name":"wp","href":"https:\/\/api.w.org\/{rel}","templated":true}]}}