{"id":17385,"date":"2025-12-03T13:36:10","date_gmt":"2025-12-03T13:36:10","guid":{"rendered":"https:\/\/enlineabarcelona.com\/?post_type=product&#038;p=17385"},"modified":"2025-12-03T13:36:10","modified_gmt":"2025-12-03T13:36:10","slug":"sofa-pierre","status":"publish","type":"product","link":"https:\/\/enlineabarcelona.com\/ca\/producto\/sofa-pierre\/","title":{"rendered":"Sof\u00e1 Pierre"},"content":{"rendered":"<div class=\"Mod modImgVerticalWithText inverted\">\n<div class=\"container\">\n<div class=\"Mod__inner\">\n<div class=\"Mod__textBlock\">\n<div class=\"textBlock \">\n<div class=\"textBlockHeading\">\n<div class=\"textBlock__desc\">Los sof\u00e1s Pierre se presentan con formas ins\u00f3litas e irregulares, realzadas por los mullidos respaldos asim\u00e9tricos: aut\u00e9nticas islas dedicadas a la relajaci\u00f3n.<\/div>\n<\/div>\n<\/div>\n<\/div>\n<\/div>\n<\/div>\n<\/div>\n<div class=\"Mod modImgCenterWithCaption \">\n<div class=\"container\">\n<div class=\"Mod__inner\">\n<div class=\"Mod Mod__imgBlock\"><picture><source srcset=\"https:\/\/mediamobile21aws.flou.it\/complementi\/gallery\/pierre_201_4\" media=\"(max-width:767px)\" data-srcset=\"https:\/\/mediamobile21aws.flou.it\/complementi\/gallery\/pierre_201_4\" \/><source srcset=\"https:\/\/media21aws.flou.it\/complementi\/gallery\/pierre_201_4\" media=\"(min-width:768px)\" data-srcset=\"https:\/\/media21aws.flou.it\/complementi\/gallery\/pierre_201_4\" \/><\/picture><\/div>\n<\/div>\n<\/div>\n<\/div>\n","protected":false},"excerpt":{"rendered":"<p>Los sof\u00e1s Pierre se presentan con formas ins\u00f3litas e irregulares, realzadas por los mullidos respaldos asim\u00e9tricos: aut\u00e9nticas islas dedicadas a la relajaci\u00f3n.<\/p>\n","protected":false},"featured_media":17386,"comment_status":"closed","ping_status":"closed","template":"","meta":{"_acf_changed":false},"product_cat":[1147],"product_tag":[],"disenadores":[1912],"marca":[],"class_list":{"0":"post-17385","1":"product","2":"type-product","3":"status-publish","4":"has-post-thumbnail","6":"product_cat-sofas","7":"disenadores-studio-contromano","8":"sales-flash-overlay","9":"woocommerce-text-align-center","10":"woocommerce-image-align-center","11":"do-quantity-buttons","12":"wc-has-gallery","14":"first","15":"instock","16":"taxable","17":"shipping-taxable","18":"product-type-simple"},"acf":[],"_links":{"self":[{"href":"https:\/\/enlineabarcelona.com\/ca\/wp-json\/wp\/v2\/product\/17385","targetHints":{"allow":["GET"]}}],"collection":[{"href":"https:\/\/enlineabarcelona.com\/ca\/wp-json\/wp\/v2\/product"}],"about":[{"href":"https:\/\/enlineabarcelona.com\/ca\/wp-json\/wp\/v2\/types\/product"}],"replies":[{"embeddable":true,"href":"https:\/\/enlineabarcelona.com\/ca\/wp-json\/wp\/v2\/comments?post=17385"}],"wp:featuredmedia":[{"embeddable":true,"href":"https:\/\/enlineabarcelona.com\/ca\/wp-json\/wp\/v2\/media\/17386"}],"wp:attachment":[{"href":"https:\/\/enlineabarcelona.com\/ca\/wp-json\/wp\/v2\/media?parent=17385"}],"wp:term":[{"taxonomy":"product_cat","embeddable":true,"href":"https:\/\/enlineabarcelona.com\/ca\/wp-json\/wp\/v2\/product_cat?post=17385"},{"taxonomy":"product_tag","embeddable":true,"href":"https:\/\/enlineabarcelona.com\/ca\/wp-json\/wp\/v2\/product_tag?post=17385"},{"taxonomy":"disenadores","embeddable":true,"href":"https:\/\/enlineabarcelona.com\/ca\/wp-json\/wp\/v2\/disenadores?post=17385"},{"taxonomy":"marca","embeddable":true,"href":"https:\/\/enlineabarcelona.com\/ca\/wp-json\/wp\/v2\/marca?post=17385"}],"curies":[{"name":"wp","href":"https:\/\/api.w.org\/{rel}","templated":true}]}}