{"id":17402,"date":"2025-12-03T13:43:01","date_gmt":"2025-12-03T13:43:01","guid":{"rendered":"https:\/\/enlineabarcelona.com\/?post_type=product&#038;p=17402"},"modified":"2025-12-03T13:43:01","modified_gmt":"2025-12-03T13:43:01","slug":"banco-gaudi","status":"publish","type":"product","link":"https:\/\/enlineabarcelona.com\/ca\/producto\/banco-gaudi\/","title":{"rendered":"Banco Gaud\u00ed"},"content":{"rendered":"<div id=\"description\" class=\"Mod modProductDescriptionAndDownload \">\n<div class=\"container\">\n<div class=\"Mod__inner\">\n<div class=\"Mod__textBlock\">\n<div class=\"textBlock\">\n<div class=\"textBlockHeading\">\n<div class=\"textBlock__desc\">El banco Gaud\u00ed retoma expl\u00edcitamente los elementos distintivos de la cama y de los acolchados de la serie. Es un elemento vers\u00e1til que puede colocarse libremente a los pies de una cama, en una zona de paso o para completar un sal\u00f3n.<\/div>\n<\/div>\n<\/div>\n<\/div>\n<\/div>\n<\/div>\n<\/div>\n<div id=\"gallery\" class=\"Mod modImgVerticalWithText inverted\">\n<div class=\"container\">\n<div class=\"Mod__inner\">\n<div class=\"Mod Mod__imgBlock\"><picture><source srcset=\"https:\/\/mediamobile21aws.flou.it\/complementi\/gallery\/gaudi_242_2\" media=\"(max-width:767px)\" data-srcset=\"https:\/\/mediamobile21aws.flou.it\/complementi\/gallery\/gaudi_242_2\" \/><source srcset=\"https:\/\/media21aws.flou.it\/complementi\/gallery\/gaudi_242_2\" media=\"(min-width:768px)\" data-srcset=\"https:\/\/media21aws.flou.it\/complementi\/gallery\/gaudi_242_2\" \/><\/picture><\/div>\n<\/div>\n<\/div>\n<\/div>\n","protected":false},"excerpt":{"rendered":"<p>El banco Gaud\u00ed retoma expl\u00edcitamente los elementos distintivos de la cama y de los acolchados de la serie. Es un elemento vers\u00e1til que puede colocarse libremente a los pies de una cama, en una zona de paso o para completar un sal\u00f3n.<\/p>\n","protected":false},"featured_media":17403,"comment_status":"closed","ping_status":"closed","template":"","meta":{"_acf_changed":false},"product_cat":[287],"product_tag":[],"disenadores":[1903],"marca":[],"class_list":{"0":"post-17402","1":"product","2":"type-product","3":"status-publish","4":"has-post-thumbnail","6":"product_cat-bancos","7":"disenadores-matteo-nunziati","8":"sales-flash-overlay","9":"woocommerce-text-align-center","10":"woocommerce-image-align-center","11":"do-quantity-buttons","12":"wc-has-gallery","14":"first","15":"instock","16":"taxable","17":"shipping-taxable","18":"product-type-simple"},"acf":[],"_links":{"self":[{"href":"https:\/\/enlineabarcelona.com\/ca\/wp-json\/wp\/v2\/product\/17402","targetHints":{"allow":["GET"]}}],"collection":[{"href":"https:\/\/enlineabarcelona.com\/ca\/wp-json\/wp\/v2\/product"}],"about":[{"href":"https:\/\/enlineabarcelona.com\/ca\/wp-json\/wp\/v2\/types\/product"}],"replies":[{"embeddable":true,"href":"https:\/\/enlineabarcelona.com\/ca\/wp-json\/wp\/v2\/comments?post=17402"}],"wp:featuredmedia":[{"embeddable":true,"href":"https:\/\/enlineabarcelona.com\/ca\/wp-json\/wp\/v2\/media\/17403"}],"wp:attachment":[{"href":"https:\/\/enlineabarcelona.com\/ca\/wp-json\/wp\/v2\/media?parent=17402"}],"wp:term":[{"taxonomy":"product_cat","embeddable":true,"href":"https:\/\/enlineabarcelona.com\/ca\/wp-json\/wp\/v2\/product_cat?post=17402"},{"taxonomy":"product_tag","embeddable":true,"href":"https:\/\/enlineabarcelona.com\/ca\/wp-json\/wp\/v2\/product_tag?post=17402"},{"taxonomy":"disenadores","embeddable":true,"href":"https:\/\/enlineabarcelona.com\/ca\/wp-json\/wp\/v2\/disenadores?post=17402"},{"taxonomy":"marca","embeddable":true,"href":"https:\/\/enlineabarcelona.com\/ca\/wp-json\/wp\/v2\/marca?post=17402"}],"curies":[{"name":"wp","href":"https:\/\/api.w.org\/{rel}","templated":true}]}}