{"id":17416,"date":"2025-12-04T08:47:55","date_gmt":"2025-12-04T08:47:55","guid":{"rendered":"https:\/\/enlineabarcelona.com\/?post_type=product&#038;p=17416"},"modified":"2025-12-04T08:47:55","modified_gmt":"2025-12-04T08:47:55","slug":"galan-de-noche-chambre-close","status":"publish","type":"product","link":"https:\/\/enlineabarcelona.com\/ca\/producto\/galan-de-noche-chambre-close\/","title":{"rendered":"Gal\u00e1n de Noche Chambre Close"},"content":{"rendered":"<p>Dise\u00f1ado en 1988 por Roberto Lazzeroni, interesado en el arte conceptual y el dise\u00f1o radical. Chambre Close es una versi\u00f3n \u00fanica del perchero, que se convierte en un mueble vers\u00e1til y c\u00f3modo. Es perfecto para el dormitorio o el armario. Se trata de una silla extremadamente ligera que pesa menos de 3 kilos. Chambre Close est\u00e1 tiene una estructura esencial inspirada en los ideogramas japoneses. Cuenta con una serie de elegantes secciones minimalistas que se encajan entre s\u00ed para formar un respaldo compuesto por un colgador para chaquetas, un colgador para pantalones y dos ganchos laterales \u00fanicos para cinturones y corbatas.<\/p>\n<p>&nbsp;<\/p>\n","protected":false},"excerpt":{"rendered":"<p>Dise\u00f1ado en 1988 por Roberto Lazzeroni, interesado en el arte conceptual y el dise\u00f1o radical. Chambre Close es una versi\u00f3n \u00fanica del perchero, que se convierte en un mueble vers\u00e1til y c\u00f3modo. Es perfecto para el dormitorio o el armario. Se trata de una silla extremadamente ligera que pesa menos de 3 kilos. Chambre Close &#8230; <a title=\"Gal\u00e1n de Noche Chambre Close\" class=\"read-more\" href=\"https:\/\/enlineabarcelona.com\/ca\/producto\/galan-de-noche-chambre-close\/\" aria-label=\"M\u00e9s informaci\u00f3 sobre Gal\u00e1n de Noche Chambre Close\">Llegiu m\u00e9s<\/a><\/p>\n","protected":false},"featured_media":17433,"comment_status":"closed","ping_status":"closed","template":"","meta":{"_acf_changed":false},"product_cat":[1915],"product_tag":[],"disenadores":[774],"marca":[39],"class_list":{"0":"post-17416","1":"product","2":"type-product","3":"status-publish","4":"has-post-thumbnail","6":"product_cat-galan-de-noche","7":"disenadores-roberto-lazzeroni","8":"marca-ceccotti","9":"sales-flash-overlay","10":"woocommerce-text-align-center","11":"woocommerce-image-align-center","12":"do-quantity-buttons","13":"wc-has-gallery","15":"first","16":"instock","17":"taxable","18":"shipping-taxable","19":"product-type-simple"},"acf":[],"_links":{"self":[{"href":"https:\/\/enlineabarcelona.com\/ca\/wp-json\/wp\/v2\/product\/17416","targetHints":{"allow":["GET"]}}],"collection":[{"href":"https:\/\/enlineabarcelona.com\/ca\/wp-json\/wp\/v2\/product"}],"about":[{"href":"https:\/\/enlineabarcelona.com\/ca\/wp-json\/wp\/v2\/types\/product"}],"replies":[{"embeddable":true,"href":"https:\/\/enlineabarcelona.com\/ca\/wp-json\/wp\/v2\/comments?post=17416"}],"wp:featuredmedia":[{"embeddable":true,"href":"https:\/\/enlineabarcelona.com\/ca\/wp-json\/wp\/v2\/media\/17433"}],"wp:attachment":[{"href":"https:\/\/enlineabarcelona.com\/ca\/wp-json\/wp\/v2\/media?parent=17416"}],"wp:term":[{"taxonomy":"product_cat","embeddable":true,"href":"https:\/\/enlineabarcelona.com\/ca\/wp-json\/wp\/v2\/product_cat?post=17416"},{"taxonomy":"product_tag","embeddable":true,"href":"https:\/\/enlineabarcelona.com\/ca\/wp-json\/wp\/v2\/product_tag?post=17416"},{"taxonomy":"disenadores","embeddable":true,"href":"https:\/\/enlineabarcelona.com\/ca\/wp-json\/wp\/v2\/disenadores?post=17416"},{"taxonomy":"marca","embeddable":true,"href":"https:\/\/enlineabarcelona.com\/ca\/wp-json\/wp\/v2\/marca?post=17416"}],"curies":[{"name":"wp","href":"https:\/\/api.w.org\/{rel}","templated":true}]}}