{"id":17437,"date":"2025-12-04T09:00:03","date_gmt":"2025-12-04T09:00:03","guid":{"rendered":"https:\/\/enlineabarcelona.com\/?post_type=product&#038;p=17437"},"modified":"2025-12-04T09:00:03","modified_gmt":"2025-12-04T09:00:03","slug":"butaca-eileen","status":"publish","type":"product","link":"https:\/\/enlineabarcelona.com\/ca\/producto\/butaca-eileen\/","title":{"rendered":"Butaca Eileen"},"content":{"rendered":"<p>Eileen, el nuevo sill\u00f3n dise\u00f1ado por DRAW Studio, se inspira en la obra de la arquitecta y dise\u00f1adora irlandesa Eileen Gray.<br \/>\nLa estructura de soporte est\u00e1 reforzada por varillas inclinadas de secci\u00f3n ovalada que hacen que la madera se flexione, como si fuera una ballesta que suspende el asiento tapizado. Una curva pronunciada se extiende desde el pie hasta el reposabrazos para delinear un movimiento fluido hacia arriba, un trazo gr\u00e1fico ic\u00f3nico e inconfundible.<\/p>\n<p>&nbsp;<\/p>\n<p>&nbsp;<\/p>\n","protected":false},"excerpt":{"rendered":"<p>Eileen, el nuevo sill\u00f3n dise\u00f1ado por DRAW Studio, se inspira en la obra de la arquitecta y dise\u00f1adora irlandesa Eileen Gray. La estructura de soporte est\u00e1 reforzada por varillas inclinadas de secci\u00f3n ovalada que hacen que la madera se flexione, como si fuera una ballesta que suspende el asiento tapizado. Una curva pronunciada se extiende &#8230; <a title=\"Butaca Eileen\" class=\"read-more\" href=\"https:\/\/enlineabarcelona.com\/ca\/producto\/butaca-eileen\/\" aria-label=\"M\u00e9s informaci\u00f3 sobre Butaca Eileen\">Llegiu m\u00e9s<\/a><\/p>\n","protected":false},"featured_media":17438,"comment_status":"closed","ping_status":"closed","template":"","meta":{"_acf_changed":false},"product_cat":[1145],"product_tag":[],"disenadores":[1917],"marca":[39],"class_list":{"0":"post-17437","1":"product","2":"type-product","3":"status-publish","4":"has-post-thumbnail","6":"product_cat-butacas","7":"disenadores-draw-studio","8":"marca-ceccotti","9":"sales-flash-overlay","10":"woocommerce-text-align-center","11":"woocommerce-image-align-center","12":"do-quantity-buttons","13":"wc-has-gallery","15":"first","16":"instock","17":"taxable","18":"shipping-taxable","19":"product-type-simple"},"acf":[],"_links":{"self":[{"href":"https:\/\/enlineabarcelona.com\/ca\/wp-json\/wp\/v2\/product\/17437","targetHints":{"allow":["GET"]}}],"collection":[{"href":"https:\/\/enlineabarcelona.com\/ca\/wp-json\/wp\/v2\/product"}],"about":[{"href":"https:\/\/enlineabarcelona.com\/ca\/wp-json\/wp\/v2\/types\/product"}],"replies":[{"embeddable":true,"href":"https:\/\/enlineabarcelona.com\/ca\/wp-json\/wp\/v2\/comments?post=17437"}],"wp:featuredmedia":[{"embeddable":true,"href":"https:\/\/enlineabarcelona.com\/ca\/wp-json\/wp\/v2\/media\/17438"}],"wp:attachment":[{"href":"https:\/\/enlineabarcelona.com\/ca\/wp-json\/wp\/v2\/media?parent=17437"}],"wp:term":[{"taxonomy":"product_cat","embeddable":true,"href":"https:\/\/enlineabarcelona.com\/ca\/wp-json\/wp\/v2\/product_cat?post=17437"},{"taxonomy":"product_tag","embeddable":true,"href":"https:\/\/enlineabarcelona.com\/ca\/wp-json\/wp\/v2\/product_tag?post=17437"},{"taxonomy":"disenadores","embeddable":true,"href":"https:\/\/enlineabarcelona.com\/ca\/wp-json\/wp\/v2\/disenadores?post=17437"},{"taxonomy":"marca","embeddable":true,"href":"https:\/\/enlineabarcelona.com\/ca\/wp-json\/wp\/v2\/marca?post=17437"}],"curies":[{"name":"wp","href":"https:\/\/api.w.org\/{rel}","templated":true}]}}