{"id":17457,"date":"2025-12-04T09:16:51","date_gmt":"2025-12-04T09:16:51","guid":{"rendered":"https:\/\/enlineabarcelona.com\/?post_type=product&#038;p=17457"},"modified":"2025-12-04T09:22:01","modified_gmt":"2025-12-04T09:22:01","slug":"17457","status":"publish","type":"product","link":"https:\/\/enlineabarcelona.com\/ca\/producto\/17457\/","title":{"rendered":"Butaca Pigra"},"content":{"rendered":"<p>Pigra es un sill\u00f3n que garantiza un alto grado de comodidad gracias al perfecto equilibrio entre la estructura y la parte tapizada. El sill\u00f3n tiene un asiento amplio y un respaldo alto y alineado, acompa\u00f1ado de un reposapi\u00e9s que permite una postura c\u00f3moda y relajada. que sostienen la estructura.<\/p>\n<p>El cuidado por los detalles en las proporciones entre las partes estructurales y las partes blandas, as\u00ed como el alto nivel de calidad de cada componente, hacen que este sill\u00f3n resulte muy atractivo.<\/p>\n","protected":false},"excerpt":{"rendered":"<p>Pigra es un sill\u00f3n que garantiza un alto grado de comodidad gracias al perfecto equilibrio entre la estructura y la parte tapizada. El sill\u00f3n tiene un asiento amplio y un respaldo alto y alineado, acompa\u00f1ado de un reposapi\u00e9s que permite una postura c\u00f3moda y relajada. que sostienen la estructura. El cuidado por los detalles en &#8230; <a title=\"Butaca Pigra\" class=\"read-more\" href=\"https:\/\/enlineabarcelona.com\/ca\/producto\/17457\/\" aria-label=\"M\u00e9s informaci\u00f3 sobre Butaca Pigra\">Llegiu m\u00e9s<\/a><\/p>\n","protected":false},"featured_media":17474,"comment_status":"closed","ping_status":"closed","template":"","meta":{"_acf_changed":false},"product_cat":[1145],"product_tag":[],"disenadores":[1920],"marca":[39],"class_list":{"0":"post-17457","1":"product","2":"type-product","3":"status-publish","4":"has-post-thumbnail","6":"product_cat-butacas","7":"disenadores-giuseppe-casarosa","8":"marca-ceccotti","9":"sales-flash-overlay","10":"woocommerce-text-align-center","11":"woocommerce-image-align-center","12":"do-quantity-buttons","13":"wc-has-gallery","15":"first","16":"instock","17":"taxable","18":"shipping-taxable","19":"product-type-simple"},"acf":[],"_links":{"self":[{"href":"https:\/\/enlineabarcelona.com\/ca\/wp-json\/wp\/v2\/product\/17457","targetHints":{"allow":["GET"]}}],"collection":[{"href":"https:\/\/enlineabarcelona.com\/ca\/wp-json\/wp\/v2\/product"}],"about":[{"href":"https:\/\/enlineabarcelona.com\/ca\/wp-json\/wp\/v2\/types\/product"}],"replies":[{"embeddable":true,"href":"https:\/\/enlineabarcelona.com\/ca\/wp-json\/wp\/v2\/comments?post=17457"}],"wp:featuredmedia":[{"embeddable":true,"href":"https:\/\/enlineabarcelona.com\/ca\/wp-json\/wp\/v2\/media\/17474"}],"wp:attachment":[{"href":"https:\/\/enlineabarcelona.com\/ca\/wp-json\/wp\/v2\/media?parent=17457"}],"wp:term":[{"taxonomy":"product_cat","embeddable":true,"href":"https:\/\/enlineabarcelona.com\/ca\/wp-json\/wp\/v2\/product_cat?post=17457"},{"taxonomy":"product_tag","embeddable":true,"href":"https:\/\/enlineabarcelona.com\/ca\/wp-json\/wp\/v2\/product_tag?post=17457"},{"taxonomy":"disenadores","embeddable":true,"href":"https:\/\/enlineabarcelona.com\/ca\/wp-json\/wp\/v2\/disenadores?post=17457"},{"taxonomy":"marca","embeddable":true,"href":"https:\/\/enlineabarcelona.com\/ca\/wp-json\/wp\/v2\/marca?post=17457"}],"curies":[{"name":"wp","href":"https:\/\/api.w.org\/{rel}","templated":true}]}}