{"id":17473,"date":"2025-12-04T09:30:48","date_gmt":"2025-12-04T09:30:48","guid":{"rendered":"https:\/\/enlineabarcelona.com\/?post_type=product&#038;p=17473"},"modified":"2025-12-04T09:30:48","modified_gmt":"2025-12-04T09:30:48","slug":"butaca-twenty-two","status":"publish","type":"product","link":"https:\/\/enlineabarcelona.com\/ca\/producto\/butaca-twenty-two\/","title":{"rendered":"Butaca Twenty Two"},"content":{"rendered":"<p>El sill\u00f3n Twenty Two surgi\u00f3 de la imaginaci\u00f3n del dise\u00f1ador espa\u00f1ol Jaime Hayon en 2009. Se inspira en las l\u00edneas redondeadas de principios del siglo XX, recordando el estilo Liberty. El nombre hace referencia a los 22 elementos de madera que componen el sill\u00f3n, unidos entre s\u00ed en un proceso que requiere ocho horas de encolado y 72 horas de secado. Representa un excelente ejemplo de la complejidad del dise\u00f1o que es posible gracias a las t\u00e9cnicas, la habilidad artesanal y la atenci\u00f3n a la calidad de los materiales que forman parte del ADN de Ceccotti Collezioni.<\/p>\n","protected":false},"excerpt":{"rendered":"<p>El sill\u00f3n Twenty Two surgi\u00f3 de la imaginaci\u00f3n del dise\u00f1ador espa\u00f1ol Jaime Hayon en 2009. Se inspira en las l\u00edneas redondeadas de principios del siglo XX, recordando el estilo Liberty. El nombre hace referencia a los 22 elementos de madera que componen el sill\u00f3n, unidos entre s\u00ed en un proceso que requiere ocho horas de &#8230; <a title=\"Butaca Twenty Two\" class=\"read-more\" href=\"https:\/\/enlineabarcelona.com\/ca\/producto\/butaca-twenty-two\/\" aria-label=\"M\u00e9s informaci\u00f3 sobre Butaca Twenty Two\">Llegiu m\u00e9s<\/a><\/p>\n","protected":false},"featured_media":17482,"comment_status":"closed","ping_status":"closed","template":"","meta":{"_acf_changed":false},"product_cat":[1145],"product_tag":[],"disenadores":[],"marca":[39],"class_list":{"0":"post-17473","1":"product","2":"type-product","3":"status-publish","4":"has-post-thumbnail","6":"product_cat-butacas","7":"marca-ceccotti","8":"sales-flash-overlay","9":"woocommerce-text-align-center","10":"woocommerce-image-align-center","11":"do-quantity-buttons","12":"wc-has-gallery","14":"first","15":"instock","16":"taxable","17":"shipping-taxable","18":"product-type-simple"},"acf":[],"_links":{"self":[{"href":"https:\/\/enlineabarcelona.com\/ca\/wp-json\/wp\/v2\/product\/17473","targetHints":{"allow":["GET"]}}],"collection":[{"href":"https:\/\/enlineabarcelona.com\/ca\/wp-json\/wp\/v2\/product"}],"about":[{"href":"https:\/\/enlineabarcelona.com\/ca\/wp-json\/wp\/v2\/types\/product"}],"replies":[{"embeddable":true,"href":"https:\/\/enlineabarcelona.com\/ca\/wp-json\/wp\/v2\/comments?post=17473"}],"wp:featuredmedia":[{"embeddable":true,"href":"https:\/\/enlineabarcelona.com\/ca\/wp-json\/wp\/v2\/media\/17482"}],"wp:attachment":[{"href":"https:\/\/enlineabarcelona.com\/ca\/wp-json\/wp\/v2\/media?parent=17473"}],"wp:term":[{"taxonomy":"product_cat","embeddable":true,"href":"https:\/\/enlineabarcelona.com\/ca\/wp-json\/wp\/v2\/product_cat?post=17473"},{"taxonomy":"product_tag","embeddable":true,"href":"https:\/\/enlineabarcelona.com\/ca\/wp-json\/wp\/v2\/product_tag?post=17473"},{"taxonomy":"disenadores","embeddable":true,"href":"https:\/\/enlineabarcelona.com\/ca\/wp-json\/wp\/v2\/disenadores?post=17473"},{"taxonomy":"marca","embeddable":true,"href":"https:\/\/enlineabarcelona.com\/ca\/wp-json\/wp\/v2\/marca?post=17473"}],"curies":[{"name":"wp","href":"https:\/\/api.w.org\/{rel}","templated":true}]}}