{"id":17485,"date":"2025-12-04T09:39:32","date_gmt":"2025-12-04T09:39:32","guid":{"rendered":"https:\/\/enlineabarcelona.com\/?post_type=product&#038;p=17485"},"modified":"2025-12-04T09:39:32","modified_gmt":"2025-12-04T09:39:32","slug":"carrito-bloody-mary","status":"publish","type":"product","link":"https:\/\/enlineabarcelona.com\/ca\/producto\/carrito-bloody-mary\/","title":{"rendered":"Carrito Bloody Mary"},"content":{"rendered":"<p>Un ic\u00f3nico carrito para bebidas que sin duda acaparar\u00e1 todas las miradas en el sal\u00f3n o el comedor. Bloody Mary fue dise\u00f1ado en 2019 por Giuseppe Casarosa. Con sus dimensiones equilibradas, combina vol\u00famenes ligeros con detalles que resaltan su car\u00e1cter. Por ejemplo, los herrajes de lat\u00f3n hechos a mano a\u00f1aden un toque vintage al dise\u00f1o general. El proyecto se someti\u00f3 a un largo proceso de prototipado con el fin de crear un mueble de calidad que combinara funcionalidad con un estilo divertido. El armaz\u00f3n consta de tres elegantes montantes de nogal americano que terminan en tres ruedas. Bloody Mary tiene dos superficies, la superior extra\u00edble como una bandeja. Vers\u00e1til, el carrito es adecuado tanto para entornos dom\u00e9sticos como para entornos contract refinados. El asa de madera facilita su desplazamiento, adem\u00e1s de embellecer su aspecto est\u00e9tico. Sin\u00f3nimo de convivencia y diversi\u00f3n, Bloody Mary garantiza que la gente hable de \u00e9l.<\/p>\n","protected":false},"excerpt":{"rendered":"<p>Un ic\u00f3nico carrito para bebidas que sin duda acaparar\u00e1 todas las miradas en el sal\u00f3n o el comedor. Bloody Mary fue dise\u00f1ado en 2019 por Giuseppe Casarosa. Con sus dimensiones equilibradas, combina vol\u00famenes ligeros con detalles que resaltan su car\u00e1cter. Por ejemplo, los herrajes de lat\u00f3n hechos a mano a\u00f1aden un toque vintage al dise\u00f1o &#8230; <a title=\"Carrito Bloody Mary\" class=\"read-more\" href=\"https:\/\/enlineabarcelona.com\/ca\/producto\/carrito-bloody-mary\/\" aria-label=\"M\u00e9s informaci\u00f3 sobre Carrito Bloody Mary\">Llegiu m\u00e9s<\/a><\/p>\n","protected":false},"featured_media":17506,"comment_status":"closed","ping_status":"closed","template":"","meta":{"_acf_changed":false},"product_cat":[1178,299,298],"product_tag":[],"disenadores":[1920],"marca":[39],"class_list":{"0":"post-17485","1":"product","2":"type-product","3":"status-publish","4":"has-post-thumbnail","6":"product_cat-accesorios","7":"product_cat-cocina","8":"product_cat-mobiliario","9":"disenadores-giuseppe-casarosa","10":"marca-ceccotti","11":"sales-flash-overlay","12":"woocommerce-text-align-center","13":"woocommerce-image-align-center","14":"do-quantity-buttons","15":"wc-has-gallery","17":"first","18":"instock","19":"taxable","20":"shipping-taxable","21":"product-type-simple"},"acf":[],"_links":{"self":[{"href":"https:\/\/enlineabarcelona.com\/ca\/wp-json\/wp\/v2\/product\/17485","targetHints":{"allow":["GET"]}}],"collection":[{"href":"https:\/\/enlineabarcelona.com\/ca\/wp-json\/wp\/v2\/product"}],"about":[{"href":"https:\/\/enlineabarcelona.com\/ca\/wp-json\/wp\/v2\/types\/product"}],"replies":[{"embeddable":true,"href":"https:\/\/enlineabarcelona.com\/ca\/wp-json\/wp\/v2\/comments?post=17485"}],"wp:featuredmedia":[{"embeddable":true,"href":"https:\/\/enlineabarcelona.com\/ca\/wp-json\/wp\/v2\/media\/17506"}],"wp:attachment":[{"href":"https:\/\/enlineabarcelona.com\/ca\/wp-json\/wp\/v2\/media?parent=17485"}],"wp:term":[{"taxonomy":"product_cat","embeddable":true,"href":"https:\/\/enlineabarcelona.com\/ca\/wp-json\/wp\/v2\/product_cat?post=17485"},{"taxonomy":"product_tag","embeddable":true,"href":"https:\/\/enlineabarcelona.com\/ca\/wp-json\/wp\/v2\/product_tag?post=17485"},{"taxonomy":"disenadores","embeddable":true,"href":"https:\/\/enlineabarcelona.com\/ca\/wp-json\/wp\/v2\/disenadores?post=17485"},{"taxonomy":"marca","embeddable":true,"href":"https:\/\/enlineabarcelona.com\/ca\/wp-json\/wp\/v2\/marca?post=17485"}],"curies":[{"name":"wp","href":"https:\/\/api.w.org\/{rel}","templated":true}]}}