{"id":17518,"date":"2025-12-04T09:57:42","date_gmt":"2025-12-04T09:57:42","guid":{"rendered":"https:\/\/enlineabarcelona.com\/?post_type=product&#038;p=17518"},"modified":"2025-12-04T09:57:42","modified_gmt":"2025-12-04T09:57:42","slug":"mesita-auxiliar-galimede","status":"publish","type":"product","link":"https:\/\/enlineabarcelona.com\/ca\/producto\/mesita-auxiliar-galimede\/","title":{"rendered":"Mesita Auxiliar Galimede"},"content":{"rendered":"<p>La mesa auxiliar Galimede es un objeto funcional perfecto para usar durante las horas de trabajo o para un momento de relax. Pr\u00e1ctica y maniobrable, cuenta con dos tipos diferentes de bandejas regulables en altura: una con una superficie redonda s\u00f3lida y movimiento circular; otra con una superficie rectangular s\u00f3lida con fondo de cuero y dise\u00f1ada para tener un movimiento ortogonal con respecto al eje central. Con estas superficies, Galimede es capaz de sostener diversos objetos para crear un rinc\u00f3n de lectura, ya sea anal\u00f3gico o digital.<\/p>\n<p>En la parte superior de la estructura se ha colocado un pr\u00e1ctico asa de cuero que permite mover la mesa con facilidad, convirti\u00e9ndola en un objeto n\u00f3mada capaz de adaptarse a diversos contextos y necesidades.<\/p>\n","protected":false},"excerpt":{"rendered":"<p>La mesa auxiliar Galimede es un objeto funcional perfecto para usar durante las horas de trabajo o para un momento de relax. Pr\u00e1ctica y maniobrable, cuenta con dos tipos diferentes de bandejas regulables en altura: una con una superficie redonda s\u00f3lida y movimiento circular; otra con una superficie rectangular s\u00f3lida con fondo de cuero y &#8230; <a title=\"Mesita Auxiliar Galimede\" class=\"read-more\" href=\"https:\/\/enlineabarcelona.com\/ca\/producto\/mesita-auxiliar-galimede\/\" aria-label=\"M\u00e9s informaci\u00f3 sobre Mesita Auxiliar Galimede\">Llegiu m\u00e9s<\/a><\/p>\n","protected":false},"featured_media":17521,"comment_status":"closed","ping_status":"closed","template":"","meta":{"_acf_changed":false},"product_cat":[289],"product_tag":[],"disenadores":[1920],"marca":[39],"class_list":{"0":"post-17518","1":"product","2":"type-product","3":"status-publish","4":"has-post-thumbnail","6":"product_cat-mesas","7":"disenadores-giuseppe-casarosa","8":"marca-ceccotti","9":"sales-flash-overlay","10":"woocommerce-text-align-center","11":"woocommerce-image-align-center","12":"do-quantity-buttons","13":"wc-has-gallery","15":"first","16":"instock","17":"taxable","18":"shipping-taxable","19":"product-type-simple"},"acf":[],"_links":{"self":[{"href":"https:\/\/enlineabarcelona.com\/ca\/wp-json\/wp\/v2\/product\/17518","targetHints":{"allow":["GET"]}}],"collection":[{"href":"https:\/\/enlineabarcelona.com\/ca\/wp-json\/wp\/v2\/product"}],"about":[{"href":"https:\/\/enlineabarcelona.com\/ca\/wp-json\/wp\/v2\/types\/product"}],"replies":[{"embeddable":true,"href":"https:\/\/enlineabarcelona.com\/ca\/wp-json\/wp\/v2\/comments?post=17518"}],"wp:featuredmedia":[{"embeddable":true,"href":"https:\/\/enlineabarcelona.com\/ca\/wp-json\/wp\/v2\/media\/17521"}],"wp:attachment":[{"href":"https:\/\/enlineabarcelona.com\/ca\/wp-json\/wp\/v2\/media?parent=17518"}],"wp:term":[{"taxonomy":"product_cat","embeddable":true,"href":"https:\/\/enlineabarcelona.com\/ca\/wp-json\/wp\/v2\/product_cat?post=17518"},{"taxonomy":"product_tag","embeddable":true,"href":"https:\/\/enlineabarcelona.com\/ca\/wp-json\/wp\/v2\/product_tag?post=17518"},{"taxonomy":"disenadores","embeddable":true,"href":"https:\/\/enlineabarcelona.com\/ca\/wp-json\/wp\/v2\/disenadores?post=17518"},{"taxonomy":"marca","embeddable":true,"href":"https:\/\/enlineabarcelona.com\/ca\/wp-json\/wp\/v2\/marca?post=17518"}],"curies":[{"name":"wp","href":"https:\/\/api.w.org\/{rel}","templated":true}]}}