{"id":17536,"date":"2025-12-04T10:05:09","date_gmt":"2025-12-04T10:05:09","guid":{"rendered":"https:\/\/enlineabarcelona.com\/?post_type=product&#038;p=17536"},"modified":"2025-12-04T10:05:09","modified_gmt":"2025-12-04T10:05:09","slug":"tocador-duo","status":"publish","type":"product","link":"https:\/\/enlineabarcelona.com\/ca\/producto\/tocador-duo\/","title":{"rendered":"Tocador Duo"},"content":{"rendered":"<p>DUO Vanity es un lavabo con formas suaves y org\u00e1nicas, dise\u00f1ado por Roberto Lazzeroni. Su estructura de fresno macizo sostiene una elegante encimera el\u00edptica, enriquecida por dos peque\u00f1os estantes laterales con acabados a elegir entre cristal pintado por detr\u00e1s o m\u00e1rmol calacatta. En el centro, entre las dos encimeras laterales, hay un gran espejo frontal con \u00e1ngulo ajustable verticalmente. La encimera quedar\u00e1 al ras del marco de fresno macizo. Las piezas de lat\u00f3n macizo, como los separadores y el mecanismo de ajuste del espejo, son detalles preciosos, cuidadosamente dise\u00f1ados para realzar la singularidad de este objeto. DUO Vanity es m\u00e1s que un simple mueble: cada elemento contribuye a convertirlo en una verdadera joya de elegancia y refinamiento dedicada a la belleza y al bienestar diario.<\/p>\n","protected":false},"excerpt":{"rendered":"<p>DUO Vanity es un lavabo con formas suaves y org\u00e1nicas, dise\u00f1ado por Roberto Lazzeroni. Su estructura de fresno macizo sostiene una elegante encimera el\u00edptica, enriquecida por dos peque\u00f1os estantes laterales con acabados a elegir entre cristal pintado por detr\u00e1s o m\u00e1rmol calacatta. En el centro, entre las dos encimeras laterales, hay un gran espejo frontal &#8230; <a title=\"Tocador Duo\" class=\"read-more\" href=\"https:\/\/enlineabarcelona.com\/ca\/producto\/tocador-duo\/\" aria-label=\"M\u00e9s informaci\u00f3 sobre Tocador Duo\">Llegiu m\u00e9s<\/a><\/p>\n","protected":false},"featured_media":17541,"comment_status":"closed","ping_status":"closed","template":"","meta":{"_acf_changed":false},"product_cat":[1924],"product_tag":[],"disenadores":[774],"marca":[39],"class_list":{"0":"post-17536","1":"product","2":"type-product","3":"status-publish","4":"has-post-thumbnail","6":"product_cat-tocador","7":"disenadores-roberto-lazzeroni","8":"marca-ceccotti","9":"sales-flash-overlay","10":"woocommerce-text-align-center","11":"woocommerce-image-align-center","12":"do-quantity-buttons","13":"wc-has-gallery","15":"first","16":"instock","17":"taxable","18":"shipping-taxable","19":"product-type-simple"},"acf":[],"_links":{"self":[{"href":"https:\/\/enlineabarcelona.com\/ca\/wp-json\/wp\/v2\/product\/17536","targetHints":{"allow":["GET"]}}],"collection":[{"href":"https:\/\/enlineabarcelona.com\/ca\/wp-json\/wp\/v2\/product"}],"about":[{"href":"https:\/\/enlineabarcelona.com\/ca\/wp-json\/wp\/v2\/types\/product"}],"replies":[{"embeddable":true,"href":"https:\/\/enlineabarcelona.com\/ca\/wp-json\/wp\/v2\/comments?post=17536"}],"wp:featuredmedia":[{"embeddable":true,"href":"https:\/\/enlineabarcelona.com\/ca\/wp-json\/wp\/v2\/media\/17541"}],"wp:attachment":[{"href":"https:\/\/enlineabarcelona.com\/ca\/wp-json\/wp\/v2\/media?parent=17536"}],"wp:term":[{"taxonomy":"product_cat","embeddable":true,"href":"https:\/\/enlineabarcelona.com\/ca\/wp-json\/wp\/v2\/product_cat?post=17536"},{"taxonomy":"product_tag","embeddable":true,"href":"https:\/\/enlineabarcelona.com\/ca\/wp-json\/wp\/v2\/product_tag?post=17536"},{"taxonomy":"disenadores","embeddable":true,"href":"https:\/\/enlineabarcelona.com\/ca\/wp-json\/wp\/v2\/disenadores?post=17536"},{"taxonomy":"marca","embeddable":true,"href":"https:\/\/enlineabarcelona.com\/ca\/wp-json\/wp\/v2\/marca?post=17536"}],"curies":[{"name":"wp","href":"https:\/\/api.w.org\/{rel}","templated":true}]}}