{"id":17554,"date":"2025-12-04T10:16:44","date_gmt":"2025-12-04T10:16:44","guid":{"rendered":"https:\/\/enlineabarcelona.com\/?post_type=product&#038;p=17554"},"modified":"2025-12-04T10:16:44","modified_gmt":"2025-12-04T10:16:44","slug":"consola-teahouse","status":"publish","type":"product","link":"https:\/\/enlineabarcelona.com\/ca\/producto\/consola-teahouse\/","title":{"rendered":"Consola Teahouse"},"content":{"rendered":"<p>Una elegante mesa consola con puertas abatibles y cajones, dise\u00f1ada para guardar objetos \u00fatiles para la ceremonia del t\u00e9, sin dejar de ser un complemento de decoraci\u00f3n transversal que se adapta a diferentes contextos. Entre los elementos de la colecci\u00f3n, es sin duda el que m\u00e1s f\u00e1cilmente se integra en diversas zonas de la casa. La posibilidad de guardar objetos en su interior es una caracter\u00edstica distintiva importante en comparaci\u00f3n con las consolas que figuran actualmente en el cat\u00e1logo. La estructura se caracteriza por un par de travesa\u00f1os cruzados que sostienen un mueble con dos puertas abatibles. Cada detalle est\u00e1 cuidadosamente estudiado: los laterales de las puertas se extienden sobre la superficie de la parte superior, enmarc\u00e1ndola con un espacio de 3 mm y resaltando los cortes \u00abquartabuono\u00bb en las esquinas y los extremos de las puertas. Las dos puertas abatibles, fijadas con bisagras de lat\u00f3n macizo bru\u00f1ido, est\u00e1n dise\u00f1adas a medida y fabricadas espec\u00edficamente para esta pieza. En el interior, un caj\u00f3n de madera con laterales biselados se puede extraer mediante gu\u00edas y, si se desea, se puede equipar con una alfombrilla de cuero suave con costuras perimetrales tono sobre tono.<\/p>\n","protected":false},"excerpt":{"rendered":"<p>Una elegante mesa consola con puertas abatibles y cajones, dise\u00f1ada para guardar objetos \u00fatiles para la ceremonia del t\u00e9, sin dejar de ser un complemento de decoraci\u00f3n transversal que se adapta a diferentes contextos. Entre los elementos de la colecci\u00f3n, es sin duda el que m\u00e1s f\u00e1cilmente se integra en diversas zonas de la casa. &#8230; <a title=\"Consola Teahouse\" class=\"read-more\" href=\"https:\/\/enlineabarcelona.com\/ca\/producto\/consola-teahouse\/\" aria-label=\"M\u00e9s informaci\u00f3 sobre Consola Teahouse\">Llegiu m\u00e9s<\/a><\/p>\n","protected":false},"featured_media":17556,"comment_status":"closed","ping_status":"closed","template":"","meta":{"_acf_changed":false},"product_cat":[289],"product_tag":[],"disenadores":[1926],"marca":[39],"class_list":{"0":"post-17554","1":"product","2":"type-product","3":"status-publish","4":"has-post-thumbnail","6":"product_cat-mesas","7":"disenadores-christophe-pillet","8":"marca-ceccotti","9":"sales-flash-overlay","10":"woocommerce-text-align-center","11":"woocommerce-image-align-center","12":"do-quantity-buttons","13":"wc-has-gallery","15":"first","16":"instock","17":"taxable","18":"shipping-taxable","19":"product-type-simple"},"acf":[],"_links":{"self":[{"href":"https:\/\/enlineabarcelona.com\/ca\/wp-json\/wp\/v2\/product\/17554","targetHints":{"allow":["GET"]}}],"collection":[{"href":"https:\/\/enlineabarcelona.com\/ca\/wp-json\/wp\/v2\/product"}],"about":[{"href":"https:\/\/enlineabarcelona.com\/ca\/wp-json\/wp\/v2\/types\/product"}],"replies":[{"embeddable":true,"href":"https:\/\/enlineabarcelona.com\/ca\/wp-json\/wp\/v2\/comments?post=17554"}],"wp:featuredmedia":[{"embeddable":true,"href":"https:\/\/enlineabarcelona.com\/ca\/wp-json\/wp\/v2\/media\/17556"}],"wp:attachment":[{"href":"https:\/\/enlineabarcelona.com\/ca\/wp-json\/wp\/v2\/media?parent=17554"}],"wp:term":[{"taxonomy":"product_cat","embeddable":true,"href":"https:\/\/enlineabarcelona.com\/ca\/wp-json\/wp\/v2\/product_cat?post=17554"},{"taxonomy":"product_tag","embeddable":true,"href":"https:\/\/enlineabarcelona.com\/ca\/wp-json\/wp\/v2\/product_tag?post=17554"},{"taxonomy":"disenadores","embeddable":true,"href":"https:\/\/enlineabarcelona.com\/ca\/wp-json\/wp\/v2\/disenadores?post=17554"},{"taxonomy":"marca","embeddable":true,"href":"https:\/\/enlineabarcelona.com\/ca\/wp-json\/wp\/v2\/marca?post=17554"}],"curies":[{"name":"wp","href":"https:\/\/api.w.org\/{rel}","templated":true}]}}