{"id":17574,"date":"2025-12-04T10:43:38","date_gmt":"2025-12-04T10:43:38","guid":{"rendered":"https:\/\/enlineabarcelona.com\/?post_type=product&#038;p=17574"},"modified":"2025-12-04T10:45:23","modified_gmt":"2025-12-04T10:45:23","slug":"biombo-duo","status":"publish","type":"product","link":"https:\/\/enlineabarcelona.com\/ca\/producto\/biombo-duo\/","title":{"rendered":"Biombo DUO"},"content":{"rendered":"<p>El biombo DUO consta de 3, 4 o 5 m\u00f3dulos con una altura de 180 cm, un marco de madera maciza de fresno en varios acabados y un panel hueco. El biombo es totalmente personalizable: es posible seleccionar para los m\u00f3dulos papel pintado o, bajo pedido, tela o cuero. Adem\u00e1s, los m\u00f3dulos pueden tener los dos lados con acabados diferentes. Las patas del biombo\u00a0son regulables en altura gracias a los niveladores. Los detalles met\u00e1licos tienen un acabado en lat\u00f3n bronceado.<\/p>\n","protected":false},"excerpt":{"rendered":"<p>El biombo DUO consta de 3, 4 o 5 m\u00f3dulos con una altura de 180 cm, un marco de madera maciza de fresno en varios acabados y un panel hueco. El biombo es totalmente personalizable: es posible seleccionar para los m\u00f3dulos papel pintado o, bajo pedido, tela o cuero. Adem\u00e1s, los m\u00f3dulos pueden tener los &#8230; <a title=\"Biombo DUO\" class=\"read-more\" href=\"https:\/\/enlineabarcelona.com\/ca\/producto\/biombo-duo\/\" aria-label=\"M\u00e9s informaci\u00f3 sobre Biombo DUO\">Llegiu m\u00e9s<\/a><\/p>\n","protected":false},"featured_media":17576,"comment_status":"closed","ping_status":"closed","template":"","meta":{"_acf_changed":false},"product_cat":[17],"product_tag":[],"disenadores":[774],"marca":[39],"class_list":{"0":"post-17574","1":"product","2":"type-product","3":"status-publish","4":"has-post-thumbnail","6":"product_cat-sin-categorizar","7":"disenadores-roberto-lazzeroni","8":"marca-ceccotti","9":"sales-flash-overlay","10":"woocommerce-text-align-center","11":"woocommerce-image-align-center","12":"do-quantity-buttons","13":"wc-has-gallery","15":"first","16":"instock","17":"taxable","18":"shipping-taxable","19":"product-type-simple"},"acf":[],"_links":{"self":[{"href":"https:\/\/enlineabarcelona.com\/ca\/wp-json\/wp\/v2\/product\/17574","targetHints":{"allow":["GET"]}}],"collection":[{"href":"https:\/\/enlineabarcelona.com\/ca\/wp-json\/wp\/v2\/product"}],"about":[{"href":"https:\/\/enlineabarcelona.com\/ca\/wp-json\/wp\/v2\/types\/product"}],"replies":[{"embeddable":true,"href":"https:\/\/enlineabarcelona.com\/ca\/wp-json\/wp\/v2\/comments?post=17574"}],"wp:featuredmedia":[{"embeddable":true,"href":"https:\/\/enlineabarcelona.com\/ca\/wp-json\/wp\/v2\/media\/17576"}],"wp:attachment":[{"href":"https:\/\/enlineabarcelona.com\/ca\/wp-json\/wp\/v2\/media?parent=17574"}],"wp:term":[{"taxonomy":"product_cat","embeddable":true,"href":"https:\/\/enlineabarcelona.com\/ca\/wp-json\/wp\/v2\/product_cat?post=17574"},{"taxonomy":"product_tag","embeddable":true,"href":"https:\/\/enlineabarcelona.com\/ca\/wp-json\/wp\/v2\/product_tag?post=17574"},{"taxonomy":"disenadores","embeddable":true,"href":"https:\/\/enlineabarcelona.com\/ca\/wp-json\/wp\/v2\/disenadores?post=17574"},{"taxonomy":"marca","embeddable":true,"href":"https:\/\/enlineabarcelona.com\/ca\/wp-json\/wp\/v2\/marca?post=17574"}],"curies":[{"name":"wp","href":"https:\/\/api.w.org\/{rel}","templated":true}]}}