{"id":17829,"date":"2026-01-16T10:13:57","date_gmt":"2026-01-16T10:13:57","guid":{"rendered":"https:\/\/enlineabarcelona.com\/?post_type=product&#038;p=17829"},"modified":"2026-01-16T10:26:51","modified_gmt":"2026-01-16T10:26:51","slug":"lampara-topan-vp13","status":"publish","type":"product","link":"https:\/\/enlineabarcelona.com\/ca\/producto\/lampara-topan-vp13\/","title":{"rendered":"L\u00e1mpara Topan VP13"},"content":{"rendered":"<p>La l\u00e1mpara de mesa Topan aporta una nueva perspectiva a una de las formas m\u00e1s reconocibles de Verner Panton, transform\u00e1ndola en una luz escult\u00f3rica y aut\u00f3noma que juega con la transparencia y la ligereza.<\/p>\n","protected":false},"excerpt":{"rendered":"<p>La l\u00e1mpara de mesa Topan aporta una nueva perspectiva a una de las formas m\u00e1s reconocibles de Verner Panton, transform\u00e1ndola en una luz escult\u00f3rica y aut\u00f3noma que juega con la transparencia y la ligereza.<\/p>\n","protected":false},"featured_media":17840,"comment_status":"closed","ping_status":"closed","template":"","meta":{"_acf_changed":false},"product_cat":[297],"product_tag":[],"disenadores":[1162],"marca":[1152],"class_list":{"0":"post-17829","1":"product","2":"type-product","3":"status-publish","4":"has-post-thumbnail","6":"product_cat-lamparas-sobremesa","7":"disenadores-verner-panton","8":"marca-andtradition","9":"sales-flash-overlay","10":"woocommerce-text-align-center","11":"woocommerce-image-align-center","12":"do-quantity-buttons","13":"wc-has-gallery","15":"first","16":"instock","17":"taxable","18":"shipping-taxable","19":"product-type-simple"},"acf":[],"_links":{"self":[{"href":"https:\/\/enlineabarcelona.com\/ca\/wp-json\/wp\/v2\/product\/17829","targetHints":{"allow":["GET"]}}],"collection":[{"href":"https:\/\/enlineabarcelona.com\/ca\/wp-json\/wp\/v2\/product"}],"about":[{"href":"https:\/\/enlineabarcelona.com\/ca\/wp-json\/wp\/v2\/types\/product"}],"replies":[{"embeddable":true,"href":"https:\/\/enlineabarcelona.com\/ca\/wp-json\/wp\/v2\/comments?post=17829"}],"wp:featuredmedia":[{"embeddable":true,"href":"https:\/\/enlineabarcelona.com\/ca\/wp-json\/wp\/v2\/media\/17840"}],"wp:attachment":[{"href":"https:\/\/enlineabarcelona.com\/ca\/wp-json\/wp\/v2\/media?parent=17829"}],"wp:term":[{"taxonomy":"product_cat","embeddable":true,"href":"https:\/\/enlineabarcelona.com\/ca\/wp-json\/wp\/v2\/product_cat?post=17829"},{"taxonomy":"product_tag","embeddable":true,"href":"https:\/\/enlineabarcelona.com\/ca\/wp-json\/wp\/v2\/product_tag?post=17829"},{"taxonomy":"disenadores","embeddable":true,"href":"https:\/\/enlineabarcelona.com\/ca\/wp-json\/wp\/v2\/disenadores?post=17829"},{"taxonomy":"marca","embeddable":true,"href":"https:\/\/enlineabarcelona.com\/ca\/wp-json\/wp\/v2\/marca?post=17829"}],"curies":[{"name":"wp","href":"https:\/\/api.w.org\/{rel}","templated":true}]}}