{"id":17853,"date":"2026-02-04T10:44:26","date_gmt":"2026-02-04T10:44:26","guid":{"rendered":"https:\/\/enlineabarcelona.com\/?post_type=product&#038;p=17853"},"modified":"2026-02-04T12:11:56","modified_gmt":"2026-02-04T12:11:56","slug":"usm-haller-soft-panel","status":"publish","type":"product","link":"https:\/\/enlineabarcelona.com\/ca\/producto\/usm-haller-soft-panel\/","title":{"rendered":"USM Haller Soft Panel"},"content":{"rendered":"<p>El nuevo panel abatible de USM Haller a\u00f1ade un toque suave y divertido a la gama de productos de USM. Los paneles textiles est\u00e1n provistos de cuatro imanes y pueden encajarse f\u00e1cilmente en la estructura tubular del sistema modular, sin necesidad de montaje ni accesorios adicionales. Pueden desplazarse hacia arriba o hacia abajo con la misma facilidad y voltearse hacia el siguiente compartimento. Y, por supuesto, girarse en cualquier momento o colocarse en otro lugar del mueble.<\/p>\n","protected":false},"excerpt":{"rendered":"<p>El nuevo panel abatible de USM Haller a\u00f1ade un toque suave y divertido a la gama de productos de USM. Los paneles textiles est\u00e1n provistos de cuatro imanes y pueden encajarse f\u00e1cilmente en la estructura tubular del sistema modular, sin necesidad de montaje ni accesorios adicionales. Pueden desplazarse hacia arriba o hacia abajo con la &#8230; <a title=\"USM Haller Soft Panel\" class=\"read-more\" href=\"https:\/\/enlineabarcelona.com\/ca\/producto\/usm-haller-soft-panel\/\" aria-label=\"M\u00e9s informaci\u00f3 sobre USM Haller Soft Panel\">Llegiu m\u00e9s<\/a><\/p>\n","protected":false},"featured_media":17883,"comment_status":"closed","ping_status":"closed","template":"","meta":{"_acf_changed":false},"product_cat":[1191],"product_tag":[],"disenadores":[1962],"marca":[],"class_list":{"0":"post-17853","1":"product","2":"type-product","3":"status-publish","4":"has-post-thumbnail","6":"product_cat-almacenaje","7":"disenadores-fritz-haller","8":"sales-flash-overlay","9":"woocommerce-text-align-center","10":"woocommerce-image-align-center","11":"do-quantity-buttons","12":"wc-has-gallery","14":"first","15":"instock","16":"taxable","17":"shipping-taxable","18":"product-type-simple"},"acf":[],"_links":{"self":[{"href":"https:\/\/enlineabarcelona.com\/ca\/wp-json\/wp\/v2\/product\/17853","targetHints":{"allow":["GET"]}}],"collection":[{"href":"https:\/\/enlineabarcelona.com\/ca\/wp-json\/wp\/v2\/product"}],"about":[{"href":"https:\/\/enlineabarcelona.com\/ca\/wp-json\/wp\/v2\/types\/product"}],"replies":[{"embeddable":true,"href":"https:\/\/enlineabarcelona.com\/ca\/wp-json\/wp\/v2\/comments?post=17853"}],"wp:featuredmedia":[{"embeddable":true,"href":"https:\/\/enlineabarcelona.com\/ca\/wp-json\/wp\/v2\/media\/17883"}],"wp:attachment":[{"href":"https:\/\/enlineabarcelona.com\/ca\/wp-json\/wp\/v2\/media?parent=17853"}],"wp:term":[{"taxonomy":"product_cat","embeddable":true,"href":"https:\/\/enlineabarcelona.com\/ca\/wp-json\/wp\/v2\/product_cat?post=17853"},{"taxonomy":"product_tag","embeddable":true,"href":"https:\/\/enlineabarcelona.com\/ca\/wp-json\/wp\/v2\/product_tag?post=17853"},{"taxonomy":"disenadores","embeddable":true,"href":"https:\/\/enlineabarcelona.com\/ca\/wp-json\/wp\/v2\/disenadores?post=17853"},{"taxonomy":"marca","embeddable":true,"href":"https:\/\/enlineabarcelona.com\/ca\/wp-json\/wp\/v2\/marca?post=17853"}],"curies":[{"name":"wp","href":"https:\/\/api.w.org\/{rel}","templated":true}]}}