{"id":17939,"date":"2026-02-17T08:57:43","date_gmt":"2026-02-17T08:57:43","guid":{"rendered":"https:\/\/enlineabarcelona.com\/?post_type=product&#038;p=17939"},"modified":"2026-02-17T09:20:16","modified_gmt":"2026-02-17T09:20:16","slug":"tufty-time-20","status":"publish","type":"product","link":"https:\/\/enlineabarcelona.com\/ca\/producto\/tufty-time-20\/","title":{"rendered":"Sof\u00e1 Tufty-Time 20"},"content":{"rendered":"<p>Tufty-Time 20 representa la evoluci\u00f3n contempor\u00e1nea de Tufty-Time, el ic\u00f3nico sistema de sof\u00e1s dise\u00f1ado por Patricia Urquiola en 2005. Veinte a\u00f1os despu\u00e9s de su lanzamiento, el sistema se ha reinterpretado manteniendo las caracter\u00edsticas esenciales que lo han convertido en un gran \u00e9xito, como la modularidad y la comodidad envolvente. Los vol\u00famenes, el acolchado y la altura del asiento se han redise\u00f1ado para ofrecer un confort a\u00fan mayor, mientras que la introducci\u00f3n de un m\u00f3dulo curvo ampl\u00eda el potencial del sistema, dando lugar a configuraciones a\u00fan m\u00e1s fluidas y acogedoras, ideales tanto para espacios residenciales como para contract. Se ha prestado especial atenci\u00f3n a la circularidad. De hecho, Tufty-Time 20 es totalmente desmontable, lo que garantiza que todos los componentes puedan tener una segunda vida al final de su vida \u00fatil.<\/p>\n","protected":false},"excerpt":{"rendered":"<p>Tufty-Time 20 representa la evoluci\u00f3n contempor\u00e1nea de Tufty-Time, el ic\u00f3nico sistema de sof\u00e1s dise\u00f1ado por Patricia Urquiola en 2005. Veinte a\u00f1os despu\u00e9s de su lanzamiento, el sistema se ha reinterpretado manteniendo las caracter\u00edsticas esenciales que lo han convertido en un gran \u00e9xito, como la modularidad y la comodidad envolvente. Los vol\u00famenes, el acolchado y la &#8230; <a title=\"Sof\u00e1 Tufty-Time 20\" class=\"read-more\" href=\"https:\/\/enlineabarcelona.com\/ca\/producto\/tufty-time-20\/\" aria-label=\"M\u00e9s informaci\u00f3 sobre Sof\u00e1 Tufty-Time 20\">Llegiu m\u00e9s<\/a><\/p>\n","protected":false},"featured_media":17962,"comment_status":"closed","ping_status":"closed","template":"","meta":{"_acf_changed":false},"product_cat":[1147],"product_tag":[],"disenadores":[935],"marca":[37],"class_list":{"0":"post-17939","1":"product","2":"type-product","3":"status-publish","4":"has-post-thumbnail","6":"product_cat-sofas","7":"disenadores-patricia-urquiola-ca","8":"marca-bb-italia","9":"sales-flash-overlay","10":"woocommerce-text-align-center","11":"woocommerce-image-align-center","12":"do-quantity-buttons","13":"wc-has-gallery","15":"first","16":"instock","17":"taxable","18":"shipping-taxable","19":"product-type-simple"},"acf":[],"_links":{"self":[{"href":"https:\/\/enlineabarcelona.com\/ca\/wp-json\/wp\/v2\/product\/17939","targetHints":{"allow":["GET"]}}],"collection":[{"href":"https:\/\/enlineabarcelona.com\/ca\/wp-json\/wp\/v2\/product"}],"about":[{"href":"https:\/\/enlineabarcelona.com\/ca\/wp-json\/wp\/v2\/types\/product"}],"replies":[{"embeddable":true,"href":"https:\/\/enlineabarcelona.com\/ca\/wp-json\/wp\/v2\/comments?post=17939"}],"wp:featuredmedia":[{"embeddable":true,"href":"https:\/\/enlineabarcelona.com\/ca\/wp-json\/wp\/v2\/media\/17962"}],"wp:attachment":[{"href":"https:\/\/enlineabarcelona.com\/ca\/wp-json\/wp\/v2\/media?parent=17939"}],"wp:term":[{"taxonomy":"product_cat","embeddable":true,"href":"https:\/\/enlineabarcelona.com\/ca\/wp-json\/wp\/v2\/product_cat?post=17939"},{"taxonomy":"product_tag","embeddable":true,"href":"https:\/\/enlineabarcelona.com\/ca\/wp-json\/wp\/v2\/product_tag?post=17939"},{"taxonomy":"disenadores","embeddable":true,"href":"https:\/\/enlineabarcelona.com\/ca\/wp-json\/wp\/v2\/disenadores?post=17939"},{"taxonomy":"marca","embeddable":true,"href":"https:\/\/enlineabarcelona.com\/ca\/wp-json\/wp\/v2\/marca?post=17939"}],"curies":[{"name":"wp","href":"https:\/\/api.w.org\/{rel}","templated":true}]}}