{"id":17966,"date":"2026-02-17T09:42:10","date_gmt":"2026-02-17T09:42:10","guid":{"rendered":"https:\/\/enlineabarcelona.com\/?post_type=product&#038;p=17966"},"modified":"2026-02-17T10:32:57","modified_gmt":"2026-02-17T10:32:57","slug":"mesa-muecke","status":"publish","type":"product","link":"https:\/\/enlineabarcelona.com\/ca\/producto\/mesa-muecke\/","title":{"rendered":"Mesa Muecke"},"content":{"rendered":"<p>Jonathan Muecke aborda tanto el mobiliario como la escultura con el objetivo de descubrir y articular la l\u00f3gica inherente de sus materiales. La mesa de madera Muecke surgi\u00f3 de su deseo de celebrar todas las caracter\u00edsticas de la madera. Lo logr\u00f3 redondeando la madera en espigas e ideando un m\u00e9todo de uni\u00f3n para conectarlas donde se superponen. Celebra la belleza natural de la madera con la mesa Muecke.<\/p>\n","protected":false},"excerpt":{"rendered":"<p>Jonathan Muecke aborda tanto el mobiliario como la escultura con el objetivo de descubrir y articular la l\u00f3gica inherente de sus materiales. La mesa de madera Muecke surgi\u00f3 de su deseo de celebrar todas las caracter\u00edsticas de la madera. Lo logr\u00f3 redondeando la madera en espigas e ideando un m\u00e9todo de uni\u00f3n para conectarlas donde &#8230; <a title=\"Mesa Muecke\" class=\"read-more\" href=\"https:\/\/enlineabarcelona.com\/ca\/producto\/mesa-muecke\/\" aria-label=\"M\u00e9s informaci\u00f3 sobre Mesa Muecke\">Llegiu m\u00e9s<\/a><\/p>\n","protected":false},"featured_media":17968,"comment_status":"closed","ping_status":"closed","template":"","meta":{"_acf_changed":false},"product_cat":[1170,289],"product_tag":[],"disenadores":[1251],"marca":[72],"class_list":{"0":"post-17966","1":"product","2":"type-product","3":"status-publish","4":"has-post-thumbnail","6":"product_cat-mesasoffice","7":"product_cat-mesas","8":"disenadores-jonathan-muecke","9":"marca-knoll","10":"sales-flash-overlay","11":"woocommerce-text-align-center","12":"woocommerce-image-align-center","13":"do-quantity-buttons","14":"wc-has-gallery","16":"first","17":"instock","18":"taxable","19":"shipping-taxable","20":"product-type-simple"},"acf":[],"_links":{"self":[{"href":"https:\/\/enlineabarcelona.com\/ca\/wp-json\/wp\/v2\/product\/17966","targetHints":{"allow":["GET"]}}],"collection":[{"href":"https:\/\/enlineabarcelona.com\/ca\/wp-json\/wp\/v2\/product"}],"about":[{"href":"https:\/\/enlineabarcelona.com\/ca\/wp-json\/wp\/v2\/types\/product"}],"replies":[{"embeddable":true,"href":"https:\/\/enlineabarcelona.com\/ca\/wp-json\/wp\/v2\/comments?post=17966"}],"wp:featuredmedia":[{"embeddable":true,"href":"https:\/\/enlineabarcelona.com\/ca\/wp-json\/wp\/v2\/media\/17968"}],"wp:attachment":[{"href":"https:\/\/enlineabarcelona.com\/ca\/wp-json\/wp\/v2\/media?parent=17966"}],"wp:term":[{"taxonomy":"product_cat","embeddable":true,"href":"https:\/\/enlineabarcelona.com\/ca\/wp-json\/wp\/v2\/product_cat?post=17966"},{"taxonomy":"product_tag","embeddable":true,"href":"https:\/\/enlineabarcelona.com\/ca\/wp-json\/wp\/v2\/product_tag?post=17966"},{"taxonomy":"disenadores","embeddable":true,"href":"https:\/\/enlineabarcelona.com\/ca\/wp-json\/wp\/v2\/disenadores?post=17966"},{"taxonomy":"marca","embeddable":true,"href":"https:\/\/enlineabarcelona.com\/ca\/wp-json\/wp\/v2\/marca?post=17966"}],"curies":[{"name":"wp","href":"https:\/\/api.w.org\/{rel}","templated":true}]}}