{"id":18003,"date":"2026-02-17T10:34:24","date_gmt":"2026-02-17T10:34:24","guid":{"rendered":"https:\/\/enlineabarcelona.com\/?post_type=product&#038;p=18003"},"modified":"2026-02-17T10:55:50","modified_gmt":"2026-02-17T10:55:50","slug":"lampara-skynest-suspension","status":"publish","type":"product","link":"https:\/\/enlineabarcelona.com\/ca\/producto\/lampara-skynest-suspension\/","title":{"rendered":"L\u00e1mpara Skynest Suspension"},"content":{"rendered":"<p>L\u00e1mpara de suspensi\u00f3n de luz difusa. La c\u00fapula es el resultado de una combinaci\u00f3n de elementos ciegos y luminosos dispuestos formando una red y compuestos por n\u00facleos revestidos con una fina malla tubular trenzada hecha de tejido reciclado y reciclable tintado derivado del poli\u00e9ster. Los distintos elementos luminosos se alimentan mediante unos microconectores especiales presentes en la parte superior de la c\u00fapula y est\u00e1n revestidos con una malla bicolor cuyo lado orientado hacia el interior de la c\u00fapula siempre es blanco, para permitir una \u00f3ptima emisi\u00f3n luminosa del m\u00f3dulo LED. El aparato est\u00e1 dotado de un sistema de equilibrado integrado en la parte superior de la c\u00fapula que permite regular su equilibrio haciendo que sea perfectamente estable. La parte inferior de la c\u00fapula la completa un anillo de aluminio que mantiene en su sitio toda la estructura de red de la c\u00fapula mediante un sencillo sistema a presi\u00f3n.<\/p>\n","protected":false},"excerpt":{"rendered":"<p>L\u00e1mpara de suspensi\u00f3n de luz difusa. La c\u00fapula es el resultado de una combinaci\u00f3n de elementos ciegos y luminosos dispuestos formando una red y compuestos por n\u00facleos revestidos con una fina malla tubular trenzada hecha de tejido reciclado y reciclable tintado derivado del poli\u00e9ster. Los distintos elementos luminosos se alimentan mediante unos microconectores especiales presentes &#8230; <a title=\"L\u00e1mpara Skynest Suspension\" class=\"read-more\" href=\"https:\/\/enlineabarcelona.com\/ca\/producto\/lampara-skynest-suspension\/\" aria-label=\"M\u00e9s informaci\u00f3 sobre L\u00e1mpara Skynest Suspension\">Llegiu m\u00e9s<\/a><\/p>\n","protected":false},"featured_media":18005,"comment_status":"closed","ping_status":"closed","template":"","meta":{"_acf_changed":false},"product_cat":[296,1156,1207,1197,277],"product_tag":[],"disenadores":[828],"marca":[42],"class_list":{"0":"post-18003","1":"product","2":"type-product","3":"status-publish","4":"has-post-thumbnail","6":"product_cat-iluminacion-exterior","7":"product_cat-iluminacion","8":"product_cat-iluminacioniluminacion","9":"product_cat-lamparas-de-suspension","11":"disenadores-marcel-wanders","12":"marca-flos","13":"sales-flash-overlay","14":"woocommerce-text-align-center","15":"woocommerce-image-align-center","16":"do-quantity-buttons","17":"wc-has-gallery","19":"first","20":"instock","21":"taxable","22":"shipping-taxable","23":"product-type-simple"},"acf":[],"_links":{"self":[{"href":"https:\/\/enlineabarcelona.com\/ca\/wp-json\/wp\/v2\/product\/18003","targetHints":{"allow":["GET"]}}],"collection":[{"href":"https:\/\/enlineabarcelona.com\/ca\/wp-json\/wp\/v2\/product"}],"about":[{"href":"https:\/\/enlineabarcelona.com\/ca\/wp-json\/wp\/v2\/types\/product"}],"replies":[{"embeddable":true,"href":"https:\/\/enlineabarcelona.com\/ca\/wp-json\/wp\/v2\/comments?post=18003"}],"wp:featuredmedia":[{"embeddable":true,"href":"https:\/\/enlineabarcelona.com\/ca\/wp-json\/wp\/v2\/media\/18005"}],"wp:attachment":[{"href":"https:\/\/enlineabarcelona.com\/ca\/wp-json\/wp\/v2\/media?parent=18003"}],"wp:term":[{"taxonomy":"product_cat","embeddable":true,"href":"https:\/\/enlineabarcelona.com\/ca\/wp-json\/wp\/v2\/product_cat?post=18003"},{"taxonomy":"product_tag","embeddable":true,"href":"https:\/\/enlineabarcelona.com\/ca\/wp-json\/wp\/v2\/product_tag?post=18003"},{"taxonomy":"disenadores","embeddable":true,"href":"https:\/\/enlineabarcelona.com\/ca\/wp-json\/wp\/v2\/disenadores?post=18003"},{"taxonomy":"marca","embeddable":true,"href":"https:\/\/enlineabarcelona.com\/ca\/wp-json\/wp\/v2\/marca?post=18003"}],"curies":[{"name":"wp","href":"https:\/\/api.w.org\/{rel}","templated":true}]}}