{"id":18023,"date":"2026-02-17T10:57:23","date_gmt":"2026-02-17T10:57:23","guid":{"rendered":"https:\/\/enlineabarcelona.com\/?post_type=product&#038;p=18023"},"modified":"2026-02-17T11:12:32","modified_gmt":"2026-02-17T11:12:32","slug":"mesita-arnold","status":"publish","type":"product","link":"https:\/\/enlineabarcelona.com\/ca\/producto\/mesita-arnold\/","title":{"rendered":"Mesita Arnold"},"content":{"rendered":"<p>Una familia de mesas de centro caracterizadas por l\u00edneas esenciales, que a la tradici\u00f3n le a\u00f1aden una expresi\u00f3n contempor\u00e1nea. El dise\u00f1o de las patas y su posici\u00f3n oblicua aporta dinamismo al proyecto. El espesor del tablero de la mesa y el de las patas le da solidez al conjunto. Aunque el dise\u00f1o se basa en un concepto de monomaterialidad, el tablero puede realizarse tanto en madera chapada como en vidrio pintado, en una gama de colores refinados.<\/p>\n","protected":false},"excerpt":{"rendered":"<p>Una familia de mesas de centro caracterizadas por l\u00edneas esenciales, que a la tradici\u00f3n le a\u00f1aden una expresi\u00f3n contempor\u00e1nea. El dise\u00f1o de las patas y su posici\u00f3n oblicua aporta dinamismo al proyecto. El espesor del tablero de la mesa y el de las patas le da solidez al conjunto. Aunque el dise\u00f1o se basa en &#8230; <a title=\"Mesita Arnold\" class=\"read-more\" href=\"https:\/\/enlineabarcelona.com\/ca\/producto\/mesita-arnold\/\" aria-label=\"M\u00e9s informaci\u00f3 sobre Mesita Arnold\">Llegiu m\u00e9s<\/a><\/p>\n","protected":false},"featured_media":18025,"comment_status":"closed","ping_status":"closed","template":"","meta":{"_acf_changed":false},"product_cat":[289],"product_tag":[],"disenadores":[884],"marca":[46],"class_list":{"0":"post-18023","1":"product","2":"type-product","3":"status-publish","4":"has-post-thumbnail","6":"product_cat-mesas","7":"disenadores-antonio-citterio","8":"marca-flexform","9":"sales-flash-overlay","10":"woocommerce-text-align-center","11":"woocommerce-image-align-center","12":"do-quantity-buttons","13":"wc-has-gallery","15":"first","16":"instock","17":"taxable","18":"shipping-taxable","19":"product-type-simple"},"acf":[],"_links":{"self":[{"href":"https:\/\/enlineabarcelona.com\/ca\/wp-json\/wp\/v2\/product\/18023","targetHints":{"allow":["GET"]}}],"collection":[{"href":"https:\/\/enlineabarcelona.com\/ca\/wp-json\/wp\/v2\/product"}],"about":[{"href":"https:\/\/enlineabarcelona.com\/ca\/wp-json\/wp\/v2\/types\/product"}],"replies":[{"embeddable":true,"href":"https:\/\/enlineabarcelona.com\/ca\/wp-json\/wp\/v2\/comments?post=18023"}],"wp:featuredmedia":[{"embeddable":true,"href":"https:\/\/enlineabarcelona.com\/ca\/wp-json\/wp\/v2\/media\/18025"}],"wp:attachment":[{"href":"https:\/\/enlineabarcelona.com\/ca\/wp-json\/wp\/v2\/media?parent=18023"}],"wp:term":[{"taxonomy":"product_cat","embeddable":true,"href":"https:\/\/enlineabarcelona.com\/ca\/wp-json\/wp\/v2\/product_cat?post=18023"},{"taxonomy":"product_tag","embeddable":true,"href":"https:\/\/enlineabarcelona.com\/ca\/wp-json\/wp\/v2\/product_tag?post=18023"},{"taxonomy":"disenadores","embeddable":true,"href":"https:\/\/enlineabarcelona.com\/ca\/wp-json\/wp\/v2\/disenadores?post=18023"},{"taxonomy":"marca","embeddable":true,"href":"https:\/\/enlineabarcelona.com\/ca\/wp-json\/wp\/v2\/marca?post=18023"}],"curies":[{"name":"wp","href":"https:\/\/api.w.org\/{rel}","templated":true}]}}