{"id":18037,"date":"2026-02-17T11:14:55","date_gmt":"2026-02-17T11:14:55","guid":{"rendered":"https:\/\/enlineabarcelona.com\/?post_type=product&#038;p=18037"},"modified":"2026-02-17T11:26:26","modified_gmt":"2026-02-17T11:26:26","slug":"lampara-mylines","status":"publish","type":"product","link":"https:\/\/enlineabarcelona.com\/ca\/producto\/lampara-mylines\/","title":{"rendered":"L\u00e1mpara My Lines"},"content":{"rendered":"<p>My Lines es una l\u00e1mpara de suspensi\u00f3n de luz difusa compuesta por dos barras verticales orientables, unidas a un roset\u00f3n con acabado blanco mate.<\/p>\n","protected":false},"excerpt":{"rendered":"<p>My Lines es una l\u00e1mpara de suspensi\u00f3n de luz difusa compuesta por dos barras verticales orientables, unidas a un roset\u00f3n con acabado blanco mate.<\/p>\n","protected":false},"featured_media":18039,"comment_status":"closed","ping_status":"closed","template":"","meta":{"_acf_changed":false},"product_cat":[296,1156,277],"product_tag":[],"disenadores":[934],"marca":[42],"class_list":{"0":"post-18037","1":"product","2":"type-product","3":"status-publish","4":"has-post-thumbnail","6":"product_cat-iluminacion-exterior","7":"product_cat-iluminacion","8":"product_cat-lamparas-de-suspension","9":"disenadores-michael-annastasiades-ca","10":"marca-flos","11":"sales-flash-overlay","12":"woocommerce-text-align-center","13":"woocommerce-image-align-center","14":"do-quantity-buttons","15":"wc-has-gallery","17":"first","18":"instock","19":"taxable","20":"shipping-taxable","21":"product-type-simple"},"acf":[],"_links":{"self":[{"href":"https:\/\/enlineabarcelona.com\/ca\/wp-json\/wp\/v2\/product\/18037","targetHints":{"allow":["GET"]}}],"collection":[{"href":"https:\/\/enlineabarcelona.com\/ca\/wp-json\/wp\/v2\/product"}],"about":[{"href":"https:\/\/enlineabarcelona.com\/ca\/wp-json\/wp\/v2\/types\/product"}],"replies":[{"embeddable":true,"href":"https:\/\/enlineabarcelona.com\/ca\/wp-json\/wp\/v2\/comments?post=18037"}],"wp:featuredmedia":[{"embeddable":true,"href":"https:\/\/enlineabarcelona.com\/ca\/wp-json\/wp\/v2\/media\/18039"}],"wp:attachment":[{"href":"https:\/\/enlineabarcelona.com\/ca\/wp-json\/wp\/v2\/media?parent=18037"}],"wp:term":[{"taxonomy":"product_cat","embeddable":true,"href":"https:\/\/enlineabarcelona.com\/ca\/wp-json\/wp\/v2\/product_cat?post=18037"},{"taxonomy":"product_tag","embeddable":true,"href":"https:\/\/enlineabarcelona.com\/ca\/wp-json\/wp\/v2\/product_tag?post=18037"},{"taxonomy":"disenadores","embeddable":true,"href":"https:\/\/enlineabarcelona.com\/ca\/wp-json\/wp\/v2\/disenadores?post=18037"},{"taxonomy":"marca","embeddable":true,"href":"https:\/\/enlineabarcelona.com\/ca\/wp-json\/wp\/v2\/marca?post=18037"}],"curies":[{"name":"wp","href":"https:\/\/api.w.org\/{rel}","templated":true}]}}