{"id":18048,"date":"2026-02-17T11:31:07","date_gmt":"2026-02-17T11:31:07","guid":{"rendered":"https:\/\/enlineabarcelona.com\/?post_type=product&#038;p=18048"},"modified":"2026-02-17T11:39:36","modified_gmt":"2026-02-17T11:39:36","slug":"sofa-cocun","status":"publish","type":"product","link":"https:\/\/enlineabarcelona.com\/ca\/producto\/sofa-cocun\/","title":{"rendered":"Sof\u00e1 Coc\u00f9n"},"content":{"rendered":"<p>Un refugio acogedor, un abrazo suave, un sistema de asientos dise\u00f1ado para envolver y acomodar. Con Coc\u00f9n, Antonio Citterio explora la idea de una comodidad fluida y sin restricciones, dando vida a un sof\u00e1 modular que se convierte en un verdadero archipi\u00e9lago de posibilidades. Coc\u00f9n es un sistema de asientos articulado mediante cinco formas geom\u00e9tricas diferentes: un m\u00f3dulo rectangular, dos m\u00f3dulos dormeuse curvos, una chaise longue y un mueble esquinero. Estos elementos se pueden combinar libremente para crear multitud de composiciones, adapt\u00e1ndose armoniosamente a cualquier ambiente, desde amplios salones hasta espacios m\u00e1s \u00edntimos. Con su dise\u00f1o envolvente y refinado, las l\u00edneas de Coc\u00f9n expresan una elegancia contempor\u00e1nea. La base acolchada evoca una sensaci\u00f3n de ligereza, mientras que el respaldo, discretamente fijado a la base mediante soportes de acero tapizados en tela o cuero grueso, ofrece un soporte ergon\u00f3mico sin alterar la fluidez de las formas.<\/p>\n","protected":false},"excerpt":{"rendered":"<p>Un refugio acogedor, un abrazo suave, un sistema de asientos dise\u00f1ado para envolver y acomodar. Con Coc\u00f9n, Antonio Citterio explora la idea de una comodidad fluida y sin restricciones, dando vida a un sof\u00e1 modular que se convierte en un verdadero archipi\u00e9lago de posibilidades. Coc\u00f9n es un sistema de asientos articulado mediante cinco formas geom\u00e9tricas &#8230; <a title=\"Sof\u00e1 Coc\u00f9n\" class=\"read-more\" href=\"https:\/\/enlineabarcelona.com\/ca\/producto\/sofa-cocun\/\" aria-label=\"M\u00e9s informaci\u00f3 sobre Sof\u00e1 Coc\u00f9n\">Llegiu m\u00e9s<\/a><\/p>\n","protected":false},"featured_media":18050,"comment_status":"closed","ping_status":"closed","template":"","meta":{"_acf_changed":false},"product_cat":[1147],"product_tag":[],"disenadores":[974],"marca":[37],"class_list":{"0":"post-18048","1":"product","2":"type-product","3":"status-publish","4":"has-post-thumbnail","6":"product_cat-sofas","7":"disenadores-antonio-citterio-ca","8":"marca-bb-italia","9":"sales-flash-overlay","10":"woocommerce-text-align-center","11":"woocommerce-image-align-center","12":"do-quantity-buttons","13":"wc-has-gallery","15":"first","16":"instock","17":"taxable","18":"shipping-taxable","19":"product-type-simple"},"acf":[],"_links":{"self":[{"href":"https:\/\/enlineabarcelona.com\/ca\/wp-json\/wp\/v2\/product\/18048","targetHints":{"allow":["GET"]}}],"collection":[{"href":"https:\/\/enlineabarcelona.com\/ca\/wp-json\/wp\/v2\/product"}],"about":[{"href":"https:\/\/enlineabarcelona.com\/ca\/wp-json\/wp\/v2\/types\/product"}],"replies":[{"embeddable":true,"href":"https:\/\/enlineabarcelona.com\/ca\/wp-json\/wp\/v2\/comments?post=18048"}],"wp:featuredmedia":[{"embeddable":true,"href":"https:\/\/enlineabarcelona.com\/ca\/wp-json\/wp\/v2\/media\/18050"}],"wp:attachment":[{"href":"https:\/\/enlineabarcelona.com\/ca\/wp-json\/wp\/v2\/media?parent=18048"}],"wp:term":[{"taxonomy":"product_cat","embeddable":true,"href":"https:\/\/enlineabarcelona.com\/ca\/wp-json\/wp\/v2\/product_cat?post=18048"},{"taxonomy":"product_tag","embeddable":true,"href":"https:\/\/enlineabarcelona.com\/ca\/wp-json\/wp\/v2\/product_tag?post=18048"},{"taxonomy":"disenadores","embeddable":true,"href":"https:\/\/enlineabarcelona.com\/ca\/wp-json\/wp\/v2\/disenadores?post=18048"},{"taxonomy":"marca","embeddable":true,"href":"https:\/\/enlineabarcelona.com\/ca\/wp-json\/wp\/v2\/marca?post=18048"}],"curies":[{"name":"wp","href":"https:\/\/api.w.org\/{rel}","templated":true}]}}