{"id":18068,"date":"2026-02-17T11:41:01","date_gmt":"2026-02-17T11:41:01","guid":{"rendered":"https:\/\/enlineabarcelona.com\/?post_type=product&#038;p=18068"},"modified":"2026-02-17T11:55:53","modified_gmt":"2026-02-17T11:55:53","slug":"mesita-tabace","status":"publish","type":"product","link":"https:\/\/enlineabarcelona.com\/ca\/producto\/mesita-tabace\/","title":{"rendered":"Mesita Ta.Ba.Ce"},"content":{"rendered":"<p>Philippe Malouin se inspir\u00f3 en un detalle particular del proceso artesanal de la cer\u00e1mica: la base sin esmaltar de los jarrones, debido al contacto con las paredes del horno durante la vitrificaci\u00f3n. Este elemento caracter\u00edstico, generalmente considerado un efecto secundario de la producci\u00f3n, se ha convertido en un detalle distintivo en la colecci\u00f3n Ta.Ba.Ce. Esta elecci\u00f3n estil\u00edstica crea un juego de texturas y contrastes, realzando las l\u00edneas de las mesas y otorg\u00e1ndoles una identidad \u00fanica y reconocible.<\/p>\n","protected":false},"excerpt":{"rendered":"<p>Philippe Malouin se inspir\u00f3 en un detalle particular del proceso artesanal de la cer\u00e1mica: la base sin esmaltar de los jarrones, debido al contacto con las paredes del horno durante la vitrificaci\u00f3n. Este elemento caracter\u00edstico, generalmente considerado un efecto secundario de la producci\u00f3n, se ha convertido en un detalle distintivo en la colecci\u00f3n Ta.Ba.Ce. Esta &#8230; <a title=\"Mesita Ta.Ba.Ce\" class=\"read-more\" href=\"https:\/\/enlineabarcelona.com\/ca\/producto\/mesita-tabace\/\" aria-label=\"M\u00e9s informaci\u00f3 sobre Mesita Ta.Ba.Ce\">Llegiu m\u00e9s<\/a><\/p>\n","protected":false},"featured_media":18070,"comment_status":"closed","ping_status":"closed","template":"","meta":{"_acf_changed":false},"product_cat":[289],"product_tag":[],"disenadores":[1994],"marca":[57],"class_list":{"0":"post-18068","1":"product","2":"type-product","3":"status-publish","4":"has-post-thumbnail","6":"product_cat-mesas","7":"disenadores-philippe-malouin","8":"marca-zanotta","9":"sales-flash-overlay","10":"woocommerce-text-align-center","11":"woocommerce-image-align-center","12":"do-quantity-buttons","13":"wc-has-gallery","15":"first","16":"instock","17":"taxable","18":"shipping-taxable","19":"product-type-simple"},"acf":[],"_links":{"self":[{"href":"https:\/\/enlineabarcelona.com\/ca\/wp-json\/wp\/v2\/product\/18068","targetHints":{"allow":["GET"]}}],"collection":[{"href":"https:\/\/enlineabarcelona.com\/ca\/wp-json\/wp\/v2\/product"}],"about":[{"href":"https:\/\/enlineabarcelona.com\/ca\/wp-json\/wp\/v2\/types\/product"}],"replies":[{"embeddable":true,"href":"https:\/\/enlineabarcelona.com\/ca\/wp-json\/wp\/v2\/comments?post=18068"}],"wp:featuredmedia":[{"embeddable":true,"href":"https:\/\/enlineabarcelona.com\/ca\/wp-json\/wp\/v2\/media\/18070"}],"wp:attachment":[{"href":"https:\/\/enlineabarcelona.com\/ca\/wp-json\/wp\/v2\/media?parent=18068"}],"wp:term":[{"taxonomy":"product_cat","embeddable":true,"href":"https:\/\/enlineabarcelona.com\/ca\/wp-json\/wp\/v2\/product_cat?post=18068"},{"taxonomy":"product_tag","embeddable":true,"href":"https:\/\/enlineabarcelona.com\/ca\/wp-json\/wp\/v2\/product_tag?post=18068"},{"taxonomy":"disenadores","embeddable":true,"href":"https:\/\/enlineabarcelona.com\/ca\/wp-json\/wp\/v2\/disenadores?post=18068"},{"taxonomy":"marca","embeddable":true,"href":"https:\/\/enlineabarcelona.com\/ca\/wp-json\/wp\/v2\/marca?post=18068"}],"curies":[{"name":"wp","href":"https:\/\/api.w.org\/{rel}","templated":true}]}}