{"id":18092,"date":"2026-03-02T08:56:22","date_gmt":"2026-03-02T08:56:22","guid":{"rendered":"https:\/\/enlineabarcelona.com\/?post_type=product&#038;p=18092"},"modified":"2026-03-02T09:21:58","modified_gmt":"2026-03-02T09:21:58","slug":"groundpiece-copia","status":"publish","type":"product","link":"https:\/\/enlineabarcelona.com\/ca\/producto\/groundpiece-copia\/","title":{"rendered":"GROUNDPIECE (copia)"},"content":{"rendered":"<p>Sof\u00e0 icona de la signatura Flexform. Sof\u00e0 dissenyat per a afavorir la postura informal i relaxada. T\u00e9 diverses opcions de farciment de seient, ploma, premium i dacron, a m\u00e9s de poder triar entre les seves dues profunditats.<\/p>\n","protected":false},"excerpt":{"rendered":"<p>Sof\u00e0 icona de la signatura Flexform. Sof\u00e0 dissenyat per a afavorir la postura informal i relaxada. T\u00e9 diverses opcions de farciment de seient, ploma, premium i dacron, a m\u00e9s de poder triar entre les seves dues profunditats.<\/p>\n","protected":false},"featured_media":18095,"comment_status":"closed","ping_status":"closed","template":"","meta":{"_acf_changed":false},"product_cat":[1135,1134],"product_tag":[],"disenadores":[1933],"marca":[2007],"class_list":{"0":"post-18092","1":"product","2":"type-product","3":"status-publish","4":"has-post-thumbnail","6":"product_cat-llits","7":"product_cat-mobiliari","8":"disenadores-antonio-citterio","9":"marca-flexform","10":"sales-flash-overlay","11":"woocommerce-text-align-center","12":"woocommerce-image-align-center","13":"do-quantity-buttons","14":"wc-has-gallery","16":"first","17":"instock","18":"product-type-simple"},"acf":[],"_links":{"self":[{"href":"https:\/\/enlineabarcelona.com\/ca\/wp-json\/wp\/v2\/product\/18092","targetHints":{"allow":["GET"]}}],"collection":[{"href":"https:\/\/enlineabarcelona.com\/ca\/wp-json\/wp\/v2\/product"}],"about":[{"href":"https:\/\/enlineabarcelona.com\/ca\/wp-json\/wp\/v2\/types\/product"}],"replies":[{"embeddable":true,"href":"https:\/\/enlineabarcelona.com\/ca\/wp-json\/wp\/v2\/comments?post=18092"}],"wp:featuredmedia":[{"embeddable":true,"href":"https:\/\/enlineabarcelona.com\/ca\/wp-json\/wp\/v2\/media\/18095"}],"wp:attachment":[{"href":"https:\/\/enlineabarcelona.com\/ca\/wp-json\/wp\/v2\/media?parent=18092"}],"wp:term":[{"taxonomy":"product_cat","embeddable":true,"href":"https:\/\/enlineabarcelona.com\/ca\/wp-json\/wp\/v2\/product_cat?post=18092"},{"taxonomy":"product_tag","embeddable":true,"href":"https:\/\/enlineabarcelona.com\/ca\/wp-json\/wp\/v2\/product_tag?post=18092"},{"taxonomy":"disenadores","embeddable":true,"href":"https:\/\/enlineabarcelona.com\/ca\/wp-json\/wp\/v2\/disenadores?post=18092"},{"taxonomy":"marca","embeddable":true,"href":"https:\/\/enlineabarcelona.com\/ca\/wp-json\/wp\/v2\/marca?post=18092"}],"curies":[{"name":"wp","href":"https:\/\/api.w.org\/{rel}","templated":true}]}}