{"id":18198,"date":"2026-04-07T10:23:43","date_gmt":"2026-04-07T10:23:43","guid":{"rendered":"https:\/\/enlineabarcelona.com\/?post_type=product&#038;p=18198"},"modified":"2026-04-07T10:52:39","modified_gmt":"2026-04-07T10:52:39","slug":"groundpiece-copia-copia-copia-copia","status":"publish","type":"product","link":"https:\/\/enlineabarcelona.com\/ca\/producto\/groundpiece-copia-copia-copia-copia\/","title":{"rendered":"GROUNDPIECE (copia) (copia) (copia) (copia)"},"content":{"rendered":"<p>Sof\u00e0 icona de la signatura Flexform. Sof\u00e0 dissenyat per a afavorir la postura informal i relaxada. T\u00e9 diverses opcions de farciment de seient, ploma, premium i dacron, a m\u00e9s de poder triar entre les seves dues profunditats.<\/p>\n","protected":false},"excerpt":{"rendered":"<p>Sof\u00e0 icona de la signatura Flexform. Sof\u00e0 dissenyat per a afavorir la postura informal i relaxada. T\u00e9 diverses opcions de farciment de seient, ploma, premium i dacron, a m\u00e9s de poder triar entre les seves dues profunditats.<\/p>\n","protected":false},"featured_media":18201,"comment_status":"closed","ping_status":"closed","template":"","meta":{"_acf_changed":false},"product_cat":[1135,1134],"product_tag":[],"disenadores":[],"marca":[],"class_list":{"0":"post-18198","1":"product","2":"type-product","3":"status-publish","4":"has-post-thumbnail","6":"product_cat-llits","7":"product_cat-mobiliari","8":"sales-flash-overlay","9":"woocommerce-text-align-center","10":"woocommerce-image-align-center","11":"do-quantity-buttons","12":"wc-has-gallery","14":"first","15":"instock","16":"product-type-simple"},"acf":[],"_links":{"self":[{"href":"https:\/\/enlineabarcelona.com\/ca\/wp-json\/wp\/v2\/product\/18198","targetHints":{"allow":["GET"]}}],"collection":[{"href":"https:\/\/enlineabarcelona.com\/ca\/wp-json\/wp\/v2\/product"}],"about":[{"href":"https:\/\/enlineabarcelona.com\/ca\/wp-json\/wp\/v2\/types\/product"}],"replies":[{"embeddable":true,"href":"https:\/\/enlineabarcelona.com\/ca\/wp-json\/wp\/v2\/comments?post=18198"}],"wp:featuredmedia":[{"embeddable":true,"href":"https:\/\/enlineabarcelona.com\/ca\/wp-json\/wp\/v2\/media\/18201"}],"wp:attachment":[{"href":"https:\/\/enlineabarcelona.com\/ca\/wp-json\/wp\/v2\/media?parent=18198"}],"wp:term":[{"taxonomy":"product_cat","embeddable":true,"href":"https:\/\/enlineabarcelona.com\/ca\/wp-json\/wp\/v2\/product_cat?post=18198"},{"taxonomy":"product_tag","embeddable":true,"href":"https:\/\/enlineabarcelona.com\/ca\/wp-json\/wp\/v2\/product_tag?post=18198"},{"taxonomy":"disenadores","embeddable":true,"href":"https:\/\/enlineabarcelona.com\/ca\/wp-json\/wp\/v2\/disenadores?post=18198"},{"taxonomy":"marca","embeddable":true,"href":"https:\/\/enlineabarcelona.com\/ca\/wp-json\/wp\/v2\/marca?post=18198"}],"curies":[{"name":"wp","href":"https:\/\/api.w.org\/{rel}","templated":true}]}}