{"id":18396,"date":"2026-04-08T10:26:57","date_gmt":"2026-04-08T10:26:57","guid":{"rendered":"https:\/\/enlineabarcelona.com\/?post_type=product&#038;p=18396"},"modified":"2026-04-08T10:26:57","modified_gmt":"2026-04-08T10:26:57","slug":"sofa-mags-soft-2-5-plazas","status":"publish","type":"product","link":"https:\/\/enlineabarcelona.com\/ca\/producto\/sofa-mags-soft-2-5-plazas\/","title":{"rendered":"Sof\u00e1 Mags Soft &#8211; 2,5 Plazas Combinaci\u00f3n 3 Right"},"content":{"rendered":"<div class=\"flex flex-col text-sm\">\n<section class=\"text-token-text-primary w-full focus:outline-none [--shadow-height:45px] has-data-writing-block:pointer-events-none has-data-writing-block:-mt-(--shadow-height) has-data-writing-block:pt-(--shadow-height) [&amp;:has([data-writing-block])&gt;*]:pointer-events-auto scroll-mt-[calc(var(--header-height)+min(200px,max(70px,20svh)))]\" dir=\"auto\" data-turn-id=\"request-WEB:4bdefb95-d99b-481e-995a-690d2d120d59-2\" data-testid=\"conversation-turn-6\" data-scroll-anchor=\"true\" data-turn=\"assistant\">\n<div class=\"text-base my-auto mx-auto pb-10 [--thread-content-margin:var(--thread-content-margin-xs,calc(var(--spacing)*4))] @w-sm\/main:[--thread-content-margin:var(--thread-content-margin-sm,calc(var(--spacing)*6))] @w-lg\/main:[--thread-content-margin:var(--thread-content-margin-lg,calc(var(--spacing)*16))] px-(--thread-content-margin)\">\n<div class=\"[--thread-content-max-width:40rem] @w-lg\/main:[--thread-content-max-width:48rem] mx-auto max-w-(--thread-content-max-width) flex-1 group\/turn-messages focus-visible:outline-hidden relative flex w-full min-w-0 flex-col agent-turn\">\n<div class=\"flex max-w-full flex-col gap-4 grow\">\n<div class=\"min-h-8 text-message relative flex w-full flex-col items-end gap-2 text-start break-words whitespace-normal outline-none keyboard-focused:focus-ring [.text-message+&amp;]:mt-1\" dir=\"auto\" tabindex=\"0\" data-message-author-role=\"assistant\" data-message-id=\"5bb9faaf-59ef-419c-b70d-b8666b3a5a09\" data-message-model-slug=\"gpt-5-3\" data-turn-start-message=\"true\">\n<div class=\"flex w-full flex-col gap-1 empty:hidden\">\n<div class=\"markdown prose dark:prose-invert w-full wrap-break-word light markdown-new-styling\">\n<p data-start=\"43\" data-end=\"329\">Los bordes redondeados y los cojines suaves crean un tono m\u00e1s amable y relajado en el sof\u00e1 Mags Soft. El confort y la durabilidad \u00f3ptimos est\u00e1n garantizados por la s\u00f3lida construcci\u00f3n del sof\u00e1, fabricado con espuma de alta densidad y recubierto con un edred\u00f3n para mayor suavidad.<\/p>\n<p data-start=\"336\" data-end=\"486\">La estructura baja aporta una sensaci\u00f3n claramente de lounge, reforzada por los asientos profundos, lo que da lugar a un espacio abierto y acogedor.<\/p>\n<p data-start=\"493\" data-end=\"738\" data-is-last-node=\"\">Con una amplia variedad de unidades modulares y opciones de tapicer\u00eda con costuras visibles, Mags Soft ofrece numerosas posibilidades de personalizaci\u00f3n, convirti\u00e9ndose en una opci\u00f3n vers\u00e1til tanto para entornos dom\u00e9sticos como corporativos.<\/p>\n<\/div>\n<\/div>\n<\/div>\n<\/div>\n<\/div>\n<\/div>\n<\/section>\n<\/div>\n","protected":false},"excerpt":{"rendered":"<p>Los bordes redondeados y los cojines suaves crean un tono m\u00e1s amable y relajado en el sof\u00e1 Mags Soft. El confort y la durabilidad \u00f3ptimos est\u00e1n garantizados por la s\u00f3lida construcci\u00f3n del sof\u00e1, fabricado con espuma de alta densidad y recubierto con un edred\u00f3n para mayor suavidad. La estructura baja aporta una sensaci\u00f3n claramente de &#8230; <a title=\"Sof\u00e1 Mags Soft &#8211; 2,5 Plazas Combinaci\u00f3n 3 Right\" class=\"read-more\" href=\"https:\/\/enlineabarcelona.com\/ca\/producto\/sofa-mags-soft-2-5-plazas\/\" aria-label=\"M\u00e9s informaci\u00f3 sobre Sof\u00e1 Mags Soft &#8211; 2,5 Plazas Combinaci\u00f3n 3 Right\">Llegiu m\u00e9s<\/a><\/p>\n","protected":false},"featured_media":18387,"comment_status":"closed","ping_status":"closed","template":"","meta":{"_acf_changed":false},"product_cat":[298,1147],"product_tag":[],"disenadores":[2063],"marca":[35],"class_list":{"0":"post-18396","1":"product","2":"type-product","3":"status-publish","4":"has-post-thumbnail","6":"product_cat-mobiliario","7":"product_cat-sofas","8":"disenadores-hay","9":"marca-hay","10":"sales-flash-overlay","11":"woocommerce-text-align-center","12":"woocommerce-image-align-center","13":"do-quantity-buttons","14":"wc-has-gallery","16":"first","17":"instock","18":"product-type-simple"},"acf":[],"_links":{"self":[{"href":"https:\/\/enlineabarcelona.com\/ca\/wp-json\/wp\/v2\/product\/18396","targetHints":{"allow":["GET"]}}],"collection":[{"href":"https:\/\/enlineabarcelona.com\/ca\/wp-json\/wp\/v2\/product"}],"about":[{"href":"https:\/\/enlineabarcelona.com\/ca\/wp-json\/wp\/v2\/types\/product"}],"replies":[{"embeddable":true,"href":"https:\/\/enlineabarcelona.com\/ca\/wp-json\/wp\/v2\/comments?post=18396"}],"wp:featuredmedia":[{"embeddable":true,"href":"https:\/\/enlineabarcelona.com\/ca\/wp-json\/wp\/v2\/media\/18387"}],"wp:attachment":[{"href":"https:\/\/enlineabarcelona.com\/ca\/wp-json\/wp\/v2\/media?parent=18396"}],"wp:term":[{"taxonomy":"product_cat","embeddable":true,"href":"https:\/\/enlineabarcelona.com\/ca\/wp-json\/wp\/v2\/product_cat?post=18396"},{"taxonomy":"product_tag","embeddable":true,"href":"https:\/\/enlineabarcelona.com\/ca\/wp-json\/wp\/v2\/product_tag?post=18396"},{"taxonomy":"disenadores","embeddable":true,"href":"https:\/\/enlineabarcelona.com\/ca\/wp-json\/wp\/v2\/disenadores?post=18396"},{"taxonomy":"marca","embeddable":true,"href":"https:\/\/enlineabarcelona.com\/ca\/wp-json\/wp\/v2\/marca?post=18396"}],"curies":[{"name":"wp","href":"https:\/\/api.w.org\/{rel}","templated":true}]}}