{"id":18646,"date":"2026-04-09T08:08:13","date_gmt":"2026-04-09T08:08:13","guid":{"rendered":"https:\/\/enlineabarcelona.com\/?post_type=product&#038;p=18646"},"modified":"2026-04-09T08:18:11","modified_gmt":"2026-04-09T08:18:11","slug":"mesa-extensible-brick","status":"publish","type":"product","link":"https:\/\/enlineabarcelona.com\/ca\/producto\/mesa-extensible-brick\/","title":{"rendered":"Mesa\u00a0Extensible Brick"},"content":{"rendered":"\r\n<p>BRICK redescubre un material sencillo y natural como la madera. El concepto de la mesa extensible, protagonista de esta colecci\u00f3n, queda claro desde su nombre, procedente del ingl\u00e9s BRICK, ladrillo: la preciosa teca utilizada para fabricar los distintos accesorios se descompone en piezas siguiendo un juego r\u00edtmico de juntas geom\u00e9tricamente perfectas que caracterizan el dise\u00f1o de todo el tablero.<\/p>\r\n<p>La estabilidad de la estructura, dise\u00f1ada con l\u00edneas decididas y esenciales, contrasta con el dinamismo de la parte superior extensible.<\/p>\r\n","protected":false},"excerpt":{"rendered":"<p>BRICK redescubre un material sencillo y natural como la madera. El concepto de la mesa extensible, protagonista de esta colecci\u00f3n, queda claro desde su nombre, procedente del ingl\u00e9s BRICK, ladrillo: la preciosa teca utilizada para fabricar los distintos accesorios se descompone en piezas siguiendo un juego r\u00edtmico de juntas geom\u00e9tricamente perfectas que caracterizan el dise\u00f1o &#8230; <a title=\"Mesa\u00a0Extensible Brick\" class=\"read-more\" href=\"https:\/\/enlineabarcelona.com\/ca\/producto\/mesa-extensible-brick\/\" aria-label=\"M\u00e9s informaci\u00f3 sobre Mesa\u00a0Extensible Brick\">Llegiu m\u00e9s<\/a><\/p>\n","protected":false},"featured_media":18654,"comment_status":"closed","ping_status":"closed","template":"","meta":{"_acf_changed":false},"product_cat":[251,1246,1245],"product_tag":[],"disenadores":[778],"marca":[70],"class_list":{"0":"post-18646","1":"product","2":"type-product","3":"status-publish","4":"has-post-thumbnail","6":"product_cat-exterior","7":"product_cat-mesas","8":"product_cat-mesasmobiliario","9":"disenadores-gordon-guillaumier","10":"marca-roda","11":"sales-flash-overlay","12":"woocommerce-text-align-center","13":"woocommerce-image-align-center","14":"do-quantity-buttons","15":"wc-has-gallery","17":"first","18":"instock","19":"product-type-simple"},"acf":[],"_links":{"self":[{"href":"https:\/\/enlineabarcelona.com\/ca\/wp-json\/wp\/v2\/product\/18646","targetHints":{"allow":["GET"]}}],"collection":[{"href":"https:\/\/enlineabarcelona.com\/ca\/wp-json\/wp\/v2\/product"}],"about":[{"href":"https:\/\/enlineabarcelona.com\/ca\/wp-json\/wp\/v2\/types\/product"}],"replies":[{"embeddable":true,"href":"https:\/\/enlineabarcelona.com\/ca\/wp-json\/wp\/v2\/comments?post=18646"}],"wp:featuredmedia":[{"embeddable":true,"href":"https:\/\/enlineabarcelona.com\/ca\/wp-json\/wp\/v2\/media\/18654"}],"wp:attachment":[{"href":"https:\/\/enlineabarcelona.com\/ca\/wp-json\/wp\/v2\/media?parent=18646"}],"wp:term":[{"taxonomy":"product_cat","embeddable":true,"href":"https:\/\/enlineabarcelona.com\/ca\/wp-json\/wp\/v2\/product_cat?post=18646"},{"taxonomy":"product_tag","embeddable":true,"href":"https:\/\/enlineabarcelona.com\/ca\/wp-json\/wp\/v2\/product_tag?post=18646"},{"taxonomy":"disenadores","embeddable":true,"href":"https:\/\/enlineabarcelona.com\/ca\/wp-json\/wp\/v2\/disenadores?post=18646"},{"taxonomy":"marca","embeddable":true,"href":"https:\/\/enlineabarcelona.com\/ca\/wp-json\/wp\/v2\/marca?post=18646"}],"curies":[{"name":"wp","href":"https:\/\/api.w.org\/{rel}","templated":true}]}}