{"id":18658,"date":"2026-04-09T08:19:47","date_gmt":"2026-04-09T08:19:47","guid":{"rendered":"https:\/\/enlineabarcelona.com\/?post_type=product&#038;p=18658"},"modified":"2026-04-09T08:31:20","modified_gmt":"2026-04-09T08:31:20","slug":"groundpiece-copia-copia-copia-copia-copia-copia-copia-copia-copia-copia-copia-copia-copia-3","status":"publish","type":"product","link":"https:\/\/enlineabarcelona.com\/ca\/producto\/groundpiece-copia-copia-copia-copia-copia-copia-copia-copia-copia-copia-copia-copia-copia-3\/","title":{"rendered":"GROUNDPIECE (copia) (copia) (copia) (copia) (copia) (copia) (copia) (copia) (copia) (copia) (copia) (copia) (copia)"},"content":{"rendered":"<p>Sof\u00e0 icona de la signatura Flexform. Sof\u00e0 dissenyat per a afavorir la postura informal i relaxada. T\u00e9 diverses opcions de farciment de seient, ploma, premium i dacron, a m\u00e9s de poder triar entre les seves dues profunditats.<\/p>\n","protected":false},"excerpt":{"rendered":"<p>Sof\u00e0 icona de la signatura Flexform. Sof\u00e0 dissenyat per a afavorir la postura informal i relaxada. T\u00e9 diverses opcions de farciment de seient, ploma, premium i dacron, a m\u00e9s de poder triar entre les seves dues profunditats.<\/p>\n","protected":false},"featured_media":18667,"comment_status":"closed","ping_status":"closed","template":"","meta":{"_acf_changed":false},"product_cat":[1135,1134],"product_tag":[],"disenadores":[],"marca":[1317],"class_list":{"0":"post-18658","1":"product","2":"type-product","3":"status-publish","4":"has-post-thumbnail","6":"product_cat-llits","7":"product_cat-mobiliari","8":"marca-hay","9":"sales-flash-overlay","10":"woocommerce-text-align-center","11":"woocommerce-image-align-center","12":"do-quantity-buttons","13":"wc-has-gallery","15":"first","16":"instock","17":"product-type-simple"},"acf":[],"_links":{"self":[{"href":"https:\/\/enlineabarcelona.com\/ca\/wp-json\/wp\/v2\/product\/18658","targetHints":{"allow":["GET"]}}],"collection":[{"href":"https:\/\/enlineabarcelona.com\/ca\/wp-json\/wp\/v2\/product"}],"about":[{"href":"https:\/\/enlineabarcelona.com\/ca\/wp-json\/wp\/v2\/types\/product"}],"replies":[{"embeddable":true,"href":"https:\/\/enlineabarcelona.com\/ca\/wp-json\/wp\/v2\/comments?post=18658"}],"wp:featuredmedia":[{"embeddable":true,"href":"https:\/\/enlineabarcelona.com\/ca\/wp-json\/wp\/v2\/media\/18667"}],"wp:attachment":[{"href":"https:\/\/enlineabarcelona.com\/ca\/wp-json\/wp\/v2\/media?parent=18658"}],"wp:term":[{"taxonomy":"product_cat","embeddable":true,"href":"https:\/\/enlineabarcelona.com\/ca\/wp-json\/wp\/v2\/product_cat?post=18658"},{"taxonomy":"product_tag","embeddable":true,"href":"https:\/\/enlineabarcelona.com\/ca\/wp-json\/wp\/v2\/product_tag?post=18658"},{"taxonomy":"disenadores","embeddable":true,"href":"https:\/\/enlineabarcelona.com\/ca\/wp-json\/wp\/v2\/disenadores?post=18658"},{"taxonomy":"marca","embeddable":true,"href":"https:\/\/enlineabarcelona.com\/ca\/wp-json\/wp\/v2\/marca?post=18658"}],"curies":[{"name":"wp","href":"https:\/\/api.w.org\/{rel}","templated":true}]}}