{"id":14097,"date":"2025-10-27T11:18:05","date_gmt":"2025-10-27T11:18:05","guid":{"rendered":"https:\/\/enlineabarcelona.com\/producto\/lampara-sobremesa-cobra\/"},"modified":"2025-10-27T11:18:18","modified_gmt":"2025-10-27T11:18:18","slug":"lampara-sobremesa-cobra","status":"publish","type":"product","link":"https:\/\/enlineabarcelona.com\/en\/product\/lampara-sobremesa-cobra\/","title":{"rendered":"L\u00e1mpara Sobremesa Cobra"},"content":{"rendered":"\n<p>Esta l\u00e1mpara est\u00e1 contenida en una esfera, con dos tapas horizontales que separan el reflector de la base. El movimiento rotatorio del reflector alrededor de la articulaci\u00f3n central describe constantemente nuevas esferas. Tiene una forma sinuosa, din\u00e1mica y \u00e1gil, como una cobra que se balancea hipnotizada por la m\u00fasica pero lista para saltar. Est\u00e1 moldeada con un solo material, resina termoendurecible, y est\u00e1 disponible en colores brillantes: blanco, negro o rojo.<\/p>\n\n\n\n<p><\/p>\n","protected":false},"excerpt":{"rendered":"<p>Esta l\u00e1mpara est\u00e1 contenida en una esfera, con dos tapas horizontales que separan el reflector de la base. El movimiento rotatorio del reflector alrededor de la articulaci\u00f3n central describe constantemente nuevas esferas. Tiene una forma sinuosa, din\u00e1mica y \u00e1gil, como una cobra que se balancea hipnotizada por la m\u00fasica pero lista para saltar. Est\u00e1 moldeada &#8230; <a title=\"L\u00e1mpara Sobremesa Cobra\" class=\"read-more\" href=\"https:\/\/enlineabarcelona.com\/en\/product\/lampara-sobremesa-cobra\/\" aria-label=\"Read more about L\u00e1mpara Sobremesa Cobra\">Read more<\/a><\/p>\n","protected":false},"featured_media":9756,"comment_status":"closed","ping_status":"open","template":"","meta":{"_acf_changed":false},"product_cat":[1156,1198],"product_tag":[],"disenadores":[834],"marca":[1205],"class_list":{"0":"post-14097","1":"product","2":"type-product","3":"status-publish","4":"has-post-thumbnail","6":"product_cat-iluminacion","7":"product_cat-lamparas-de-sobremesa","8":"disenadores-elio-martinelli","9":"marca-martinelli-luce","10":"sales-flash-overlay","11":"woocommerce-text-align-center","12":"woocommerce-image-align-center","13":"do-quantity-buttons","14":"wc-has-gallery","16":"first","17":"instock","18":"purchasable","19":"product-type-simple"},"acf":[],"_links":{"self":[{"href":"https:\/\/enlineabarcelona.com\/en\/wp-json\/wp\/v2\/product\/14097","targetHints":{"allow":["GET"]}}],"collection":[{"href":"https:\/\/enlineabarcelona.com\/en\/wp-json\/wp\/v2\/product"}],"about":[{"href":"https:\/\/enlineabarcelona.com\/en\/wp-json\/wp\/v2\/types\/product"}],"replies":[{"embeddable":true,"href":"https:\/\/enlineabarcelona.com\/en\/wp-json\/wp\/v2\/comments?post=14097"}],"wp:featuredmedia":[{"embeddable":true,"href":"https:\/\/enlineabarcelona.com\/en\/wp-json\/wp\/v2\/media\/9756"}],"wp:attachment":[{"href":"https:\/\/enlineabarcelona.com\/en\/wp-json\/wp\/v2\/media?parent=14097"}],"wp:term":[{"taxonomy":"product_cat","embeddable":true,"href":"https:\/\/enlineabarcelona.com\/en\/wp-json\/wp\/v2\/product_cat?post=14097"},{"taxonomy":"product_tag","embeddable":true,"href":"https:\/\/enlineabarcelona.com\/en\/wp-json\/wp\/v2\/product_tag?post=14097"},{"taxonomy":"disenadores","embeddable":true,"href":"https:\/\/enlineabarcelona.com\/en\/wp-json\/wp\/v2\/disenadores?post=14097"},{"taxonomy":"marca","embeddable":true,"href":"https:\/\/enlineabarcelona.com\/en\/wp-json\/wp\/v2\/marca?post=14097"}],"curies":[{"name":"wp","href":"https:\/\/api.w.org\/{rel}","templated":true}]}}