{"id":14158,"date":"2025-10-27T11:18:56","date_gmt":"2025-10-27T11:18:56","guid":{"rendered":"https:\/\/enlineabarcelona.com\/producto\/lampara-tolomeo-copy\/"},"modified":"2025-10-27T11:19:09","modified_gmt":"2025-10-27T11:19:09","slug":"lampara-tolomeo-copy","status":"publish","type":"product","link":"https:\/\/enlineabarcelona.com\/en\/product\/lampara-tolomeo-copy\/","title":{"rendered":"L\u00e1mpara Tolomeo &#8211; Copy"},"content":{"rendered":"<p>L\u00e1mpara de sobremesa. De luz directa. Combina una forma dom\u00e9stica con tecnolog\u00edas y materiales innovadores. Hoy en d\u00eda es un s\u00edmbolo del objeto moderno, muy utilizado por arquitectos, escritories, fue un \u00e9xito de ventas y lo sigue siendo en la actualidad.<\/p>\n","protected":false},"excerpt":{"rendered":"<p>L\u00e1mpara de sobremesa. De luz directa. Combina una forma dom\u00e9stica con tecnolog\u00edas y materiales innovadores. Hoy en d\u00eda es un s\u00edmbolo del objeto moderno, muy utilizado por arquitectos, escritories, fue un \u00e9xito de ventas y lo sigue siendo en la actualidad.<\/p>\n","protected":false},"featured_media":5988,"comment_status":"closed","ping_status":"open","template":"","meta":{"_acf_changed":false},"product_cat":[1156],"product_tag":[],"disenadores":[741],"marca":[1159],"class_list":{"0":"post-14158","1":"product","2":"type-product","3":"status-publish","4":"has-post-thumbnail","6":"product_cat-iluminacion","7":"disenadores-michele-de-lucchi-giancarlo-fassina","8":"marca-artemide-iluminando-vidas-con-arte-y-diseno","9":"sales-flash-overlay","10":"woocommerce-text-align-center","11":"woocommerce-image-align-center","12":"do-quantity-buttons","13":"wc-has-gallery","15":"first","16":"instock","17":"purchasable","18":"product-type-simple"},"acf":[],"_links":{"self":[{"href":"https:\/\/enlineabarcelona.com\/en\/wp-json\/wp\/v2\/product\/14158","targetHints":{"allow":["GET"]}}],"collection":[{"href":"https:\/\/enlineabarcelona.com\/en\/wp-json\/wp\/v2\/product"}],"about":[{"href":"https:\/\/enlineabarcelona.com\/en\/wp-json\/wp\/v2\/types\/product"}],"replies":[{"embeddable":true,"href":"https:\/\/enlineabarcelona.com\/en\/wp-json\/wp\/v2\/comments?post=14158"}],"wp:featuredmedia":[{"embeddable":true,"href":"https:\/\/enlineabarcelona.com\/en\/wp-json\/wp\/v2\/media\/5988"}],"wp:attachment":[{"href":"https:\/\/enlineabarcelona.com\/en\/wp-json\/wp\/v2\/media?parent=14158"}],"wp:term":[{"taxonomy":"product_cat","embeddable":true,"href":"https:\/\/enlineabarcelona.com\/en\/wp-json\/wp\/v2\/product_cat?post=14158"},{"taxonomy":"product_tag","embeddable":true,"href":"https:\/\/enlineabarcelona.com\/en\/wp-json\/wp\/v2\/product_tag?post=14158"},{"taxonomy":"disenadores","embeddable":true,"href":"https:\/\/enlineabarcelona.com\/en\/wp-json\/wp\/v2\/disenadores?post=14158"},{"taxonomy":"marca","embeddable":true,"href":"https:\/\/enlineabarcelona.com\/en\/wp-json\/wp\/v2\/marca?post=14158"}],"curies":[{"name":"wp","href":"https:\/\/api.w.org\/{rel}","templated":true}]}}