{"id":14164,"date":"2025-10-27T11:19:12","date_gmt":"2025-10-27T11:19:12","guid":{"rendered":"https:\/\/enlineabarcelona.com\/producto\/estanteria-corniches-grande-negro\/"},"modified":"2025-10-27T11:19:14","modified_gmt":"2025-10-27T11:19:14","slug":"estanteria-corniches-grande-negro","status":"publish","type":"product","link":"https:\/\/enlineabarcelona.com\/en\/product\/estanteria-corniches-grande-negro\/","title":{"rendered":"Estante Corniches &#8211; Grande, Negro"},"content":{"rendered":"\n<p>Los Corniches surgieron de la necesidad espont\u00e1nea de disponer de peque\u00f1os espacios para almacenar objetos. \u00abIgual que cuando nos tiramos al mar buscamos un saliente en la roca para colgar nuestras cosas, tambi\u00e9n en nuestra vida diaria necesitamos lugares de almacenamiento peque\u00f1os e informales\u00bb, explica Ronan Bouroullec. Este es el motivo por el que los Corniches no son ni estantes convencionales ni simples superficies horizontales, sino m\u00e1s bien salientes individuales, aislados en los entornos que creamos. <\/p>\n\n\n\n<p>Utilizados como portallaves junto a la puerta principal, como lugar donde dejar a mano las cosas que necesitamos en el ba\u00f1o, como peanas para una peque\u00f1a colecci\u00f3n de objetos o como elementos de una instalaci\u00f3n m\u00e1s grande, los Corniches constituyen un nuevo modo de utilizar las paredes de nuestro hogar.<\/p>\n","protected":false},"excerpt":{"rendered":"<p>Los Corniches surgieron de la necesidad espont\u00e1nea de disponer de peque\u00f1os espacios para almacenar objetos. \u00abIgual que cuando nos tiramos al mar buscamos un saliente en la roca para colgar nuestras cosas, tambi\u00e9n en nuestra vida diaria necesitamos lugares de almacenamiento peque\u00f1os e informales\u00bb, explica Ronan Bouroullec. Este es el motivo por el que los &#8230; <a title=\"Estante Corniches &#8211; Grande, Negro\" class=\"read-more\" href=\"https:\/\/enlineabarcelona.com\/en\/product\/estanteria-corniches-grande-negro\/\" aria-label=\"Read more about Estante Corniches &#8211; Grande, Negro\">Read more<\/a><\/p>\n","protected":false},"featured_media":10853,"comment_status":"closed","ping_status":"open","template":"","meta":{"_acf_changed":false},"product_cat":[1225,251],"product_tag":[],"disenadores":[783],"marca":[26],"class_list":{"0":"post-14164","1":"product","2":"type-product","3":"status-publish","4":"has-post-thumbnail","6":"product_cat-accesorios-y-complementosoutlet","7":"product_cat-exterior","8":"disenadores-ronan-erwan-bouroullec","9":"marca-vitra","10":"sales-flash-overlay","11":"woocommerce-text-align-center","12":"woocommerce-image-align-center","13":"do-quantity-buttons","14":"wc-has-gallery","16":"first","17":"instock","18":"sale","19":"purchasable","20":"product-type-simple"},"acf":[],"_links":{"self":[{"href":"https:\/\/enlineabarcelona.com\/en\/wp-json\/wp\/v2\/product\/14164","targetHints":{"allow":["GET"]}}],"collection":[{"href":"https:\/\/enlineabarcelona.com\/en\/wp-json\/wp\/v2\/product"}],"about":[{"href":"https:\/\/enlineabarcelona.com\/en\/wp-json\/wp\/v2\/types\/product"}],"replies":[{"embeddable":true,"href":"https:\/\/enlineabarcelona.com\/en\/wp-json\/wp\/v2\/comments?post=14164"}],"wp:featuredmedia":[{"embeddable":true,"href":"https:\/\/enlineabarcelona.com\/en\/wp-json\/wp\/v2\/media\/10853"}],"wp:attachment":[{"href":"https:\/\/enlineabarcelona.com\/en\/wp-json\/wp\/v2\/media?parent=14164"}],"wp:term":[{"taxonomy":"product_cat","embeddable":true,"href":"https:\/\/enlineabarcelona.com\/en\/wp-json\/wp\/v2\/product_cat?post=14164"},{"taxonomy":"product_tag","embeddable":true,"href":"https:\/\/enlineabarcelona.com\/en\/wp-json\/wp\/v2\/product_tag?post=14164"},{"taxonomy":"disenadores","embeddable":true,"href":"https:\/\/enlineabarcelona.com\/en\/wp-json\/wp\/v2\/disenadores?post=14164"},{"taxonomy":"marca","embeddable":true,"href":"https:\/\/enlineabarcelona.com\/en\/wp-json\/wp\/v2\/marca?post=14164"}],"curies":[{"name":"wp","href":"https:\/\/api.w.org\/{rel}","templated":true}]}}