{"id":14289,"date":"2025-10-27T11:20:44","date_gmt":"2025-10-27T11:20:44","guid":{"rendered":"https:\/\/enlineabarcelona.com\/producto\/silla-210-r\/"},"modified":"2025-10-27T11:20:50","modified_gmt":"2025-10-27T11:20:50","slug":"silla-210-r","status":"publish","type":"product","link":"https:\/\/enlineabarcelona.com\/en\/product\/silla-210-r\/","title":{"rendered":"Silla 210 R"},"content":{"rendered":"\n<p>Este elegante cl\u00e1sico de madera curvada es una obra maestra en su construcci\u00f3n y producci\u00f3n: el marco saliente que forma tanto el respaldo como el reposabrazos est\u00e1 curvado en su forma a partir de una sola pieza de madera maciza de haya. Al igual que el modelo original de todas las sillas de madera curvada, el n.\u00ba 214, la silla n.\u00ba 209 tambi\u00e9n consta de s\u00f3lo seis piezas. 209 tambi\u00e9n consta de s\u00f3lo seis piezas. Debido a su reducci\u00f3n est\u00e9tica en combinaci\u00f3n con la forma org\u00e1nica, casi parece una escultura. El arquitecto suizo Le Corbusier qued\u00f3 fascinado con ella y la utiliz\u00f3 en muchos de sus edificios, por ejemplo en la finca Weissenhof de Stuttgart en 1927. En una ocasi\u00f3n coment\u00f3 que esta silla \u00abposee nobleza\u00bb.<\/p>\n","protected":false},"excerpt":{"rendered":"<p>Este elegante cl\u00e1sico de madera curvada es una obra maestra en su construcci\u00f3n y producci\u00f3n: el marco saliente que forma tanto el respaldo como el reposabrazos est\u00e1 curvado en su forma a partir de una sola pieza de madera maciza de haya. Al igual que el modelo original de todas las sillas de madera curvada, &#8230; <a title=\"Silla 210 R\" class=\"read-more\" href=\"https:\/\/enlineabarcelona.com\/en\/product\/silla-210-r\/\" aria-label=\"Read more about Silla 210 R\">Read more<\/a><\/p>\n","protected":false},"featured_media":0,"comment_status":"closed","ping_status":"open","template":"","meta":{"_acf_changed":false},"product_cat":[17],"product_tag":[],"disenadores":[],"marca":[],"class_list":{"0":"post-14289","1":"product","2":"type-product","3":"status-publish","5":"product_cat-sin-categorizar","6":"sales-flash-overlay","7":"woocommerce-text-align-center","8":"woocommerce-image-align-center","9":"do-quantity-buttons","11":"first","12":"instock","13":"product-type-simple"},"acf":[],"_links":{"self":[{"href":"https:\/\/enlineabarcelona.com\/en\/wp-json\/wp\/v2\/product\/14289","targetHints":{"allow":["GET"]}}],"collection":[{"href":"https:\/\/enlineabarcelona.com\/en\/wp-json\/wp\/v2\/product"}],"about":[{"href":"https:\/\/enlineabarcelona.com\/en\/wp-json\/wp\/v2\/types\/product"}],"replies":[{"embeddable":true,"href":"https:\/\/enlineabarcelona.com\/en\/wp-json\/wp\/v2\/comments?post=14289"}],"wp:attachment":[{"href":"https:\/\/enlineabarcelona.com\/en\/wp-json\/wp\/v2\/media?parent=14289"}],"wp:term":[{"taxonomy":"product_cat","embeddable":true,"href":"https:\/\/enlineabarcelona.com\/en\/wp-json\/wp\/v2\/product_cat?post=14289"},{"taxonomy":"product_tag","embeddable":true,"href":"https:\/\/enlineabarcelona.com\/en\/wp-json\/wp\/v2\/product_tag?post=14289"},{"taxonomy":"disenadores","embeddable":true,"href":"https:\/\/enlineabarcelona.com\/en\/wp-json\/wp\/v2\/disenadores?post=14289"},{"taxonomy":"marca","embeddable":true,"href":"https:\/\/enlineabarcelona.com\/en\/wp-json\/wp\/v2\/marca?post=14289"}],"curies":[{"name":"wp","href":"https:\/\/api.w.org\/{rel}","templated":true}]}}