{"id":15288,"date":"2025-10-27T11:12:10","date_gmt":"2025-10-27T11:12:10","guid":{"rendered":"https:\/\/enlineabarcelona.com\/producto\/husk-armchair\/"},"modified":"2026-02-16T12:22:41","modified_gmt":"2026-02-16T12:22:41","slug":"husk-armchair","status":"publish","type":"product","link":"https:\/\/enlineabarcelona.com\/en\/product\/husk-armchair\/","title":{"rendered":"Husk Lounge Chair"},"content":{"rendered":"<p>Butaca, eco-sostenible gracias a su estructura de Hirek, material pl\u00e1stico hecho de pol\u00edmeros reciclados y reciclables. Tiene un tapizado acolchado caracter\u00edstico de capiton\u00e9 que augmentan la sensaci\u00f3n de suavidad y comodidad. Existen varias versiones, con tama\u00f1os m\u00e1s grandes de asiento de resplado o con reposacabezas.<\/p>\n\n<p><\/p>\n","protected":false},"excerpt":{"rendered":"<p>Butaca, eco-sostenible gracias a su estructura de Hirek, material pl\u00e1stico hecho de pol\u00edmeros reciclados y reciclables. Tiene un tapizado acolchado caracter\u00edstico de capiton\u00e9 que augmentan la sensaci\u00f3n de suavidad y comodidad. Existen varias versiones, con tama\u00f1os m\u00e1s grandes de asiento de resplado o con reposacabezas.<\/p>\n","protected":false},"featured_media":4285,"comment_status":"closed","ping_status":"open","template":"","meta":{"_acf_changed":false},"product_cat":[1919,1922],"product_tag":[],"disenadores":[1820],"marca":[146],"class_list":{"0":"post-15288","1":"product","2":"type-product","3":"status-publish","4":"has-post-thumbnail","6":"product_cat-armchairs","7":"product_cat-furniture-2","8":"disenadores-patricia-urquiola-ca","9":"marca-bb-italia","10":"sales-flash-overlay","11":"woocommerce-text-align-center","12":"woocommerce-image-align-center","13":"do-quantity-buttons","14":"wc-has-gallery","16":"first","17":"instock","18":"purchasable","19":"product-type-simple"},"acf":[],"_links":{"self":[{"href":"https:\/\/enlineabarcelona.com\/en\/wp-json\/wp\/v2\/product\/15288","targetHints":{"allow":["GET"]}}],"collection":[{"href":"https:\/\/enlineabarcelona.com\/en\/wp-json\/wp\/v2\/product"}],"about":[{"href":"https:\/\/enlineabarcelona.com\/en\/wp-json\/wp\/v2\/types\/product"}],"replies":[{"embeddable":true,"href":"https:\/\/enlineabarcelona.com\/en\/wp-json\/wp\/v2\/comments?post=15288"}],"wp:featuredmedia":[{"embeddable":true,"href":"https:\/\/enlineabarcelona.com\/en\/wp-json\/wp\/v2\/media\/4285"}],"wp:attachment":[{"href":"https:\/\/enlineabarcelona.com\/en\/wp-json\/wp\/v2\/media?parent=15288"}],"wp:term":[{"taxonomy":"product_cat","embeddable":true,"href":"https:\/\/enlineabarcelona.com\/en\/wp-json\/wp\/v2\/product_cat?post=15288"},{"taxonomy":"product_tag","embeddable":true,"href":"https:\/\/enlineabarcelona.com\/en\/wp-json\/wp\/v2\/product_tag?post=15288"},{"taxonomy":"disenadores","embeddable":true,"href":"https:\/\/enlineabarcelona.com\/en\/wp-json\/wp\/v2\/disenadores?post=15288"},{"taxonomy":"marca","embeddable":true,"href":"https:\/\/enlineabarcelona.com\/en\/wp-json\/wp\/v2\/marca?post=15288"}],"curies":[{"name":"wp","href":"https:\/\/api.w.org\/{rel}","templated":true}]}}