{"id":15316,"date":"2025-10-27T11:12:28","date_gmt":"2025-10-27T11:12:28","guid":{"rendered":"https:\/\/enlineabarcelona.com\/producto\/barcelona-day-bed\/"},"modified":"2025-10-27T17:18:45","modified_gmt":"2025-10-27T17:18:45","slug":"barcelona-day-bed","status":"publish","type":"product","link":"https:\/\/enlineabarcelona.com\/en\/product\/barcelona-day-bed\/","title":{"rendered":"Barcelona Day Bed"},"content":{"rendered":"<p>Dise\u00f1ada en 1930, el Sof\u00e1 Barcelona comparte la misma elegancia simple que la ic\u00f3nica silla lounge del mismo nombre. El dominio de Mies van der Rohe sobre la l\u00ednea y el material en todos los medios, desde la arquitectura hasta el mobiliario, ayud\u00f3 a definir el vocabulario moderno.<\/p>\n\n\n<p><\/p>\n","protected":false},"excerpt":{"rendered":"<p>Dise\u00f1ada en 1930, el Sof\u00e1 Barcelona comparte la misma elegancia simple que la ic\u00f3nica silla lounge del mismo nombre. El dominio de Mies van der Rohe sobre la l\u00ednea y el material en todos los medios, desde la arquitectura hasta el mobiliario, ayud\u00f3 a definir el vocabulario moderno.<\/p>\n","protected":false},"featured_media":4742,"comment_status":"closed","ping_status":"open","template":"","meta":{"_acf_changed":false},"product_cat":[1482,341],"product_tag":[],"disenadores":[1836],"marca":[125],"class_list":{"0":"post-15316","1":"product","2":"type-product","3":"status-publish","4":"has-post-thumbnail","6":"product_cat-chaise-longue","7":"product_cat-furniture","8":"disenadores-mies-van-der-rohe-ca","9":"marca-knoll","10":"sales-flash-overlay","11":"woocommerce-text-align-center","12":"woocommerce-image-align-center","13":"do-quantity-buttons","14":"wc-has-gallery","16":"first","17":"instock","18":"purchasable","19":"product-type-simple"},"acf":[],"_links":{"self":[{"href":"https:\/\/enlineabarcelona.com\/en\/wp-json\/wp\/v2\/product\/15316","targetHints":{"allow":["GET"]}}],"collection":[{"href":"https:\/\/enlineabarcelona.com\/en\/wp-json\/wp\/v2\/product"}],"about":[{"href":"https:\/\/enlineabarcelona.com\/en\/wp-json\/wp\/v2\/types\/product"}],"replies":[{"embeddable":true,"href":"https:\/\/enlineabarcelona.com\/en\/wp-json\/wp\/v2\/comments?post=15316"}],"wp:featuredmedia":[{"embeddable":true,"href":"https:\/\/enlineabarcelona.com\/en\/wp-json\/wp\/v2\/media\/4742"}],"wp:attachment":[{"href":"https:\/\/enlineabarcelona.com\/en\/wp-json\/wp\/v2\/media?parent=15316"}],"wp:term":[{"taxonomy":"product_cat","embeddable":true,"href":"https:\/\/enlineabarcelona.com\/en\/wp-json\/wp\/v2\/product_cat?post=15316"},{"taxonomy":"product_tag","embeddable":true,"href":"https:\/\/enlineabarcelona.com\/en\/wp-json\/wp\/v2\/product_tag?post=15316"},{"taxonomy":"disenadores","embeddable":true,"href":"https:\/\/enlineabarcelona.com\/en\/wp-json\/wp\/v2\/disenadores?post=15316"},{"taxonomy":"marca","embeddable":true,"href":"https:\/\/enlineabarcelona.com\/en\/wp-json\/wp\/v2\/marca?post=15316"}],"curies":[{"name":"wp","href":"https:\/\/api.w.org\/{rel}","templated":true}]}}