{"id":15318,"date":"2025-10-27T11:12:28","date_gmt":"2025-10-27T11:12:28","guid":{"rendered":"https:\/\/enlineabarcelona.com\/producto\/eda-mame\/"},"modified":"2026-02-16T12:22:41","modified_gmt":"2026-02-16T12:22:41","slug":"eda-mame","status":"publish","type":"product","link":"https:\/\/enlineabarcelona.com\/en\/product\/eda-mame\/","title":{"rendered":"Eda-Mame Chaise Longue"},"content":{"rendered":"<p>Con una forma org\u00e1nica inspirada en la soja, ingrediente t\u00edpico de la cocina oriental, Eda-Mame es una pieza de mobiliario de gran impacto visual, creada a partir de un dise\u00f1o escult\u00f3rico que aporta fuerza y personalidad al espacio. Se trata de un \u00fanico objeto que fusiona tres tipos de asiento: sill\u00f3n con respaldo alto, butaca y reposapi\u00e9s. Esta triple funci\u00f3n convierte a Eda-Mame en una pieza extremadamente vers\u00e1til, ideal tanto para espacios residenciales como p\u00fablicos, y perfecta para zonas de coworking, tr\u00e1nsito o estancias breves, como vest\u00edbulos de hotel. Fabricado en espuma moldeada, est\u00e1 tapizado con una tela el\u00e1stica con una ligera costura. La base de apoyo est\u00e1 compuesta por travesa\u00f1os con pies redondeados de acero, unidos entre s\u00ed por una barra.<\/p>\n\n<p><\/p>\n","protected":false},"excerpt":{"rendered":"<p>Con una forma org\u00e1nica inspirada en la soja, ingrediente t\u00edpico de la cocina oriental, Eda-Mame es una pieza de mobiliario de gran impacto visual, creada a partir de un dise\u00f1o escult\u00f3rico que aporta fuerza y personalidad al espacio. Se trata de un \u00fanico objeto que fusiona tres tipos de asiento: sill\u00f3n con respaldo alto, butaca &#8230; <a title=\"Eda-Mame Chaise Longue\" class=\"read-more\" href=\"https:\/\/enlineabarcelona.com\/en\/product\/eda-mame\/\" aria-label=\"Read more about Eda-Mame Chaise Longue\">Read more<\/a><\/p>\n","protected":false},"featured_media":4774,"comment_status":"closed","ping_status":"open","template":"","meta":{"_acf_changed":false},"product_cat":[1922],"product_tag":[],"disenadores":[1812],"marca":[146],"class_list":{"0":"post-15318","1":"product","2":"type-product","3":"status-publish","4":"has-post-thumbnail","6":"product_cat-furniture-2","7":"disenadores-piero-lissoni","8":"marca-bb-italia","9":"sales-flash-overlay","10":"woocommerce-text-align-center","11":"woocommerce-image-align-center","12":"do-quantity-buttons","13":"wc-has-gallery","15":"first","16":"instock","17":"purchasable","18":"product-type-simple"},"acf":[],"_links":{"self":[{"href":"https:\/\/enlineabarcelona.com\/en\/wp-json\/wp\/v2\/product\/15318","targetHints":{"allow":["GET"]}}],"collection":[{"href":"https:\/\/enlineabarcelona.com\/en\/wp-json\/wp\/v2\/product"}],"about":[{"href":"https:\/\/enlineabarcelona.com\/en\/wp-json\/wp\/v2\/types\/product"}],"replies":[{"embeddable":true,"href":"https:\/\/enlineabarcelona.com\/en\/wp-json\/wp\/v2\/comments?post=15318"}],"wp:featuredmedia":[{"embeddable":true,"href":"https:\/\/enlineabarcelona.com\/en\/wp-json\/wp\/v2\/media\/4774"}],"wp:attachment":[{"href":"https:\/\/enlineabarcelona.com\/en\/wp-json\/wp\/v2\/media?parent=15318"}],"wp:term":[{"taxonomy":"product_cat","embeddable":true,"href":"https:\/\/enlineabarcelona.com\/en\/wp-json\/wp\/v2\/product_cat?post=15318"},{"taxonomy":"product_tag","embeddable":true,"href":"https:\/\/enlineabarcelona.com\/en\/wp-json\/wp\/v2\/product_tag?post=15318"},{"taxonomy":"disenadores","embeddable":true,"href":"https:\/\/enlineabarcelona.com\/en\/wp-json\/wp\/v2\/disenadores?post=15318"},{"taxonomy":"marca","embeddable":true,"href":"https:\/\/enlineabarcelona.com\/en\/wp-json\/wp\/v2\/marca?post=15318"}],"curies":[{"name":"wp","href":"https:\/\/api.w.org\/{rel}","templated":true}]}}