{"id":15361,"date":"2025-10-27T11:13:25","date_gmt":"2025-10-27T11:13:25","guid":{"rendered":"https:\/\/enlineabarcelona.com\/producto\/infinity\/"},"modified":"2026-02-23T12:46:27","modified_gmt":"2026-02-23T12:46:27","slug":"infinity","status":"publish","type":"product","link":"https:\/\/enlineabarcelona.com\/en\/product\/infinity\/","title":{"rendered":"Infinity Bookcase"},"content":{"rendered":"<p>El concepto de la librer\u00eda infinity es dar protagonismo al contenido de la librer\u00eda. Sistema compuesto por m\u00f3dulos de deiferentes medidas que se unen entre s\u00ed para crear una composici\u00f3n. Un accesorio imprescindible para esta librer\u00eda es el caj\u00f3n Box, fabricado en cuero, con ranura que hace de tirador integrado.<\/p>\n\n<p><\/p>\n","protected":false},"excerpt":{"rendered":"<p>El concepto de la librer\u00eda infinity es dar protagonismo al contenido de la librer\u00eda. Sistema compuesto por m\u00f3dulos de deiferentes medidas que se unen entre s\u00ed para crear una composici\u00f3n. Un accesorio imprescindible para esta librer\u00eda es el caj\u00f3n Box, fabricado en cuero, con ranura que hace de tirador integrado.<\/p>\n","protected":false},"featured_media":5513,"comment_status":"closed","ping_status":"open","template":"","meta":{"_acf_changed":false},"product_cat":[1922],"product_tag":[],"disenadores":[1802],"marca":[216],"class_list":{"0":"post-15361","1":"product","2":"type-product","3":"status-publish","4":"has-post-thumbnail","6":"product_cat-furniture-2","7":"disenadores-antonio-citterio","8":"marca-flexform","9":"sales-flash-overlay","10":"woocommerce-text-align-center","11":"woocommerce-image-align-center","12":"do-quantity-buttons","13":"wc-has-gallery","15":"first","16":"instock","17":"purchasable","18":"product-type-simple"},"acf":[],"_links":{"self":[{"href":"https:\/\/enlineabarcelona.com\/en\/wp-json\/wp\/v2\/product\/15361","targetHints":{"allow":["GET"]}}],"collection":[{"href":"https:\/\/enlineabarcelona.com\/en\/wp-json\/wp\/v2\/product"}],"about":[{"href":"https:\/\/enlineabarcelona.com\/en\/wp-json\/wp\/v2\/types\/product"}],"replies":[{"embeddable":true,"href":"https:\/\/enlineabarcelona.com\/en\/wp-json\/wp\/v2\/comments?post=15361"}],"wp:featuredmedia":[{"embeddable":true,"href":"https:\/\/enlineabarcelona.com\/en\/wp-json\/wp\/v2\/media\/5513"}],"wp:attachment":[{"href":"https:\/\/enlineabarcelona.com\/en\/wp-json\/wp\/v2\/media?parent=15361"}],"wp:term":[{"taxonomy":"product_cat","embeddable":true,"href":"https:\/\/enlineabarcelona.com\/en\/wp-json\/wp\/v2\/product_cat?post=15361"},{"taxonomy":"product_tag","embeddable":true,"href":"https:\/\/enlineabarcelona.com\/en\/wp-json\/wp\/v2\/product_tag?post=15361"},{"taxonomy":"disenadores","embeddable":true,"href":"https:\/\/enlineabarcelona.com\/en\/wp-json\/wp\/v2\/disenadores?post=15361"},{"taxonomy":"marca","embeddable":true,"href":"https:\/\/enlineabarcelona.com\/en\/wp-json\/wp\/v2\/marca?post=15361"}],"curies":[{"name":"wp","href":"https:\/\/api.w.org\/{rel}","templated":true}]}}