{"id":15370,"date":"2025-10-27T11:13:45","date_gmt":"2025-10-27T11:13:45","guid":{"rendered":"https:\/\/enlineabarcelona.com\/producto\/husk-design-bed\/"},"modified":"2026-02-16T12:22:41","modified_gmt":"2026-02-16T12:22:41","slug":"husk-design-bed","status":"publish","type":"product","link":"https:\/\/enlineabarcelona.com\/en\/product\/husk-design-bed\/","title":{"rendered":"Husk Bed"},"content":{"rendered":"\n<p>La cama de dise\u00f1o Husk, tapizada en tela o piel, presenta un cabecero con gran personalidad que admite un somier, disponible en cuatro tama\u00f1os. Suave y acogedor, simple pero complejo en su geometr\u00eda, el cabecero est\u00e1 decorado con detalles de capiton\u00e9. La cama Husk refleja la misma b\u00fasqueda de suavidad y confort que inspir\u00f3 al sill\u00f3n del mismo nombre, origen de una colecci\u00f3n que incluye tambi\u00e9n sof\u00e1, sillas y mesas auxiliares.<\/p>\n\n<p><\/p>\n","protected":false},"excerpt":{"rendered":"<p>La cama de dise\u00f1o Husk, tapizada en tela o piel, presenta un cabecero con gran personalidad que admite un somier, disponible en cuatro tama\u00f1os. Suave y acogedor, simple pero complejo en su geometr\u00eda, el cabecero est\u00e1 decorado con detalles de capiton\u00e9. La cama Husk refleja la misma b\u00fasqueda de suavidad y confort que inspir\u00f3 al &#8230; <a title=\"Husk Bed\" class=\"read-more\" href=\"https:\/\/enlineabarcelona.com\/en\/product\/husk-design-bed\/\" aria-label=\"Read more about Husk Bed\">Read more<\/a><\/p>\n","protected":false},"featured_media":5744,"comment_status":"closed","ping_status":"open","template":"","meta":{"_acf_changed":false},"product_cat":[1902,1922],"product_tag":[],"disenadores":[1820],"marca":[146],"class_list":{"0":"post-15370","1":"product","2":"type-product","3":"status-publish","4":"has-post-thumbnail","6":"product_cat-bed","7":"product_cat-furniture-2","8":"disenadores-patricia-urquiola-ca","9":"marca-bb-italia","10":"sales-flash-overlay","11":"woocommerce-text-align-center","12":"woocommerce-image-align-center","13":"do-quantity-buttons","14":"wc-has-gallery","16":"first","17":"instock","18":"purchasable","19":"product-type-simple"},"acf":[],"_links":{"self":[{"href":"https:\/\/enlineabarcelona.com\/en\/wp-json\/wp\/v2\/product\/15370","targetHints":{"allow":["GET"]}}],"collection":[{"href":"https:\/\/enlineabarcelona.com\/en\/wp-json\/wp\/v2\/product"}],"about":[{"href":"https:\/\/enlineabarcelona.com\/en\/wp-json\/wp\/v2\/types\/product"}],"replies":[{"embeddable":true,"href":"https:\/\/enlineabarcelona.com\/en\/wp-json\/wp\/v2\/comments?post=15370"}],"wp:featuredmedia":[{"embeddable":true,"href":"https:\/\/enlineabarcelona.com\/en\/wp-json\/wp\/v2\/media\/5744"}],"wp:attachment":[{"href":"https:\/\/enlineabarcelona.com\/en\/wp-json\/wp\/v2\/media?parent=15370"}],"wp:term":[{"taxonomy":"product_cat","embeddable":true,"href":"https:\/\/enlineabarcelona.com\/en\/wp-json\/wp\/v2\/product_cat?post=15370"},{"taxonomy":"product_tag","embeddable":true,"href":"https:\/\/enlineabarcelona.com\/en\/wp-json\/wp\/v2\/product_tag?post=15370"},{"taxonomy":"disenadores","embeddable":true,"href":"https:\/\/enlineabarcelona.com\/en\/wp-json\/wp\/v2\/disenadores?post=15370"},{"taxonomy":"marca","embeddable":true,"href":"https:\/\/enlineabarcelona.com\/en\/wp-json\/wp\/v2\/marca?post=15370"}],"curies":[{"name":"wp","href":"https:\/\/api.w.org\/{rel}","templated":true}]}}