{"id":15371,"date":"2025-10-27T11:13:45","date_gmt":"2025-10-27T11:13:45","guid":{"rendered":"https:\/\/enlineabarcelona.com\/producto\/charles\/"},"modified":"2026-02-16T12:22:41","modified_gmt":"2026-02-16T12:22:41","slug":"charles","status":"publish","type":"product","link":"https:\/\/enlineabarcelona.com\/en\/product\/charles\/","title":{"rendered":"Charles Bed"},"content":{"rendered":"<p>Charles es una cama doble con tapizado en tela o piel, disponible en dos versiones: una m\u00e1s llamativa, en la que los laterales sobresalen del colch\u00f3n ligeramente empotrado, y otra m\u00e1s sencilla, en la que la banda queda al ras del colch\u00f3n. Evoluci\u00f3n del sof\u00e1 del mismo nombre, la cama Charles incorpora el caracter\u00edstico dise\u00f1o del pie en forma de \u201cL\u201d invertida. Tambi\u00e9n est\u00e1 disponible en una versi\u00f3n con ruedas.<\/p>\n\n<p><\/p>\n","protected":false},"excerpt":{"rendered":"<p>Charles es una cama doble con tapizado en tela o piel, disponible en dos versiones: una m\u00e1s llamativa, en la que los laterales sobresalen del colch\u00f3n ligeramente empotrado, y otra m\u00e1s sencilla, en la que la banda queda al ras del colch\u00f3n. Evoluci\u00f3n del sof\u00e1 del mismo nombre, la cama Charles incorpora el caracter\u00edstico dise\u00f1o &#8230; <a title=\"Charles Bed\" class=\"read-more\" href=\"https:\/\/enlineabarcelona.com\/en\/product\/charles\/\" aria-label=\"Read more about Charles Bed\">Read more<\/a><\/p>\n","protected":false},"featured_media":5769,"comment_status":"closed","ping_status":"open","template":"","meta":{"_acf_changed":false},"product_cat":[1902,1922],"product_tag":[],"disenadores":[1802],"marca":[146],"class_list":{"0":"post-15371","1":"product","2":"type-product","3":"status-publish","4":"has-post-thumbnail","6":"product_cat-bed","7":"product_cat-furniture-2","8":"disenadores-antonio-citterio","9":"marca-bb-italia","10":"sales-flash-overlay","11":"woocommerce-text-align-center","12":"woocommerce-image-align-center","13":"do-quantity-buttons","14":"wc-has-gallery","16":"first","17":"instock","18":"purchasable","19":"product-type-simple"},"acf":[],"_links":{"self":[{"href":"https:\/\/enlineabarcelona.com\/en\/wp-json\/wp\/v2\/product\/15371","targetHints":{"allow":["GET"]}}],"collection":[{"href":"https:\/\/enlineabarcelona.com\/en\/wp-json\/wp\/v2\/product"}],"about":[{"href":"https:\/\/enlineabarcelona.com\/en\/wp-json\/wp\/v2\/types\/product"}],"replies":[{"embeddable":true,"href":"https:\/\/enlineabarcelona.com\/en\/wp-json\/wp\/v2\/comments?post=15371"}],"wp:featuredmedia":[{"embeddable":true,"href":"https:\/\/enlineabarcelona.com\/en\/wp-json\/wp\/v2\/media\/5769"}],"wp:attachment":[{"href":"https:\/\/enlineabarcelona.com\/en\/wp-json\/wp\/v2\/media?parent=15371"}],"wp:term":[{"taxonomy":"product_cat","embeddable":true,"href":"https:\/\/enlineabarcelona.com\/en\/wp-json\/wp\/v2\/product_cat?post=15371"},{"taxonomy":"product_tag","embeddable":true,"href":"https:\/\/enlineabarcelona.com\/en\/wp-json\/wp\/v2\/product_tag?post=15371"},{"taxonomy":"disenadores","embeddable":true,"href":"https:\/\/enlineabarcelona.com\/en\/wp-json\/wp\/v2\/disenadores?post=15371"},{"taxonomy":"marca","embeddable":true,"href":"https:\/\/enlineabarcelona.com\/en\/wp-json\/wp\/v2\/marca?post=15371"}],"curies":[{"name":"wp","href":"https:\/\/api.w.org\/{rel}","templated":true}]}}