{"id":15412,"date":"2025-10-27T11:15:22","date_gmt":"2025-10-27T11:15:22","guid":{"rendered":"https:\/\/enlineabarcelona.com\/producto\/rokumaru\/"},"modified":"2025-11-05T07:21:50","modified_gmt":"2025-11-05T07:21:50","slug":"rokumaru","status":"publish","type":"product","link":"https:\/\/enlineabarcelona.com\/en\/product\/rokumaru\/","title":{"rendered":"Rokumaru Clothes Rack"},"content":{"rendered":"\n<p>El perchero de dise\u00f1o Rokumaru es la visi\u00f3n po\u00e9tica de un \u00e1rbol que, con sus seis \u00abramas\u00bb inclinadas, espera chaquetas y abrigos. Es uno de esos muebles de dise\u00f1o que combinan forma y conceptualidad; el dise\u00f1ador japon\u00e9s Nendo concibi\u00f3 las seis ramas como los radios de una circunferencia imaginaria que representa la naturaleza y pone en juego el simbolismo oriental mediante la uni\u00f3n de las palabras japonesas roku (seis) y maru (c\u00edrculo). Rokumaro cumple su funci\u00f3n como perchero de dise\u00f1o, pero gracias a su estilo caracter\u00edstico, la pieza puede decorar un espacio por s\u00ed sola.<\/p>\n","protected":false},"excerpt":{"rendered":"<p>El perchero de dise\u00f1o Rokumaru es la visi\u00f3n po\u00e9tica de un \u00e1rbol que, con sus seis \u00abramas\u00bb inclinadas, espera chaquetas y abrigos. Es uno de esos muebles de dise\u00f1o que combinan forma y conceptualidad; el dise\u00f1ador japon\u00e9s Nendo concibi\u00f3 las seis ramas como los radios de una circunferencia imaginaria que representa la naturaleza y pone &#8230; <a title=\"Rokumaru Clothes Rack\" class=\"read-more\" href=\"https:\/\/enlineabarcelona.com\/en\/product\/rokumaru\/\" aria-label=\"Read more about Rokumaru Clothes Rack\">Read more<\/a><\/p>\n","protected":false},"featured_media":6608,"comment_status":"closed","ping_status":"open","template":"","meta":{"_acf_changed":false},"product_cat":[1511,341],"product_tag":[],"disenadores":[1707],"marca":[138],"class_list":{"0":"post-15412","1":"product","2":"type-product","3":"status-publish","4":"has-post-thumbnail","6":"product_cat-accessoriescomplements-and-accessories","7":"product_cat-furniture","8":"disenadores-nendo","9":"marca-from-padova","10":"sales-flash-overlay","11":"woocommerce-text-align-center","12":"woocommerce-image-align-center","13":"do-quantity-buttons","14":"wc-has-gallery","16":"first","17":"instock","18":"purchasable","19":"product-type-simple"},"acf":[],"_links":{"self":[{"href":"https:\/\/enlineabarcelona.com\/en\/wp-json\/wp\/v2\/product\/15412","targetHints":{"allow":["GET"]}}],"collection":[{"href":"https:\/\/enlineabarcelona.com\/en\/wp-json\/wp\/v2\/product"}],"about":[{"href":"https:\/\/enlineabarcelona.com\/en\/wp-json\/wp\/v2\/types\/product"}],"replies":[{"embeddable":true,"href":"https:\/\/enlineabarcelona.com\/en\/wp-json\/wp\/v2\/comments?post=15412"}],"wp:featuredmedia":[{"embeddable":true,"href":"https:\/\/enlineabarcelona.com\/en\/wp-json\/wp\/v2\/media\/6608"}],"wp:attachment":[{"href":"https:\/\/enlineabarcelona.com\/en\/wp-json\/wp\/v2\/media?parent=15412"}],"wp:term":[{"taxonomy":"product_cat","embeddable":true,"href":"https:\/\/enlineabarcelona.com\/en\/wp-json\/wp\/v2\/product_cat?post=15412"},{"taxonomy":"product_tag","embeddable":true,"href":"https:\/\/enlineabarcelona.com\/en\/wp-json\/wp\/v2\/product_tag?post=15412"},{"taxonomy":"disenadores","embeddable":true,"href":"https:\/\/enlineabarcelona.com\/en\/wp-json\/wp\/v2\/disenadores?post=15412"},{"taxonomy":"marca","embeddable":true,"href":"https:\/\/enlineabarcelona.com\/en\/wp-json\/wp\/v2\/marca?post=15412"}],"curies":[{"name":"wp","href":"https:\/\/api.w.org\/{rel}","templated":true}]}}