{"id":15425,"date":"2025-10-27T11:15:22","date_gmt":"2025-10-27T11:15:22","guid":{"rendered":"https:\/\/enlineabarcelona.com\/producto\/erica-19\/"},"modified":"2026-02-16T12:22:40","modified_gmt":"2026-02-16T12:22:40","slug":"erica-19","status":"publish","type":"product","link":"https:\/\/enlineabarcelona.com\/en\/product\/erica-19\/","title":{"rendered":"Erica Sofa 2019"},"content":{"rendered":"<div class=\"description\">\n<div id=\"shortdesc\" class=\"detail-shortdesc collapse in\" aria-expanded=\"true\">\n<div class=\"maxi-desc\">El sof\u00e1 Erica 2019 retoma la ligereza formal, las l\u00edneas curvas y el entrelazado caracter\u00edstico de la serie Erica, pero ofreciendo un asiento m\u00e1s profundo y un aspecto vivido.\u00a0 Los tonos de la estructura y el trenzado se complementan con una amplia gama de fundas de cojines, en una variedad de tonos y dise\u00f1os, todos coordinados entre s\u00ed.<\/div>\n<\/div>\n<\/div>\n\n<p><\/p>\n","protected":false},"excerpt":{"rendered":"<p>El sof\u00e1 Erica 2019 retoma la ligereza formal, las l\u00edneas curvas y el entrelazado caracter\u00edstico de la serie Erica, pero ofreciendo un asiento m\u00e1s profundo y un aspecto vivido.\u00a0 Los tonos de la estructura y el trenzado se complementan con una amplia gama de fundas de cojines, en una variedad de tonos y dise\u00f1os, todos &#8230; <a title=\"Erica Sofa 2019\" class=\"read-more\" href=\"https:\/\/enlineabarcelona.com\/en\/product\/erica-19\/\" aria-label=\"Read more about Erica Sofa 2019\">Read more<\/a><\/p>\n","protected":false},"featured_media":6746,"comment_status":"closed","ping_status":"open","template":"","meta":{"_acf_changed":false},"product_cat":[252],"product_tag":[],"disenadores":[1802],"marca":[146],"class_list":{"0":"post-15425","1":"product","2":"type-product","3":"status-publish","4":"has-post-thumbnail","6":"product_cat-outdoor","7":"disenadores-antonio-citterio","8":"marca-bb-italia","9":"sales-flash-overlay","10":"woocommerce-text-align-center","11":"woocommerce-image-align-center","12":"do-quantity-buttons","13":"wc-has-gallery","15":"first","16":"instock","17":"purchasable","18":"product-type-simple"},"acf":[],"_links":{"self":[{"href":"https:\/\/enlineabarcelona.com\/en\/wp-json\/wp\/v2\/product\/15425","targetHints":{"allow":["GET"]}}],"collection":[{"href":"https:\/\/enlineabarcelona.com\/en\/wp-json\/wp\/v2\/product"}],"about":[{"href":"https:\/\/enlineabarcelona.com\/en\/wp-json\/wp\/v2\/types\/product"}],"replies":[{"embeddable":true,"href":"https:\/\/enlineabarcelona.com\/en\/wp-json\/wp\/v2\/comments?post=15425"}],"wp:featuredmedia":[{"embeddable":true,"href":"https:\/\/enlineabarcelona.com\/en\/wp-json\/wp\/v2\/media\/6746"}],"wp:attachment":[{"href":"https:\/\/enlineabarcelona.com\/en\/wp-json\/wp\/v2\/media?parent=15425"}],"wp:term":[{"taxonomy":"product_cat","embeddable":true,"href":"https:\/\/enlineabarcelona.com\/en\/wp-json\/wp\/v2\/product_cat?post=15425"},{"taxonomy":"product_tag","embeddable":true,"href":"https:\/\/enlineabarcelona.com\/en\/wp-json\/wp\/v2\/product_tag?post=15425"},{"taxonomy":"disenadores","embeddable":true,"href":"https:\/\/enlineabarcelona.com\/en\/wp-json\/wp\/v2\/disenadores?post=15425"},{"taxonomy":"marca","embeddable":true,"href":"https:\/\/enlineabarcelona.com\/en\/wp-json\/wp\/v2\/marca?post=15425"}],"curies":[{"name":"wp","href":"https:\/\/api.w.org\/{rel}","templated":true}]}}