{"id":15426,"date":"2025-10-27T11:15:22","date_gmt":"2025-10-27T11:15:22","guid":{"rendered":"https:\/\/enlineabarcelona.com\/producto\/mirto-outdoor\/"},"modified":"2026-02-16T12:22:40","modified_gmt":"2026-02-16T12:22:40","slug":"mirto-outdoor","status":"publish","type":"product","link":"https:\/\/enlineabarcelona.com\/en\/product\/mirto-outdoor\/","title":{"rendered":"MIRTO OUTDOOR"},"content":{"rendered":"<p>Atemporales, resistentes y duraderas, tanto desde el punto de vista formal como f\u00edsico, las sillas Mirto Outdoor expresan una elegancia que trasciende el tiempo y las modas. Se presentan en versi\u00f3n fija, con o sin reposabrazos, y en versi\u00f3n abatible, reinterpretando la cl\u00e1sica silla de director. Presentan una ligera estructura de aluminio y asiento y respaldo en malla Batyline\u00ae Canatex, cuya fibra de c\u00e1\u00f1amo les confiere un aspecto sorprendentemente natural en comparaci\u00f3n con los pl\u00e1sticos habitualmente utilizados en este sect<\/p>\n\n<p><\/p>\n","protected":false},"excerpt":{"rendered":"<p>Atemporales, resistentes y duraderas, tanto desde el punto de vista formal como f\u00edsico, las sillas Mirto Outdoor expresan una elegancia que trasciende el tiempo y las modas. Se presentan en versi\u00f3n fija, con o sin reposabrazos, y en versi\u00f3n abatible, reinterpretando la cl\u00e1sica silla de director. Presentan una ligera estructura de aluminio y asiento y &#8230; <a title=\"MIRTO OUTDOOR\" class=\"read-more\" href=\"https:\/\/enlineabarcelona.com\/en\/product\/mirto-outdoor\/\" aria-label=\"Read more about MIRTO OUTDOOR\">Read more<\/a><\/p>\n","protected":false},"featured_media":6759,"comment_status":"closed","ping_status":"open","template":"","meta":{"_acf_changed":false},"product_cat":[1518,252],"product_tag":[],"disenadores":[1802],"marca":[146],"class_list":{"0":"post-15426","1":"product","2":"type-product","3":"status-publish","4":"has-post-thumbnail","6":"product_cat-chairsoutlet","7":"product_cat-outdoor","8":"disenadores-antonio-citterio","9":"marca-bb-italia","10":"sales-flash-overlay","11":"woocommerce-text-align-center","12":"woocommerce-image-align-center","13":"do-quantity-buttons","14":"wc-has-gallery","16":"first","17":"instock","18":"purchasable","19":"product-type-simple"},"acf":[],"_links":{"self":[{"href":"https:\/\/enlineabarcelona.com\/en\/wp-json\/wp\/v2\/product\/15426","targetHints":{"allow":["GET"]}}],"collection":[{"href":"https:\/\/enlineabarcelona.com\/en\/wp-json\/wp\/v2\/product"}],"about":[{"href":"https:\/\/enlineabarcelona.com\/en\/wp-json\/wp\/v2\/types\/product"}],"replies":[{"embeddable":true,"href":"https:\/\/enlineabarcelona.com\/en\/wp-json\/wp\/v2\/comments?post=15426"}],"wp:featuredmedia":[{"embeddable":true,"href":"https:\/\/enlineabarcelona.com\/en\/wp-json\/wp\/v2\/media\/6759"}],"wp:attachment":[{"href":"https:\/\/enlineabarcelona.com\/en\/wp-json\/wp\/v2\/media?parent=15426"}],"wp:term":[{"taxonomy":"product_cat","embeddable":true,"href":"https:\/\/enlineabarcelona.com\/en\/wp-json\/wp\/v2\/product_cat?post=15426"},{"taxonomy":"product_tag","embeddable":true,"href":"https:\/\/enlineabarcelona.com\/en\/wp-json\/wp\/v2\/product_tag?post=15426"},{"taxonomy":"disenadores","embeddable":true,"href":"https:\/\/enlineabarcelona.com\/en\/wp-json\/wp\/v2\/disenadores?post=15426"},{"taxonomy":"marca","embeddable":true,"href":"https:\/\/enlineabarcelona.com\/en\/wp-json\/wp\/v2\/marca?post=15426"}],"curies":[{"name":"wp","href":"https:\/\/api.w.org\/{rel}","templated":true}]}}