{"id":15468,"date":"2025-10-27T11:15:56","date_gmt":"2025-10-27T11:15:56","guid":{"rendered":"https:\/\/enlineabarcelona.com\/producto\/canasta\/"},"modified":"2026-02-16T12:22:40","modified_gmt":"2026-02-16T12:22:40","slug":"canasta","status":"publish","type":"product","link":"https:\/\/enlineabarcelona.com\/en\/product\/canasta\/","title":{"rendered":"Canasta side table"},"content":{"rendered":"<p>Las mesas auxiliares Canasta para exterior pueden utilizarse de forma independiente o como complemento de la familia de asientos del mismo nombre. Con formas minimalistas y geom\u00e9tricas, est\u00e1n disponibles en dos tama\u00f1os y cuentan con una estructura de acero pintado con pintura en polvo y sobres de gres porcel\u00e1nico con elegantes dise\u00f1os gr\u00e1ficos en blanco y negro.<\/p>\n\n<p><\/p>\n","protected":false},"excerpt":{"rendered":"<p>Las mesas auxiliares Canasta para exterior pueden utilizarse de forma independiente o como complemento de la familia de asientos del mismo nombre. Con formas minimalistas y geom\u00e9tricas, est\u00e1n disponibles en dos tama\u00f1os y cuentan con una estructura de acero pintado con pintura en polvo y sobres de gres porcel\u00e1nico con elegantes dise\u00f1os gr\u00e1ficos en blanco &#8230; <a title=\"Canasta side table\" class=\"read-more\" href=\"https:\/\/enlineabarcelona.com\/en\/product\/canasta\/\" aria-label=\"Read more about Canasta side table\">Read more<\/a><\/p>\n","protected":false},"featured_media":7299,"comment_status":"closed","ping_status":"open","template":"","meta":{"_acf_changed":false},"product_cat":[252],"product_tag":[],"disenadores":[1820],"marca":[146],"class_list":{"0":"post-15468","1":"product","2":"type-product","3":"status-publish","4":"has-post-thumbnail","6":"product_cat-outdoor","7":"disenadores-patricia-urquiola-ca","8":"marca-bb-italia","9":"sales-flash-overlay","10":"woocommerce-text-align-center","11":"woocommerce-image-align-center","12":"do-quantity-buttons","13":"wc-has-gallery","15":"first","16":"instock","17":"purchasable","18":"product-type-simple"},"acf":[],"_links":{"self":[{"href":"https:\/\/enlineabarcelona.com\/en\/wp-json\/wp\/v2\/product\/15468","targetHints":{"allow":["GET"]}}],"collection":[{"href":"https:\/\/enlineabarcelona.com\/en\/wp-json\/wp\/v2\/product"}],"about":[{"href":"https:\/\/enlineabarcelona.com\/en\/wp-json\/wp\/v2\/types\/product"}],"replies":[{"embeddable":true,"href":"https:\/\/enlineabarcelona.com\/en\/wp-json\/wp\/v2\/comments?post=15468"}],"wp:featuredmedia":[{"embeddable":true,"href":"https:\/\/enlineabarcelona.com\/en\/wp-json\/wp\/v2\/media\/7299"}],"wp:attachment":[{"href":"https:\/\/enlineabarcelona.com\/en\/wp-json\/wp\/v2\/media?parent=15468"}],"wp:term":[{"taxonomy":"product_cat","embeddable":true,"href":"https:\/\/enlineabarcelona.com\/en\/wp-json\/wp\/v2\/product_cat?post=15468"},{"taxonomy":"product_tag","embeddable":true,"href":"https:\/\/enlineabarcelona.com\/en\/wp-json\/wp\/v2\/product_tag?post=15468"},{"taxonomy":"disenadores","embeddable":true,"href":"https:\/\/enlineabarcelona.com\/en\/wp-json\/wp\/v2\/disenadores?post=15468"},{"taxonomy":"marca","embeddable":true,"href":"https:\/\/enlineabarcelona.com\/en\/wp-json\/wp\/v2\/marca?post=15468"}],"curies":[{"name":"wp","href":"https:\/\/api.w.org\/{rel}","templated":true}]}}