{"id":15473,"date":"2025-10-27T11:16:10","date_gmt":"2025-10-27T11:16:10","guid":{"rendered":"https:\/\/enlineabarcelona.com\/producto\/tobi-ischi\/"},"modified":"2026-02-16T12:22:39","modified_gmt":"2026-02-16T12:22:39","slug":"tobi-ischi","status":"publish","type":"product","link":"https:\/\/enlineabarcelona.com\/en\/product\/tobi-ischi\/","title":{"rendered":"Tobi-Ishi Table"},"content":{"rendered":"\n<p>Disponible tanto en forma redonda como rectangular con extremos redondeados, Tobi-Ishi es una mesa escult\u00f3rica que hace referencia, tanto estil\u00edsticamente como en su propio nombre, a las piedras ornamentales utilizadas en los jardines tradicionales japoneses. Esta ic\u00f3nica mesa combina caracter\u00edsticas funcionales con una apariencia escult\u00f3rica, logrando resultados verdaderamente asombrosos. El sobre voladizo y las bases se perciben de manera diferente seg\u00fan el punto de vista, mientras que los diversos acabados otorgan interpretaciones altamente personales: desde cemento pulido hasta m\u00e1rmol o madera, pasando por lacados mate en una amplia gama de colores hasta lacados brillantes en sofisticados tonos rojo caramelo y azul humo. Con su dise\u00f1o escult\u00f3rico, Tobi-Ishi se convierte en la protagonista del espacio.<\/p>\n\n<p><\/p>\n","protected":false},"excerpt":{"rendered":"<p>Disponible tanto en forma redonda como rectangular con extremos redondeados, Tobi-Ishi es una mesa escult\u00f3rica que hace referencia, tanto estil\u00edsticamente como en su propio nombre, a las piedras ornamentales utilizadas en los jardines tradicionales japoneses. Esta ic\u00f3nica mesa combina caracter\u00edsticas funcionales con una apariencia escult\u00f3rica, logrando resultados verdaderamente asombrosos. El sobre voladizo y las bases &#8230; <a title=\"Tobi-Ishi Table\" class=\"read-more\" href=\"https:\/\/enlineabarcelona.com\/en\/product\/tobi-ischi\/\" aria-label=\"Read more about Tobi-Ishi Table\">Read more<\/a><\/p>\n","protected":false},"featured_media":7355,"comment_status":"closed","ping_status":"open","template":"","meta":{"_acf_changed":false},"product_cat":[252],"product_tag":[],"disenadores":[1789],"marca":[146],"class_list":{"0":"post-15473","1":"product","2":"type-product","3":"status-publish","4":"has-post-thumbnail","6":"product_cat-outdoor","7":"disenadores-edwar-barber-y-jay-oosgerby","8":"marca-bb-italia","9":"sales-flash-overlay","10":"woocommerce-text-align-center","11":"woocommerce-image-align-center","12":"do-quantity-buttons","13":"wc-has-gallery","15":"first","16":"instock","17":"purchasable","18":"product-type-simple"},"acf":[],"_links":{"self":[{"href":"https:\/\/enlineabarcelona.com\/en\/wp-json\/wp\/v2\/product\/15473","targetHints":{"allow":["GET"]}}],"collection":[{"href":"https:\/\/enlineabarcelona.com\/en\/wp-json\/wp\/v2\/product"}],"about":[{"href":"https:\/\/enlineabarcelona.com\/en\/wp-json\/wp\/v2\/types\/product"}],"replies":[{"embeddable":true,"href":"https:\/\/enlineabarcelona.com\/en\/wp-json\/wp\/v2\/comments?post=15473"}],"wp:featuredmedia":[{"embeddable":true,"href":"https:\/\/enlineabarcelona.com\/en\/wp-json\/wp\/v2\/media\/7355"}],"wp:attachment":[{"href":"https:\/\/enlineabarcelona.com\/en\/wp-json\/wp\/v2\/media?parent=15473"}],"wp:term":[{"taxonomy":"product_cat","embeddable":true,"href":"https:\/\/enlineabarcelona.com\/en\/wp-json\/wp\/v2\/product_cat?post=15473"},{"taxonomy":"product_tag","embeddable":true,"href":"https:\/\/enlineabarcelona.com\/en\/wp-json\/wp\/v2\/product_tag?post=15473"},{"taxonomy":"disenadores","embeddable":true,"href":"https:\/\/enlineabarcelona.com\/en\/wp-json\/wp\/v2\/disenadores?post=15473"},{"taxonomy":"marca","embeddable":true,"href":"https:\/\/enlineabarcelona.com\/en\/wp-json\/wp\/v2\/marca?post=15473"}],"curies":[{"name":"wp","href":"https:\/\/api.w.org\/{rel}","templated":true}]}}