{"id":15499,"date":"2025-10-27T11:16:24","date_gmt":"2025-10-27T11:16:24","guid":{"rendered":"https:\/\/enlineabarcelona.com\/producto\/njp-sobremesa\/"},"modified":"2025-10-27T17:22:52","modified_gmt":"2025-10-27T17:22:52","slug":"njp-sobremesa","status":"publish","type":"product","link":"https:\/\/enlineabarcelona.com\/en\/product\/njp-sobremesa\/","title":{"rendered":"NJP SOBREMESA"},"content":{"rendered":" <p>L\u00e1mpara de sobremesa. Luz directa y difusa. Su cabezal est\u00e1 dise\u00f1ado para dar forma a la luz y dirigirla de manera \u00f3ptima. Su sistema de movimiento nos permite facilmente posicionarla de forma personalizada. Es reguable ne intensidad. Fuente de luz LED de bajo consumo.<\/p> ","protected":false},"excerpt":{"rendered":"<p>L\u00e1mpara de sobremesa. Luz directa y difusa. Su cabezal est\u00e1 dise\u00f1ado para dar forma a la luz y dirigirla de manera \u00f3ptima. Su sistema de movimiento nos permite facilmente posicionarla de forma personalizada. Es reguable ne intensidad. Fuente de luz LED de bajo consumo.<\/p>\n","protected":false},"featured_media":5977,"comment_status":"closed","ping_status":"open","template":"","meta":{"_acf_changed":false},"product_cat":[17],"product_tag":[],"disenadores":[],"marca":[1527],"class_list":{"0":"post-15499","1":"product","2":"type-product","3":"status-publish","4":"has-post-thumbnail","6":"product_cat-sin-categorizar","7":"marca-louis-poulsenlouis-poulsen","8":"sales-flash-overlay","9":"woocommerce-text-align-center","10":"woocommerce-image-align-center","11":"do-quantity-buttons","12":"wc-has-gallery","14":"first","15":"instock","16":"purchasable","17":"product-type-simple"},"acf":[],"_links":{"self":[{"href":"https:\/\/enlineabarcelona.com\/en\/wp-json\/wp\/v2\/product\/15499","targetHints":{"allow":["GET"]}}],"collection":[{"href":"https:\/\/enlineabarcelona.com\/en\/wp-json\/wp\/v2\/product"}],"about":[{"href":"https:\/\/enlineabarcelona.com\/en\/wp-json\/wp\/v2\/types\/product"}],"replies":[{"embeddable":true,"href":"https:\/\/enlineabarcelona.com\/en\/wp-json\/wp\/v2\/comments?post=15499"}],"wp:featuredmedia":[{"embeddable":true,"href":"https:\/\/enlineabarcelona.com\/en\/wp-json\/wp\/v2\/media\/5977"}],"wp:attachment":[{"href":"https:\/\/enlineabarcelona.com\/en\/wp-json\/wp\/v2\/media?parent=15499"}],"wp:term":[{"taxonomy":"product_cat","embeddable":true,"href":"https:\/\/enlineabarcelona.com\/en\/wp-json\/wp\/v2\/product_cat?post=15499"},{"taxonomy":"product_tag","embeddable":true,"href":"https:\/\/enlineabarcelona.com\/en\/wp-json\/wp\/v2\/product_tag?post=15499"},{"taxonomy":"disenadores","embeddable":true,"href":"https:\/\/enlineabarcelona.com\/en\/wp-json\/wp\/v2\/disenadores?post=15499"},{"taxonomy":"marca","embeddable":true,"href":"https:\/\/enlineabarcelona.com\/en\/wp-json\/wp\/v2\/marca?post=15499"}],"curies":[{"name":"wp","href":"https:\/\/api.w.org\/{rel}","templated":true}]}}