{"id":15512,"date":"2025-10-27T11:16:24","date_gmt":"2025-10-27T11:16:24","guid":{"rendered":"https:\/\/enlineabarcelona.com\/producto\/bulb\/"},"modified":"2025-10-27T17:23:07","modified_gmt":"2025-10-27T17:23:07","slug":"bulb","status":"publish","type":"product","link":"https:\/\/enlineabarcelona.com\/en\/product\/bulb\/","title":{"rendered":"BULB"},"content":{"rendered":"<p>L\u00e1mpara de sobremesa. Base de metal cromado pulido y pantalla de cristal de murano soplado a mano. Dise\u00f1o del a\u00f1o 1966, el cu\u00e1l se incluy\u00f3 en la colecci\u00f3n permanente de dise\u00f1o del MoMA de Nueva York en 1969.<\/p>\n","protected":false},"excerpt":{"rendered":"<p>L\u00e1mpara de sobremesa. Base de metal cromado pulido y pantalla de cristal de murano soplado a mano. Dise\u00f1o del a\u00f1o 1966, el cu\u00e1l se incluy\u00f3 en la colecci\u00f3n permanente de dise\u00f1o del MoMA de Nueva York en 1969.<\/p>\n","protected":false},"featured_media":7792,"comment_status":"closed","ping_status":"open","template":"","meta":{"_acf_changed":false},"product_cat":[337],"product_tag":[],"disenadores":[1893],"marca":[1532],"class_list":{"0":"post-15512","1":"product","2":"type-product","3":"status-publish","4":"has-post-thumbnail","6":"product_cat-lightning-en","7":"disenadores-ingo-maureringo-maurer","8":"marca-ingo-maureringo-maurer","9":"sales-flash-overlay","10":"woocommerce-text-align-center","11":"woocommerce-image-align-center","12":"do-quantity-buttons","13":"wc-has-gallery","15":"first","16":"instock","17":"purchasable","18":"product-type-simple"},"acf":[],"_links":{"self":[{"href":"https:\/\/enlineabarcelona.com\/en\/wp-json\/wp\/v2\/product\/15512","targetHints":{"allow":["GET"]}}],"collection":[{"href":"https:\/\/enlineabarcelona.com\/en\/wp-json\/wp\/v2\/product"}],"about":[{"href":"https:\/\/enlineabarcelona.com\/en\/wp-json\/wp\/v2\/types\/product"}],"replies":[{"embeddable":true,"href":"https:\/\/enlineabarcelona.com\/en\/wp-json\/wp\/v2\/comments?post=15512"}],"wp:featuredmedia":[{"embeddable":true,"href":"https:\/\/enlineabarcelona.com\/en\/wp-json\/wp\/v2\/media\/7792"}],"wp:attachment":[{"href":"https:\/\/enlineabarcelona.com\/en\/wp-json\/wp\/v2\/media?parent=15512"}],"wp:term":[{"taxonomy":"product_cat","embeddable":true,"href":"https:\/\/enlineabarcelona.com\/en\/wp-json\/wp\/v2\/product_cat?post=15512"},{"taxonomy":"product_tag","embeddable":true,"href":"https:\/\/enlineabarcelona.com\/en\/wp-json\/wp\/v2\/product_tag?post=15512"},{"taxonomy":"disenadores","embeddable":true,"href":"https:\/\/enlineabarcelona.com\/en\/wp-json\/wp\/v2\/disenadores?post=15512"},{"taxonomy":"marca","embeddable":true,"href":"https:\/\/enlineabarcelona.com\/en\/wp-json\/wp\/v2\/marca?post=15512"}],"curies":[{"name":"wp","href":"https:\/\/api.w.org\/{rel}","templated":true}]}}