{"id":15519,"date":"2025-10-27T11:16:40","date_gmt":"2025-10-27T11:16:40","guid":{"rendered":"https:\/\/enlineabarcelona.com\/producto\/sofa-standard\/"},"modified":"2025-10-27T17:23:12","modified_gmt":"2025-10-27T17:23:12","slug":"sofa-standard","status":"publish","type":"product","link":"https:\/\/enlineabarcelona.com\/en\/product\/sofa-standard\/","title":{"rendered":"SOF\u00c1 STANDARD"},"content":{"rendered":"<p>Sof\u00e1 modular que permite el m\u00e1ximo confort en cualqueir posici\u00f3n. Los respaldos y los reposabrazos pierden toda rigidez y pueden moldearse como se desee con un ligero movimiento de la mano: se vuelven bajos,  altos,  oblicuos,  envolventes y pr\u00e1cticos. Standard es el resultado de a\u00f1os de investigaci\u00f3n tecnol\u00f3gica para lograr un modelo exclusivo que se adapta totalmente a los deseos de quienes lo utilizan. Se pueden combiar m\u00f3dulos de diferentes formas y profundidades para personalizar las composiciones.<\/p>\n","protected":false},"excerpt":{"rendered":"<p>Sof\u00e1 modular que permite el m\u00e1ximo confort en cualqueir posici\u00f3n. Los respaldos y los reposabrazos pierden toda rigidez y pueden moldearse como se desee con un ligero movimiento de la mano: se vuelven bajos, altos, oblicuos, envolventes y pr\u00e1cticos. Standard es el resultado de a\u00f1os de investigaci\u00f3n tecnol\u00f3gica para lograr un modelo exclusivo que se &#8230; <a title=\"SOF\u00c1 STANDARD\" class=\"read-more\" href=\"https:\/\/enlineabarcelona.com\/en\/product\/sofa-standard\/\" aria-label=\"Read more about SOF\u00c1 STANDARD\">Read more<\/a><\/p>\n","protected":false},"featured_media":7871,"comment_status":"closed","ping_status":"open","template":"","meta":{"_acf_changed":false},"product_cat":[1534,1533],"product_tag":[],"disenadores":[1894],"marca":[],"class_list":{"0":"post-15519","1":"product","2":"type-product","3":"status-publish","4":"has-post-thumbnail","6":"product_cat-sofas","7":"product_cat-sofasfurniture","8":"disenadores-francesco-bifarefrancesco-bifare","9":"sales-flash-overlay","10":"woocommerce-text-align-center","11":"woocommerce-image-align-center","12":"do-quantity-buttons","13":"wc-has-gallery","15":"first","16":"instock","17":"purchasable","18":"product-type-simple"},"acf":[],"_links":{"self":[{"href":"https:\/\/enlineabarcelona.com\/en\/wp-json\/wp\/v2\/product\/15519","targetHints":{"allow":["GET"]}}],"collection":[{"href":"https:\/\/enlineabarcelona.com\/en\/wp-json\/wp\/v2\/product"}],"about":[{"href":"https:\/\/enlineabarcelona.com\/en\/wp-json\/wp\/v2\/types\/product"}],"replies":[{"embeddable":true,"href":"https:\/\/enlineabarcelona.com\/en\/wp-json\/wp\/v2\/comments?post=15519"}],"wp:featuredmedia":[{"embeddable":true,"href":"https:\/\/enlineabarcelona.com\/en\/wp-json\/wp\/v2\/media\/7871"}],"wp:attachment":[{"href":"https:\/\/enlineabarcelona.com\/en\/wp-json\/wp\/v2\/media?parent=15519"}],"wp:term":[{"taxonomy":"product_cat","embeddable":true,"href":"https:\/\/enlineabarcelona.com\/en\/wp-json\/wp\/v2\/product_cat?post=15519"},{"taxonomy":"product_tag","embeddable":true,"href":"https:\/\/enlineabarcelona.com\/en\/wp-json\/wp\/v2\/product_tag?post=15519"},{"taxonomy":"disenadores","embeddable":true,"href":"https:\/\/enlineabarcelona.com\/en\/wp-json\/wp\/v2\/disenadores?post=15519"},{"taxonomy":"marca","embeddable":true,"href":"https:\/\/enlineabarcelona.com\/en\/wp-json\/wp\/v2\/marca?post=15519"}],"curies":[{"name":"wp","href":"https:\/\/api.w.org\/{rel}","templated":true}]}}