{"id":15520,"date":"2025-10-27T11:16:40","date_gmt":"2025-10-27T11:16:40","guid":{"rendered":"https:\/\/enlineabarcelona.com\/producto\/sofa-boa\/"},"modified":"2025-10-27T17:23:14","modified_gmt":"2025-10-27T17:23:14","slug":"sofa-boa","status":"publish","type":"product","link":"https:\/\/enlineabarcelona.com\/en\/product\/sofa-boa\/","title":{"rendered":"SOF\u00c1 BOA"},"content":{"rendered":"<p>Sof\u00e1 escultura. Nido de tejido hecho a mano,  120 m de tejido tubular relleno de poliuretano el\u00e1stico y transpirable con un toque de plum\u00f3n,  revestido en tercipelo que aporta una suavidad y una luminosidad peculiar.<\/p>\n","protected":false},"excerpt":{"rendered":"<p>Sof\u00e1 escultura. Nido de tejido hecho a mano, 120 m de tejido tubular relleno de poliuretano el\u00e1stico y transpirable con un toque de plum\u00f3n, revestido en tercipelo que aporta una suavidad y una luminosidad peculiar.<\/p>\n","protected":false},"featured_media":7896,"comment_status":"closed","ping_status":"open","template":"","meta":{"_acf_changed":false},"product_cat":[1534,1533],"product_tag":[],"disenadores":[],"marca":[],"class_list":{"0":"post-15520","1":"product","2":"type-product","3":"status-publish","4":"has-post-thumbnail","6":"product_cat-sofas","7":"product_cat-sofasfurniture","8":"sales-flash-overlay","9":"woocommerce-text-align-center","10":"woocommerce-image-align-center","11":"do-quantity-buttons","12":"wc-has-gallery","14":"first","15":"instock","16":"purchasable","17":"product-type-simple"},"acf":[],"_links":{"self":[{"href":"https:\/\/enlineabarcelona.com\/en\/wp-json\/wp\/v2\/product\/15520","targetHints":{"allow":["GET"]}}],"collection":[{"href":"https:\/\/enlineabarcelona.com\/en\/wp-json\/wp\/v2\/product"}],"about":[{"href":"https:\/\/enlineabarcelona.com\/en\/wp-json\/wp\/v2\/types\/product"}],"replies":[{"embeddable":true,"href":"https:\/\/enlineabarcelona.com\/en\/wp-json\/wp\/v2\/comments?post=15520"}],"wp:featuredmedia":[{"embeddable":true,"href":"https:\/\/enlineabarcelona.com\/en\/wp-json\/wp\/v2\/media\/7896"}],"wp:attachment":[{"href":"https:\/\/enlineabarcelona.com\/en\/wp-json\/wp\/v2\/media?parent=15520"}],"wp:term":[{"taxonomy":"product_cat","embeddable":true,"href":"https:\/\/enlineabarcelona.com\/en\/wp-json\/wp\/v2\/product_cat?post=15520"},{"taxonomy":"product_tag","embeddable":true,"href":"https:\/\/enlineabarcelona.com\/en\/wp-json\/wp\/v2\/product_tag?post=15520"},{"taxonomy":"disenadores","embeddable":true,"href":"https:\/\/enlineabarcelona.com\/en\/wp-json\/wp\/v2\/disenadores?post=15520"},{"taxonomy":"marca","embeddable":true,"href":"https:\/\/enlineabarcelona.com\/en\/wp-json\/wp\/v2\/marca?post=15520"}],"curies":[{"name":"wp","href":"https:\/\/api.w.org\/{rel}","templated":true}]}}