{"id":15539,"date":"2025-10-27T11:16:55","date_gmt":"2025-10-27T11:16:55","guid":{"rendered":"https:\/\/enlineabarcelona.com\/producto\/liago\/"},"modified":"2026-02-16T12:22:38","modified_gmt":"2026-02-16T12:22:38","slug":"liago","status":"publish","type":"product","link":"https:\/\/enlineabarcelona.com\/en\/product\/liago\/","title":{"rendered":"Liago Design Cabinet"},"content":{"rendered":"<p>El dise\u00f1o de la c\u00f3moda Liago est\u00e1 definido por l\u00edneas claras y mayores espesores, estas unidades est\u00e1n inspiradas en el elemento arquitect\u00f3nico veneciano. Los interiores est\u00e1n revestidos con un material antracita mate sedoso, antiara\u00f1azos y antihuellas.<\/p>\n\n<p><\/p>\n","protected":false},"excerpt":{"rendered":"<p>El dise\u00f1o de la c\u00f3moda Liago est\u00e1 definido por l\u00edneas claras y mayores espesores, estas unidades est\u00e1n inspiradas en el elemento arquitect\u00f3nico veneciano. Los interiores est\u00e1n revestidos con un material antracita mate sedoso, antiara\u00f1azos y antihuellas.<\/p>\n","protected":false},"featured_media":8113,"comment_status":"closed","ping_status":"open","template":"","meta":{"_acf_changed":false},"product_cat":[1922],"product_tag":[],"disenadores":[1812],"marca":[146],"class_list":{"0":"post-15539","1":"product","2":"type-product","3":"status-publish","4":"has-post-thumbnail","6":"product_cat-furniture-2","7":"disenadores-piero-lissoni","8":"marca-bb-italia","9":"sales-flash-overlay","10":"woocommerce-text-align-center","11":"woocommerce-image-align-center","12":"do-quantity-buttons","13":"wc-has-gallery","15":"first","16":"instock","17":"purchasable","18":"product-type-simple"},"acf":[],"_links":{"self":[{"href":"https:\/\/enlineabarcelona.com\/en\/wp-json\/wp\/v2\/product\/15539","targetHints":{"allow":["GET"]}}],"collection":[{"href":"https:\/\/enlineabarcelona.com\/en\/wp-json\/wp\/v2\/product"}],"about":[{"href":"https:\/\/enlineabarcelona.com\/en\/wp-json\/wp\/v2\/types\/product"}],"replies":[{"embeddable":true,"href":"https:\/\/enlineabarcelona.com\/en\/wp-json\/wp\/v2\/comments?post=15539"}],"wp:featuredmedia":[{"embeddable":true,"href":"https:\/\/enlineabarcelona.com\/en\/wp-json\/wp\/v2\/media\/8113"}],"wp:attachment":[{"href":"https:\/\/enlineabarcelona.com\/en\/wp-json\/wp\/v2\/media?parent=15539"}],"wp:term":[{"taxonomy":"product_cat","embeddable":true,"href":"https:\/\/enlineabarcelona.com\/en\/wp-json\/wp\/v2\/product_cat?post=15539"},{"taxonomy":"product_tag","embeddable":true,"href":"https:\/\/enlineabarcelona.com\/en\/wp-json\/wp\/v2\/product_tag?post=15539"},{"taxonomy":"disenadores","embeddable":true,"href":"https:\/\/enlineabarcelona.com\/en\/wp-json\/wp\/v2\/disenadores?post=15539"},{"taxonomy":"marca","embeddable":true,"href":"https:\/\/enlineabarcelona.com\/en\/wp-json\/wp\/v2\/marca?post=15539"}],"curies":[{"name":"wp","href":"https:\/\/api.w.org\/{rel}","templated":true}]}}