{"id":15541,"date":"2025-10-27T11:16:55","date_gmt":"2025-10-27T11:16:55","guid":{"rendered":"https:\/\/enlineabarcelona.com\/producto\/erica-19-silla\/"},"modified":"2026-02-16T12:22:39","modified_gmt":"2026-02-16T12:22:39","slug":"erica-19-silla","status":"publish","type":"product","link":"https:\/\/enlineabarcelona.com\/en\/product\/erica-19-silla\/","title":{"rendered":"Erica Chair 2019"},"content":{"rendered":"<div class=\"description\">\n<div id=\"shortdesc\" class=\"detail-shortdesc collapse in\" aria-expanded=\"true\">\n<div class=\"maxi-desc\">Silla en versi\u00f3n apilable, ofrece una combinaci\u00f3n tecnol\u00f3gica de elementos de aluminio extrusionado y inyectado. Su ligereza y dise\u00f1o lo hacen ideal tanto para entornos p\u00fablicos como residenciales, presentando cojines de asiento para una comodidad ergon\u00f3mica conjunta. Distintos acabados de los marcos pintados, combinados con entrelazados de cintas de tejido sint\u00e9tico con alma interna de alta tenacidad dise\u00f1adas para exteriores.<\/div>\n<\/div>\n<\/div>\n\n<p><\/p>\n","protected":false},"excerpt":{"rendered":"<p>Silla en versi\u00f3n apilable, ofrece una combinaci\u00f3n tecnol\u00f3gica de elementos de aluminio extrusionado y inyectado. Su ligereza y dise\u00f1o lo hacen ideal tanto para entornos p\u00fablicos como residenciales, presentando cojines de asiento para una comodidad ergon\u00f3mica conjunta. Distintos acabados de los marcos pintados, combinados con entrelazados de cintas de tejido sint\u00e9tico con alma interna de &#8230; <a title=\"Erica Chair 2019\" class=\"read-more\" href=\"https:\/\/enlineabarcelona.com\/en\/product\/erica-19-silla\/\" aria-label=\"Read more about Erica Chair 2019\">Read more<\/a><\/p>\n","protected":false},"featured_media":8127,"comment_status":"closed","ping_status":"open","template":"","meta":{"_acf_changed":false},"product_cat":[252],"product_tag":[],"disenadores":[1802],"marca":[146],"class_list":{"0":"post-15541","1":"product","2":"type-product","3":"status-publish","4":"has-post-thumbnail","6":"product_cat-outdoor","7":"disenadores-antonio-citterio","8":"marca-bb-italia","9":"sales-flash-overlay","10":"woocommerce-text-align-center","11":"woocommerce-image-align-center","12":"do-quantity-buttons","14":"first","15":"instock","16":"purchasable","17":"product-type-simple"},"acf":[],"_links":{"self":[{"href":"https:\/\/enlineabarcelona.com\/en\/wp-json\/wp\/v2\/product\/15541","targetHints":{"allow":["GET"]}}],"collection":[{"href":"https:\/\/enlineabarcelona.com\/en\/wp-json\/wp\/v2\/product"}],"about":[{"href":"https:\/\/enlineabarcelona.com\/en\/wp-json\/wp\/v2\/types\/product"}],"replies":[{"embeddable":true,"href":"https:\/\/enlineabarcelona.com\/en\/wp-json\/wp\/v2\/comments?post=15541"}],"wp:featuredmedia":[{"embeddable":true,"href":"https:\/\/enlineabarcelona.com\/en\/wp-json\/wp\/v2\/media\/8127"}],"wp:attachment":[{"href":"https:\/\/enlineabarcelona.com\/en\/wp-json\/wp\/v2\/media?parent=15541"}],"wp:term":[{"taxonomy":"product_cat","embeddable":true,"href":"https:\/\/enlineabarcelona.com\/en\/wp-json\/wp\/v2\/product_cat?post=15541"},{"taxonomy":"product_tag","embeddable":true,"href":"https:\/\/enlineabarcelona.com\/en\/wp-json\/wp\/v2\/product_tag?post=15541"},{"taxonomy":"disenadores","embeddable":true,"href":"https:\/\/enlineabarcelona.com\/en\/wp-json\/wp\/v2\/disenadores?post=15541"},{"taxonomy":"marca","embeddable":true,"href":"https:\/\/enlineabarcelona.com\/en\/wp-json\/wp\/v2\/marca?post=15541"}],"curies":[{"name":"wp","href":"https:\/\/api.w.org\/{rel}","templated":true}]}}