{"id":15545,"date":"2025-10-27T11:17:32","date_gmt":"2025-10-27T11:17:32","guid":{"rendered":"https:\/\/enlineabarcelona.com\/producto\/le-bambole-sofa\/"},"modified":"2026-02-16T12:22:38","modified_gmt":"2026-02-16T12:22:38","slug":"le-bambole-sofa","status":"publish","type":"product","link":"https:\/\/enlineabarcelona.com\/en\/product\/le-bambole-sofa\/","title":{"rendered":"Le Bambole Sofa"},"content":{"rendered":"\n<p>Los sof\u00e1s Bibambola y Granbambola forman parte de la serie Le Bambole, dise\u00f1ada originalmente en 1972 y galardonada con el Compasso d\u2019Oro en 1979. \u00cdcono de contemporaneidad atemporal y una de las expresiones m\u00e1s efectivas de la excelencia del Made in Italy, combinando investigaci\u00f3n y creatividad, Le Bambole han brindado una respuesta muy personal al tema de los asientos. Lo que las hace especiales es la aparente ausencia de una estructura portante, la extrema naturalidad de la forma y la combinaci\u00f3n de confort, suavidad y elasticidad que transmite su apariencia. Mientras que la construcci\u00f3n original se basaba en una estructura met\u00e1lica incrustada en poliuretano, ahora los materiales utilizados son de \u00faltima generaci\u00f3n, comenzando con polietileno reciclado que da estructura. Un proyecto sostenible gracias a la elecci\u00f3n de materiales y el m\u00e9todo de construcci\u00f3n, que permite que los componentes de Le Bambole sean completamente desmontables y, por lo tanto, f\u00e1cilmente reciclables.<\/p>\n\n<p><\/p>\n","protected":false},"excerpt":{"rendered":"<p>Los sof\u00e1s Bibambola y Granbambola forman parte de la serie Le Bambole, dise\u00f1ada originalmente en 1972 y galardonada con el Compasso d\u2019Oro en 1979. \u00cdcono de contemporaneidad atemporal y una de las expresiones m\u00e1s efectivas de la excelencia del Made in Italy, combinando investigaci\u00f3n y creatividad, Le Bambole han brindado una respuesta muy personal al &#8230; <a title=\"Le Bambole Sofa\" class=\"read-more\" href=\"https:\/\/enlineabarcelona.com\/en\/product\/le-bambole-sofa\/\" aria-label=\"Read more about Le Bambole Sofa\">Read more<\/a><\/p>\n","protected":false},"featured_media":8799,"comment_status":"closed","ping_status":"open","template":"","meta":{"_acf_changed":false},"product_cat":[1537],"product_tag":[],"disenadores":[1740],"marca":[146],"class_list":{"0":"post-15545","1":"product","2":"type-product","3":"status-publish","4":"has-post-thumbnail","6":"product_cat-furnitureoutletsofas","7":"disenadores-mario-bellini","8":"marca-bb-italia","9":"sales-flash-overlay","10":"woocommerce-text-align-center","11":"woocommerce-image-align-center","12":"do-quantity-buttons","13":"wc-has-gallery","15":"first","16":"instock","17":"purchasable","18":"product-type-simple"},"acf":[],"_links":{"self":[{"href":"https:\/\/enlineabarcelona.com\/en\/wp-json\/wp\/v2\/product\/15545","targetHints":{"allow":["GET"]}}],"collection":[{"href":"https:\/\/enlineabarcelona.com\/en\/wp-json\/wp\/v2\/product"}],"about":[{"href":"https:\/\/enlineabarcelona.com\/en\/wp-json\/wp\/v2\/types\/product"}],"replies":[{"embeddable":true,"href":"https:\/\/enlineabarcelona.com\/en\/wp-json\/wp\/v2\/comments?post=15545"}],"wp:featuredmedia":[{"embeddable":true,"href":"https:\/\/enlineabarcelona.com\/en\/wp-json\/wp\/v2\/media\/8799"}],"wp:attachment":[{"href":"https:\/\/enlineabarcelona.com\/en\/wp-json\/wp\/v2\/media?parent=15545"}],"wp:term":[{"taxonomy":"product_cat","embeddable":true,"href":"https:\/\/enlineabarcelona.com\/en\/wp-json\/wp\/v2\/product_cat?post=15545"},{"taxonomy":"product_tag","embeddable":true,"href":"https:\/\/enlineabarcelona.com\/en\/wp-json\/wp\/v2\/product_tag?post=15545"},{"taxonomy":"disenadores","embeddable":true,"href":"https:\/\/enlineabarcelona.com\/en\/wp-json\/wp\/v2\/disenadores?post=15545"},{"taxonomy":"marca","embeddable":true,"href":"https:\/\/enlineabarcelona.com\/en\/wp-json\/wp\/v2\/marca?post=15545"}],"curies":[{"name":"wp","href":"https:\/\/api.w.org\/{rel}","templated":true}]}}