{"id":15582,"date":"2025-10-27T11:17:47","date_gmt":"2025-10-27T11:17:47","guid":{"rendered":"https:\/\/enlineabarcelona.com\/producto\/trace-cabinet-sc87\/"},"modified":"2025-10-27T17:24:00","modified_gmt":"2025-10-27T17:24:00","slug":"trace-cabinet-sc87","status":"publish","type":"product","link":"https:\/\/enlineabarcelona.com\/en\/product\/trace-cabinet-sc87\/","title":{"rendered":"Trace Cabinet SC87"},"content":{"rendered":"\n<p>La vitrina Trace de Space Copenhagen fusiona una silueta contempor\u00e1nea con una expresi\u00f3n cl\u00e1sica, ofreciendo almacenamiento en un marco elegante para exhibir objetos preciados. El estudio de dise\u00f1o eligi\u00f3 el nombre del gabinete para reflejar el concepto de recolectar peque\u00f1as piezas sentimentales de nuestras vidas\u2026 y las huellas que dejan atr\u00e1s. <\/p>\n","protected":false},"excerpt":{"rendered":"<p>La vitrina Trace de Space Copenhagen fusiona una silueta contempor\u00e1nea con una expresi\u00f3n cl\u00e1sica, ofreciendo almacenamiento en un marco elegante para exhibir objetos preciados. El estudio de dise\u00f1o eligi\u00f3 el nombre del gabinete para reflejar el concepto de recolectar peque\u00f1as piezas sentimentales de nuestras vidas\u2026 y las huellas que dejan atr\u00e1s.<\/p>\n","protected":false},"featured_media":9333,"comment_status":"closed","ping_status":"open","template":"","meta":{"_acf_changed":false},"product_cat":[341,1489],"product_tag":[],"disenadores":[1683],"marca":[],"class_list":{"0":"post-15582","1":"product","2":"type-product","3":"status-publish","4":"has-post-thumbnail","6":"product_cat-furniture","7":"product_cat-shelves","8":"disenadores-space-copenhagen","9":"sales-flash-overlay","10":"woocommerce-text-align-center","11":"woocommerce-image-align-center","12":"do-quantity-buttons","13":"wc-has-gallery","15":"first","16":"instock","17":"purchasable","18":"product-type-simple"},"acf":[],"_links":{"self":[{"href":"https:\/\/enlineabarcelona.com\/en\/wp-json\/wp\/v2\/product\/15582","targetHints":{"allow":["GET"]}}],"collection":[{"href":"https:\/\/enlineabarcelona.com\/en\/wp-json\/wp\/v2\/product"}],"about":[{"href":"https:\/\/enlineabarcelona.com\/en\/wp-json\/wp\/v2\/types\/product"}],"replies":[{"embeddable":true,"href":"https:\/\/enlineabarcelona.com\/en\/wp-json\/wp\/v2\/comments?post=15582"}],"wp:featuredmedia":[{"embeddable":true,"href":"https:\/\/enlineabarcelona.com\/en\/wp-json\/wp\/v2\/media\/9333"}],"wp:attachment":[{"href":"https:\/\/enlineabarcelona.com\/en\/wp-json\/wp\/v2\/media?parent=15582"}],"wp:term":[{"taxonomy":"product_cat","embeddable":true,"href":"https:\/\/enlineabarcelona.com\/en\/wp-json\/wp\/v2\/product_cat?post=15582"},{"taxonomy":"product_tag","embeddable":true,"href":"https:\/\/enlineabarcelona.com\/en\/wp-json\/wp\/v2\/product_tag?post=15582"},{"taxonomy":"disenadores","embeddable":true,"href":"https:\/\/enlineabarcelona.com\/en\/wp-json\/wp\/v2\/disenadores?post=15582"},{"taxonomy":"marca","embeddable":true,"href":"https:\/\/enlineabarcelona.com\/en\/wp-json\/wp\/v2\/marca?post=15582"}],"curies":[{"name":"wp","href":"https:\/\/api.w.org\/{rel}","templated":true}]}}