{"id":15619,"date":"2025-10-27T11:18:39","date_gmt":"2025-10-27T11:18:39","guid":{"rendered":"https:\/\/enlineabarcelona.com\/producto\/perry-sofa\/"},"modified":"2026-02-23T12:46:27","modified_gmt":"2026-02-23T12:46:27","slug":"perry-sofa","status":"publish","type":"product","link":"https:\/\/enlineabarcelona.com\/en\/product\/perry-sofa\/","title":{"rendered":"Perry Sofa"},"content":{"rendered":"\n<p>Perry de la reconocida firma italiana Flexform es un elegante y exclusivo sof\u00e1 de estilo contempor\u00e1neo patentado por el prestigioso dise\u00f1ador Antonio Citterio. La colecci\u00f3n se caracteriza por su innovador sistema de asientos modulares, que permiten m\u00faltiples combinaciones, adapt\u00e1ndose as\u00ed a cualquier tipo de espacio y garantizando el m\u00e1ximo confort gracias a sus elementos acolchados. <\/p>\n\n<p>El sof\u00e1 Perry permite sustituir el apoyabrazos tradicional por un exclusivo elemento contenedor fabricado en cuero, que permite guardar todo tipo de objetos aportando funcionalidad a la colecci\u00f3n. La variedad amplia de m\u00f3dulos disponibles, que incluye elementos de asiento lineales, asim\u00e9tricos, esquineros, pufs, chaiselongues, contenedores de cuero y mesas de centro de madera, permite crear una gran cantidad de configuraciones.<\/p>\n","protected":false},"excerpt":{"rendered":"<p>Perry de la reconocida firma italiana Flexform es un elegante y exclusivo sof\u00e1 de estilo contempor\u00e1neo patentado por el prestigioso dise\u00f1ador Antonio Citterio. La colecci\u00f3n se caracteriza por su innovador sistema de asientos modulares, que permiten m\u00faltiples combinaciones, adapt\u00e1ndose as\u00ed a cualquier tipo de espacio y garantizando el m\u00e1ximo confort gracias a sus elementos acolchados. &#8230; <a title=\"Perry Sofa\" class=\"read-more\" href=\"https:\/\/enlineabarcelona.com\/en\/product\/perry-sofa\/\" aria-label=\"Read more about Perry Sofa\">Read more<\/a><\/p>\n","protected":false},"featured_media":10323,"comment_status":"closed","ping_status":"open","template":"","meta":{"_acf_changed":false},"product_cat":[1922,1914],"product_tag":[],"disenadores":[1802],"marca":[216],"class_list":{"0":"post-15619","1":"product","2":"type-product","3":"status-publish","4":"has-post-thumbnail","6":"product_cat-furniture-2","7":"product_cat-sofas","8":"disenadores-antonio-citterio","9":"marca-flexform","10":"sales-flash-overlay","11":"woocommerce-text-align-center","12":"woocommerce-image-align-center","13":"do-quantity-buttons","14":"wc-has-gallery","16":"first","17":"instock","18":"purchasable","19":"product-type-simple"},"acf":[],"_links":{"self":[{"href":"https:\/\/enlineabarcelona.com\/en\/wp-json\/wp\/v2\/product\/15619","targetHints":{"allow":["GET"]}}],"collection":[{"href":"https:\/\/enlineabarcelona.com\/en\/wp-json\/wp\/v2\/product"}],"about":[{"href":"https:\/\/enlineabarcelona.com\/en\/wp-json\/wp\/v2\/types\/product"}],"replies":[{"embeddable":true,"href":"https:\/\/enlineabarcelona.com\/en\/wp-json\/wp\/v2\/comments?post=15619"}],"wp:featuredmedia":[{"embeddable":true,"href":"https:\/\/enlineabarcelona.com\/en\/wp-json\/wp\/v2\/media\/10323"}],"wp:attachment":[{"href":"https:\/\/enlineabarcelona.com\/en\/wp-json\/wp\/v2\/media?parent=15619"}],"wp:term":[{"taxonomy":"product_cat","embeddable":true,"href":"https:\/\/enlineabarcelona.com\/en\/wp-json\/wp\/v2\/product_cat?post=15619"},{"taxonomy":"product_tag","embeddable":true,"href":"https:\/\/enlineabarcelona.com\/en\/wp-json\/wp\/v2\/product_tag?post=15619"},{"taxonomy":"disenadores","embeddable":true,"href":"https:\/\/enlineabarcelona.com\/en\/wp-json\/wp\/v2\/disenadores?post=15619"},{"taxonomy":"marca","embeddable":true,"href":"https:\/\/enlineabarcelona.com\/en\/wp-json\/wp\/v2\/marca?post=15619"}],"curies":[{"name":"wp","href":"https:\/\/api.w.org\/{rel}","templated":true}]}}